{"id":22094,"date":"2024-04-18T21:19:39","date_gmt":"2024-04-18T18:19:39","guid":{"rendered":"https:\/\/zooprekes24.lt\/produktas\/churu-chicken-shrimp-skanestai-katems\/"},"modified":"2025-09-15T13:40:45","modified_gmt":"2025-09-15T11:40:45","slug":"churu-kana-krevetid-skanestai-katems","status":"publish","type":"product","link":"https:\/\/zooprekes24.lt\/et\/produktas\/churu-chicken-shrimp-skanestai-katems\/","title":{"rendered":"Churu Chicken Shrimp maiuspala kassidele 56 g"},"content":{"rendered":"<h3>Churu Chicken Shrimp maiuspalad sisaldavad palju niiskust, mis on oluline kassi hea tervise jaoks. Need p\u00fcreed ei sisalda teravilja, s\u00e4ilitusaineid ega kunstlikke v\u00e4rvaineid.<\/h3>\n<ul>\n<li>V\u00e4hese kalorsusega.<\/li>\n<li>Kreemjas tekstuur ja soolane maitse.<\/li>\n<li><a href=\"https:\/\/zooprekes24.lt\/et\/kategorija\/prekes-katems\/kulatoit\/pruunita-toit\/\" target=\"_blank\" rel=\"noopener\">Ilma teraviljata<\/a>, s\u00e4ilitusained ja kunstlikud v\u00e4rvained.<\/li>\n<li>Valmistatud 100% farmi kanadest.<\/li>\n<li>Interaktiivne viis oma lemmikloomaga aega veeta.<\/li>\n<li><a href=\"https:\/\/www.inabafoods.com\" target=\"_blank\" rel=\"noopener\">H\u00f5rgutised sisaldavad palju niiskust, mis on oluline kassi hea tervise ja heaolu jaoks.<\/a>.<\/li>\n<\/ul>","protected":false},"excerpt":{"rendered":"<p>Churu Chicken Shrimp skan\u0117stuose yra daug dr\u0117gm\u0117s, kuri yra b\u016btina gerai ka\u010di\u0173 sveikatai. Taip pat \u0161i\u0173 tyreli\u0173 sud\u0117tyje n\u0117ra gr\u016bd\u0173, konservant\u0173 ir dirbtini\u0173 da\u017eikli\u0173. Ma\u017eai kalorij\u0173. Kremin\u0117 tekst\u016bra ir pikanti\u0161kas skonis. Be gr\u016bd\u0173, konservant\u0173 ir dirbtini\u0173 da\u017eikli\u0173. Pagaminta i\u0161 100% \u016bkyje u\u017eaugintos vi\u0161tienos. Interaktyvus b\u016bdas praleisti laik\u0105 kartu su augintiniu. Skan\u0117st\u0173 sud\u0117tyje daug dr\u0117gm\u0117s, kuri&#8230;<\/p>","protected":false},"featured_media":18940,"comment_status":"closed","ping_status":"closed","template":"","meta":{"_acf_changed":false,"slim_seo":{"title":"Churu Chicken Shrimp skan\u0117stai kat\u0117ms 56 g - Zooprekes24","description":"Churu Chicken Shrimp maiuspalad sisaldavad palju niiskust, mis on oluline kassi hea tervise jaoks. Samuti ei sisalda nad teravilja, s\u00e4ilitusaineid ega kunstlikke v\u00e4rvaineid."},"iawp_total_views":116},"product_brand":[],"product_cat":[9027,9239,72,83,25,9018],"product_tag":[2008,2032],"class_list":{"0":"post-22094","1":"product","2":"type-product","3":"status-publish","4":"has-post-thumbnail","6":"product_cat-begrudis-maistas-kaciu-maistas","7":"product_cat-churu-katems","8":"product_cat-kaciu-maistas","9":"product_cat-kaciu-prekiu-gamintojai","10":"product_cat-katems","11":"product_cat-skanestai","12":"product_tag-kaciu-skanestai","13":"product_tag-skystas-kaciu-skanestas","14":"pa_pasaro-sudetis-juros-gerybes","15":"pa_pasaro-sudetis-vistiena","16":"pa_prekiu-zenklai-churu","18":"first","19":"instock","20":"taxable","21":"shipping-taxable","22":"purchasable","23":"product-type-simple"},"acf":[],"_links":{"self":[{"href":"https:\/\/zooprekes24.lt\/et\/wp-json\/wp\/v2\/product\/22094","targetHints":{"allow":["GET"]}}],"collection":[{"href":"https:\/\/zooprekes24.lt\/et\/wp-json\/wp\/v2\/product"}],"about":[{"href":"https:\/\/zooprekes24.lt\/et\/wp-json\/wp\/v2\/types\/product"}],"replies":[{"embeddable":true,"href":"https:\/\/zooprekes24.lt\/et\/wp-json\/wp\/v2\/comments?post=22094"}],"wp:featuredmedia":[{"embeddable":true,"href":"https:\/\/zooprekes24.lt\/et\/wp-json\/wp\/v2\/media\/18940"}],"wp:attachment":[{"href":"https:\/\/zooprekes24.lt\/et\/wp-json\/wp\/v2\/media?parent=22094"}],"wp:term":[{"taxonomy":"product_brand","embeddable":true,"href":"https:\/\/zooprekes24.lt\/et\/wp-json\/wp\/v2\/product_brand?post=22094"},{"taxonomy":"product_cat","embeddable":true,"href":"https:\/\/zooprekes24.lt\/et\/wp-json\/wp\/v2\/product_cat?post=22094"},{"taxonomy":"product_tag","embeddable":true,"href":"https:\/\/zooprekes24.lt\/et\/wp-json\/wp\/v2\/product_tag?post=22094"}],"curies":[{"name":"wp","href":"https:\/\/api.w.org\/{rel}","templated":true}]}}