{"id":22092,"date":"2024-04-18T21:19:39","date_gmt":"2024-04-18T18:19:39","guid":{"rendered":"https:\/\/zooprekes24.lt\/produktas\/trixie-svieciantis-erkiu-traukiklis\/"},"modified":"2025-07-29T09:26:20","modified_gmt":"2025-07-29T07:26:20","slug":"trixie-erkiu-traukiklis-plastikinis","status":"publish","type":"product","link":"https:\/\/zooprekes24.lt\/et\/produktas\/trixie-erkiu-traukiklis-plastikinis\/","title":{"rendered":"Trixie erki\u0173 traukiklis, plastikinis"},"content":{"rendered":"<h3>Trixie erki\u0173 traukiklis &#8211; pagalbininkas, kuris pad\u0117s lengvai ir be papildomo streso pa\u0161alinti \u012fsisiurbusius parazitus i\u0161 \u0161un\u0173 ar ka\u010di\u0173 odos.<\/h3>\n<ul>\n<li>Savyb\u0117s: Ilgis &#8211; 11 cm. Yra \u012fvairi\u0173 spalv\u0173 (spalvos pasirinkti negalima).<\/li>\n<li>Lihtne kasutada. Valmistatud kergest ja vastupidavast plastikust, seda on lihtne haarata ja kasutada.<\/li>\n<li>Puukide eemaldamiseks. Spetsiaalne <a href=\"https:\/\/www.trixie.de\/en\/dog\/health-care-hygiene-vet\/parasite-treatment\/tick-remover-pen-with-led-light-1001101575-1001101534\" target=\"_blank\" rel=\"noopener\">Trixie<\/a> t\u00f5mbeseade on m\u00f5eldud puugi lihtsaks ja mugavaks v\u00e4ljat\u00f5mbamiseks. Takistab ohtlike haigustekitajate \u00fclekandumist.<\/li>\n<\/ul>","protected":false},"excerpt":{"rendered":"<p>Trixie erki\u0173 traukiklis &#8211; pagalbininkas, kuris pad\u0117s lengvai ir be papildomo streso pa\u0161alinti \u012fsisiurbusius parazitus i\u0161 \u0161un\u0173 ar ka\u010di\u0173 odos. Savyb\u0117s: Ilgis &#8211; 11 cm. Yra \u012fvairi\u0173 spalv\u0173 (spalvos pasirinkti negalima). Lengvas naudojime. Pagamintas i\u0161 lengvo ir tvirto plastiko, tod\u0117l patogu suimti ir naudoti. Skirtas erk\u0117ms \u0161alinti. Specialius Trixie traukiklis skirtas lengvam ir patogiam erki\u0173&#8230;<\/p>","protected":false},"featured_media":35200,"comment_status":"closed","ping_status":"closed","template":"","meta":{"_acf_changed":false,"slim_seo":{"title":"Trixie erki\u0173 traukiklis, plastikinis - Zooprekes24","description":"Trixie erki\u0173 traukiklis - pagalbininkas, kuris pad\u0117s lengvai ir be papildomo streso pa\u0161alinti \u012fsisiurbusius parazitus i\u0161 \u0161un\u0173 ar ka\u010di\u0173 odos. Savyb\u0117s: Ilgis - 11"},"iawp_total_views":206},"product_brand":[],"product_cat":[83,25,104,32,9025,9026,8999,31,9222,9219],"product_tag":[],"class_list":{"0":"post-22092","1":"product","2":"type-product","3":"status-publish","4":"has-post-thumbnail","6":"product_cat-kaciu-prekiu-gamintojai","7":"product_cat-katems","8":"product_cat-kitos-kaciu-prekes","9":"product_cat-kitos-sunu-prekes","10":"product_cat-prieziuros-priemones-katems","11":"product_cat-prieziuros-priemones-sunims","12":"product_cat-sunims","13":"product_cat-sunu-prekiu-gamintojai","14":"product_cat-trixie-katems","15":"product_cat-trixie-sunims","16":"pa_prekiu-zenklai-trixie","18":"first","19":"instock","20":"featured","21":"taxable","22":"shipping-taxable","23":"purchasable","24":"product-type-simple"},"acf":[],"_links":{"self":[{"href":"https:\/\/zooprekes24.lt\/et\/wp-json\/wp\/v2\/product\/22092","targetHints":{"allow":["GET"]}}],"collection":[{"href":"https:\/\/zooprekes24.lt\/et\/wp-json\/wp\/v2\/product"}],"about":[{"href":"https:\/\/zooprekes24.lt\/et\/wp-json\/wp\/v2\/types\/product"}],"replies":[{"embeddable":true,"href":"https:\/\/zooprekes24.lt\/et\/wp-json\/wp\/v2\/comments?post=22092"}],"wp:featuredmedia":[{"embeddable":true,"href":"https:\/\/zooprekes24.lt\/et\/wp-json\/wp\/v2\/media\/35200"}],"wp:attachment":[{"href":"https:\/\/zooprekes24.lt\/et\/wp-json\/wp\/v2\/media?parent=22092"}],"wp:term":[{"taxonomy":"product_brand","embeddable":true,"href":"https:\/\/zooprekes24.lt\/et\/wp-json\/wp\/v2\/product_brand?post=22092"},{"taxonomy":"product_cat","embeddable":true,"href":"https:\/\/zooprekes24.lt\/et\/wp-json\/wp\/v2\/product_cat?post=22092"},{"taxonomy":"product_tag","embeddable":true,"href":"https:\/\/zooprekes24.lt\/et\/wp-json\/wp\/v2\/product_tag?post=22092"}],"curies":[{"name":"wp","href":"https:\/\/api.w.org\/{rel}","templated":true}]}}