{"id":22058,"date":"2024-04-18T21:19:18","date_gmt":"2024-04-18T18:19:18","guid":{"rendered":"https:\/\/zooprekes24.lt\/produktas\/anju-beaute-zirkles-nagams-l\/"},"modified":"2024-09-10T16:06:09","modified_gmt":"2024-09-10T13:06:09","slug":"anju-beaute-zirkles-nagams-l","status":"publish","type":"product","link":"https:\/\/zooprekes24.lt\/et\/produktas\/anju-beaute-zirkles-nagams-l\/","title":{"rendered":"Anju Beaut\u00e9 k\u00fc\u00fcnek\u00e4\u00e4rid, L"},"content":{"rendered":"<h3>Anju Beaut\u00e9 Paris'i laboratoorium on kosmetoloogia viimaste saavutuste p\u00f5hjal v\u00e4lja t\u00f6\u00f6tanud eksklusiivse valiku k\u00f5rgekvaliteedilisi lemmikloomade hooldustooteid. Anju Beaut\u00e9 k\u00fc\u00fcnel\u00f5ikurid on iga lemmikloomaomaniku hoolduskotis h\u00e4davajalik.<\/h3>\n<ul>\n<li>Made in France \ud83c\uddeb\ud83c\uddf7<\/li>\n<li>K\u00e4\u00e4ridel on spetsiaalne lukk, et neid saaks ohutult \u00fchest kohast teise liigutada.<\/li>\n<li>Kompaktsed ja hoolikalt valmistatud k\u00e4\u00e4rid sobivad keskmiste ja suurte t\u00f5ugude k\u00fc\u00fcnte l\u00f5ikamiseks.<\/li>\n<li>T\u00e4nu hoolikalt valatud teradele l\u00f5ikavad k\u00e4\u00e4rid mitte ainult t\u00e4pselt, vaid tagavad ka maksimaalse teravuse.<\/li>\n<li>K\u00e4\u00e4ride otsad on kumerad ja seega spetsiaalselt kohandatud looma kumerale k\u00fc\u00fcnele, nii et nende k\u00e4\u00e4ridega saab k\u00fc\u00fcsi l\u00f5igata professionaalselt ja lihtsalt.<\/li>\n<li>Terad on valmistatud rauast, mis muudab need \u00e4\u00e4rmiselt vastupidavaks ja kvaliteetseks. Paksema naela l\u00f5ikamisel ei pea te muretsema terade v\u00e4\u00e4ndumise v\u00f5i muu kahjustumise p\u00e4rast.<\/li>\n<li><a href=\"https:\/\/www.youtube.com\/watch?v=AD0U3KNTpSA\" target=\"_blank\" rel=\"noopener\">Anju Beaut\u00e9<\/a> K\u00e4\u00e4ride k\u00e4epidemed on kaetud spetsiaalse libisemiskindla kattega, nii et isegi kui teie lemmikloom vingerdab, v\u00f5ite olla kindel, et k\u00e4\u00e4rid ei libise teie k\u00e4est v\u00e4lja ja ei vigasta teie lemmiklooma v\u00f5i teid ennast.<\/li>\n<\/ul>","protected":false},"excerpt":{"rendered":"<p>Remdamiesi naujausiais kosmetologijos pasiekimais Anju Beaut\u00e9 Paris laboratorija suk\u016br\u0117 i\u0161skirtin\u012f auk\u0161\u010diausios kokyb\u0117s augintini\u0173 prie\u017ei\u016bros produkt\u0173 asortiment\u0105. Anju Beaut\u00e9 \u017eirkl\u0117s nagams\u00a0&#8211; priemon\u0117, kuri turi b\u016bti kiekvieno gyv\u016bno augintojo prie\u017ei\u016bros krep\u0161elyje. Pagaminta Pranc\u016bzijoje \ud83c\uddeb\ud83c\uddf7 \u017dirkl\u0117s turi special\u0173 u\u017erakt\u0105, tod\u0117l saugiai gali b\u016bti perne\u0161amos i\u0161 vienos vietos \u012f kit\u0105. \u017dirkl\u0117s kompakti\u0161kos ir kruop\u0161\u010diai pagamintos, pritaikytos kirpti vidutini\u0173 ir&#8230;<\/p>","protected":false},"featured_media":18833,"comment_status":"closed","ping_status":"closed","template":"","meta":{"_acf_changed":false,"slim_seo":{"title":"Anju Beaut\u00e9 \u017eirkl\u0117s nagams, L - Zooprekes24","description":"Anju Beaut\u00e9 Paris'i laboratoorium on kosmetoloogia uusimatele edusammudele tuginedes v\u00e4lja t\u00f6\u00f6tanud eksklusiivse valiku k\u00f5rgekvaliteedilisi lemmikloomade hooldustooteid."},"iawp_total_views":21},"product_brand":[],"product_cat":[9046,32,9026,8999,31],"product_tag":[],"class_list":{"0":"post-22058","1":"product","2":"type-product","3":"status-publish","4":"has-post-thumbnail","6":"product_cat-anju-beaute-sunims","7":"product_cat-kitos-sunu-prekes","8":"product_cat-prieziuros-priemones-sunims","9":"product_cat-sunims","10":"product_cat-sunu-prekiu-gamintojai","11":"pa_prekiu-zenklai-anju-beaute","12":"pa_suns-amzius-jauniems","13":"pa_suns-amzius-senjorams","14":"pa_suns-amzius-suaugusiems","15":"pa_suns-amzius-visiems-amziams","16":"pa_veisles-dydis-didelems-veislems","17":"pa_veisles-dydis-vidutinems-veislems","19":"first","20":"instock","21":"featured","22":"taxable","23":"shipping-taxable","24":"purchasable","25":"product-type-simple"},"acf":[],"_links":{"self":[{"href":"https:\/\/zooprekes24.lt\/et\/wp-json\/wp\/v2\/product\/22058","targetHints":{"allow":["GET"]}}],"collection":[{"href":"https:\/\/zooprekes24.lt\/et\/wp-json\/wp\/v2\/product"}],"about":[{"href":"https:\/\/zooprekes24.lt\/et\/wp-json\/wp\/v2\/types\/product"}],"replies":[{"embeddable":true,"href":"https:\/\/zooprekes24.lt\/et\/wp-json\/wp\/v2\/comments?post=22058"}],"wp:featuredmedia":[{"embeddable":true,"href":"https:\/\/zooprekes24.lt\/et\/wp-json\/wp\/v2\/media\/18833"}],"wp:attachment":[{"href":"https:\/\/zooprekes24.lt\/et\/wp-json\/wp\/v2\/media?parent=22058"}],"wp:term":[{"taxonomy":"product_brand","embeddable":true,"href":"https:\/\/zooprekes24.lt\/et\/wp-json\/wp\/v2\/product_brand?post=22058"},{"taxonomy":"product_cat","embeddable":true,"href":"https:\/\/zooprekes24.lt\/et\/wp-json\/wp\/v2\/product_cat?post=22058"},{"taxonomy":"product_tag","embeddable":true,"href":"https:\/\/zooprekes24.lt\/et\/wp-json\/wp\/v2\/product_tag?post=22058"}],"curies":[{"name":"wp","href":"https:\/\/api.w.org\/{rel}","templated":true}]}}