{"id":22057,"date":"2024-04-18T21:19:18","date_gmt":"2024-04-18T18:19:18","guid":{"rendered":"https:\/\/zooprekes24.lt\/produktas\/anju-beaute-zirkles-nagams-s\/"},"modified":"2024-09-10T16:07:54","modified_gmt":"2024-09-10T13:07:54","slug":"anju-beaute-kuunekaarid-s","status":"publish","type":"product","link":"https:\/\/zooprekes24.lt\/et\/produktas\/anju-beaute-zirkles-nagams-s\/","title":{"rendered":"Anju Beaut\u00e9 k\u00fc\u00fcnek\u00e4\u00e4rid, S"},"content":{"rendered":"<h3>Anju Beaut\u00e9 Paris'i laboratoorium on kosmetoloogia viimaste saavutuste p\u00f5hjal v\u00e4lja t\u00f6\u00f6tanud eksklusiivse valiku k\u00f5rgekvaliteedilisi lemmikloomade hooldustooteid. Anju Beaut\u00e9 k\u00fc\u00fcnel\u00f5ikurid on iga lemmikloomaomaniku hoolduskotis h\u00e4davajalik.<\/h3>\n<ul>\n<li>Made in France \ud83c\uddeb\ud83c\uddf7<\/li>\n<li>K\u00e4\u00e4ride terad on valmistatud rauast, mis muudab need \u00e4\u00e4rmiselt vastupidavaks ja kvaliteetseks.<\/li>\n<li>Nende k\u00e4\u00e4ride k\u00e4epidemel on v\u00e4ljaulatuv osa, mis on v\u00e4ga mugav s\u00f5rme toetamiseks k\u00fc\u00fcnte l\u00f5ikamisel.<\/li>\n<li>K\u00e4\u00e4rid on v\u00e4ga kompaktsed ja hoolikalt valmistatud v\u00e4ikeste koerat\u00f5ugude ja kasside k\u00fc\u00fcnte l\u00f5ikamiseks.<\/li>\n<li>T\u00e4nu hoolikalt valatud teradele l\u00f5ikavad k\u00e4\u00e4rid mitte ainult t\u00e4pselt, vaid tagavad ka maksimaalse teravuse.<\/li>\n<li>K\u00e4\u00e4ride otsad on kumerad ja seega spetsiaalselt kohandatud looma kumerale k\u00fc\u00fcnele, nii et nende k\u00e4\u00e4ridega saab k\u00fc\u00fcsi l\u00f5igata professionaalselt ja lihtsalt.<\/li>\n<li><a href=\"https:\/\/www.youtube.com\/watch?v=AD0U3KNTpSA\" target=\"_blank\" rel=\"noopener\">Anju Beaut\u00e9<\/a> K\u00e4\u00e4ride k\u00e4epidemed on kaetud spetsiaalse libisemiskindla kattega, nii et isegi kui teie lemmikloom vingerdab, v\u00f5ite olla kindel, et k\u00e4\u00e4rid ei libise teie k\u00e4est v\u00e4lja ja ei vigasta teie lemmiklooma v\u00f5i teid ennast.<\/li>\n<\/ul>","protected":false},"excerpt":{"rendered":"<p>Remdamiesi naujausiais kosmetologijos pasiekimais Anju Beaut\u00e9 Paris laboratorija suk\u016br\u0117 i\u0161skirtin\u012f auk\u0161\u010diausios kokyb\u0117s augintini\u0173 prie\u017ei\u016bros produkt\u0173 asortiment\u0105. Anju Beaut\u00e9 \u017eirkl\u0117s nagams\u00a0&#8211; priemon\u0117, kuri turi b\u016bti kiekvieno gyv\u016bno augintojo prie\u017ei\u016bros krep\u0161elyje. Pagaminta Pranc\u016bzijoje \ud83c\uddeb\ud83c\uddf7 \u017dirklu\u010di\u0173 gele\u017et\u0117s pagamintos i\u0161 gele\u017eies, tod\u0117l yra itin tvirtos ir kokybi\u0161kos. \u0160i\u0173 \u017eirkli\u0173 ranken\u0117l\u0117 turi atsiki\u0161usi\u0105 dal\u012f, kuri labai patogi pir\u0161to atramai kerpant&#8230;<\/p>","protected":false},"featured_media":18832,"comment_status":"closed","ping_status":"closed","template":"","meta":{"_acf_changed":false,"slim_seo":{"title":"Anju Beaut\u00e9 \u017eirkl\u0117s nagams, S - Zooprekes24","description":"Anju Beaut\u00e9 Paris'i laboratoorium on kosmetoloogia uusimatele edusammudele tuginedes v\u00e4lja t\u00f6\u00f6tanud eksklusiivse valiku k\u00f5rgekvaliteedilisi lemmikloomade hooldustooteid."},"iawp_total_views":71},"product_brand":[],"product_cat":[9045,9046,83,25,104,32,9026,9025,8999,31],"product_tag":[],"class_list":{"0":"post-22057","1":"product","2":"type-product","3":"status-publish","4":"has-post-thumbnail","6":"product_cat-anju-beaute-katems","7":"product_cat-anju-beaute-sunims","8":"product_cat-kaciu-prekiu-gamintojai","9":"product_cat-katems","10":"product_cat-kitos-kaciu-prekes","11":"product_cat-kitos-sunu-prekes","12":"product_cat-prieziuros-priemones-sunims","13":"product_cat-prieziuros-priemones-katems","14":"product_cat-sunims","15":"product_cat-sunu-prekiu-gamintojai","16":"pa_prekiu-zenklai-anju-beaute","17":"pa_suns-amzius-jauniems","18":"pa_suns-amzius-senjorams","19":"pa_suns-amzius-suaugusiems","20":"pa_suns-amzius-visiems-amziams","21":"pa_veisles-dydis-mazoms-veislems","23":"first","24":"instock","25":"featured","26":"taxable","27":"shipping-taxable","28":"purchasable","29":"product-type-simple"},"acf":[],"_links":{"self":[{"href":"https:\/\/zooprekes24.lt\/et\/wp-json\/wp\/v2\/product\/22057","targetHints":{"allow":["GET"]}}],"collection":[{"href":"https:\/\/zooprekes24.lt\/et\/wp-json\/wp\/v2\/product"}],"about":[{"href":"https:\/\/zooprekes24.lt\/et\/wp-json\/wp\/v2\/types\/product"}],"replies":[{"embeddable":true,"href":"https:\/\/zooprekes24.lt\/et\/wp-json\/wp\/v2\/comments?post=22057"}],"wp:featuredmedia":[{"embeddable":true,"href":"https:\/\/zooprekes24.lt\/et\/wp-json\/wp\/v2\/media\/18832"}],"wp:attachment":[{"href":"https:\/\/zooprekes24.lt\/et\/wp-json\/wp\/v2\/media?parent=22057"}],"wp:term":[{"taxonomy":"product_brand","embeddable":true,"href":"https:\/\/zooprekes24.lt\/et\/wp-json\/wp\/v2\/product_brand?post=22057"},{"taxonomy":"product_cat","embeddable":true,"href":"https:\/\/zooprekes24.lt\/et\/wp-json\/wp\/v2\/product_cat?post=22057"},{"taxonomy":"product_tag","embeddable":true,"href":"https:\/\/zooprekes24.lt\/et\/wp-json\/wp\/v2\/product_tag?post=22057"}],"curies":[{"name":"wp","href":"https:\/\/api.w.org\/{rel}","templated":true}]}}