{"id":22056,"date":"2024-04-18T21:19:18","date_gmt":"2024-04-18T18:19:18","guid":{"rendered":"https:\/\/zooprekes24.lt\/produktas\/anju-beaute-gyvunu-prieziuros-serveteles\/"},"modified":"2024-06-19T14:45:06","modified_gmt":"2024-06-19T11:45:06","slug":"anju-beaute-loomahoolduse-salvratikud","status":"publish","type":"product","link":"https:\/\/zooprekes24.lt\/et\/produktas\/anju-beaute-gyvunu-prieziuros-serveteles\/","title":{"rendered":"Anju Beaut\u00e9 loomade hoolduspuhastuslapid"},"content":{"rendered":"<h3>Anju Beaut\u00e9 Paris'i laboratoorium on kosmetoloogia viimaste edusammude p\u00f5hjal v\u00e4lja t\u00f6\u00f6tanud eksklusiivse valiku k\u00f5rgekvaliteedilisi lemmikloomahooldustooteid. Anju Beaut\u00e9 niisked salvr\u00e4tikud on iga lemmikloomaomaniku hoolduskotis h\u00e4davajalik. Sobivad kasutamiseks kodus, kuid on alati kasulikud ka reisil v\u00f5i n\u00e4itustel.<\/h3>\n<ul>\n<li>Pakis 25 salvr\u00e4tikut.<\/li>\n<li>Made in France \ud83c\uddeb\ud83c\uddf7<\/li>\n<li>Meeldiva aloe vera l\u00f5hnaga sobib ideaalselt igap\u00e4evaseks kasutamiseks ja annab puhta tunde.<\/li>\n<li>Niisked salvr\u00e4tikud on biolagunevad ja komposteeritavad, mis muudab need keskkonna- ja keskkonnas\u00f5bralikuks.<\/li>\n<li><a href=\"https:\/\/www.youtube.com\/watch?v=AD0U3KNTpSA\" target=\"_blank\" rel=\"noopener\">Anju Beaut\u00e9<\/a> lemmikloomahoolduspaberid, mis sobivad koerte ja kasside silmade, k\u00f5rvade, k\u00e4ppade v\u00f5i karvkatte puhastamiseks.<\/li>\n<li>Ideaalne talvel, et eemaldada \u00f5rnalt mustus mantelt v\u00f5i jalgadelt p\u00e4rast jalutusk\u00e4ike \u00f5ues.<\/li>\n<li>Spetsiaalselt v\u00e4ljat\u00f6\u00f6tatud salvr\u00e4tikud ei kasuta alkoholi, parabeene ega v\u00e4rvaineid, mist\u00f5ttu sobivad need ka tundlikele lemmikloomadele.<\/li>\n<li>Puhastuslapid on mitmeotstarbelised ja neid saab kasutada kodus, reisidel, jalutusk\u00e4ikudel v\u00f5i k\u00f5ikjal mujal, kus teil v\u00f5ib tekkida vajadus m\u00e4\u00e4rdunud lemmiklooma puhastamiseks.<\/li>\n<\/ul>","protected":false},"excerpt":{"rendered":"<p>Remdamiesi naujausiais kosmetologijos pasiekimais Anju Beaut\u00e9 Paris laboratorija suk\u016br\u0117 i\u0161skirtin\u012f auk\u0161\u010diausios kokyb\u0117s augintini\u0173 prie\u017ei\u016bros produkt\u0173 asortiment\u0105. Anju Beaut\u00e9 dr\u0117gnos servet\u0117l\u0117s &#8211; priemon\u0117, kuri turi b\u016bti kiekvieno gyv\u016bno augintojo prie\u017ei\u016bros krep\u0161elyje. Tinkamos naudoti namuose, bet taip pat visuomet pravers kelion\u0117se ar parodose. Pakuot\u0117je &#8211; 25 servet\u0117l\u0117s. Pagaminta Pranc\u016bzijoje \ud83c\uddeb\ud83c\uddf7 Malonaus alavijo kvapo, kuris puikiai tiks kasdieniniam&#8230;<\/p>","protected":false},"featured_media":18792,"comment_status":"closed","ping_status":"closed","template":"","meta":{"_acf_changed":false,"slim_seo":{"title":"Anju Beaut\u00e9 gyv\u016bn\u0173 prie\u017ei\u016bros servet\u0117l\u0117s - Zooprekes24","description":"Anju Beaut\u00e9 Paris'i laboratoorium on kosmetoloogia uusimatele edusammudele tuginedes v\u00e4lja t\u00f6\u00f6tanud eksklusiivse valiku k\u00f5rgekvaliteedilisi lemmikloomade hooldustooteid."},"iawp_total_views":86},"product_brand":[],"product_cat":[9045,9046,9005,83,25,104,32,9025,9026,8999,31],"product_tag":[],"class_list":{"0":"post-22056","1":"product","2":"type-product","3":"status-publish","4":"has-post-thumbnail","6":"product_cat-anju-beaute-katems","7":"product_cat-anju-beaute-sunims","8":"product_cat-higienos-ir-valymo-priemones","9":"product_cat-kaciu-prekiu-gamintojai","10":"product_cat-katems","11":"product_cat-kitos-kaciu-prekes","12":"product_cat-kitos-sunu-prekes","13":"product_cat-prieziuros-priemones-katems","14":"product_cat-prieziuros-priemones-sunims","15":"product_cat-sunims","16":"product_cat-sunu-prekiu-gamintojai","17":"pa_prekiu-zenklai-anju-beaute","18":"pa_suns-amzius-jauniems","19":"pa_suns-amzius-senjorams","20":"pa_suns-amzius-suaugusiems","21":"pa_suns-amzius-visiems-amziams","22":"pa_veisles-dydis-didelems-veislems","23":"pa_veisles-dydis-mazoms-veislems","24":"pa_veisles-dydis-vidutinems-veislems","25":"pa_veisles-dydis-visu-dydziu-veislems","27":"first","28":"instock","29":"featured","30":"taxable","31":"shipping-taxable","32":"purchasable","33":"product-type-simple"},"acf":[],"_links":{"self":[{"href":"https:\/\/zooprekes24.lt\/et\/wp-json\/wp\/v2\/product\/22056","targetHints":{"allow":["GET"]}}],"collection":[{"href":"https:\/\/zooprekes24.lt\/et\/wp-json\/wp\/v2\/product"}],"about":[{"href":"https:\/\/zooprekes24.lt\/et\/wp-json\/wp\/v2\/types\/product"}],"replies":[{"embeddable":true,"href":"https:\/\/zooprekes24.lt\/et\/wp-json\/wp\/v2\/comments?post=22056"}],"wp:featuredmedia":[{"embeddable":true,"href":"https:\/\/zooprekes24.lt\/et\/wp-json\/wp\/v2\/media\/18792"}],"wp:attachment":[{"href":"https:\/\/zooprekes24.lt\/et\/wp-json\/wp\/v2\/media?parent=22056"}],"wp:term":[{"taxonomy":"product_brand","embeddable":true,"href":"https:\/\/zooprekes24.lt\/et\/wp-json\/wp\/v2\/product_brand?post=22056"},{"taxonomy":"product_cat","embeddable":true,"href":"https:\/\/zooprekes24.lt\/et\/wp-json\/wp\/v2\/product_cat?post=22056"},{"taxonomy":"product_tag","embeddable":true,"href":"https:\/\/zooprekes24.lt\/et\/wp-json\/wp\/v2\/product_tag?post=22056"}],"curies":[{"name":"wp","href":"https:\/\/api.w.org\/{rel}","templated":true}]}}