{"id":22054,"date":"2024-04-18T21:19:18","date_gmt":"2024-04-18T18:19:18","guid":{"rendered":"https:\/\/zooprekes24.lt\/produktas\/anju-beaute-ebene\/"},"modified":"2024-09-10T16:05:24","modified_gmt":"2024-09-10T13:05:24","slug":"anju-beaute-ebene","status":"publish","type":"product","link":"https:\/\/zooprekes24.lt\/et\/produktas\/anju-beaute-ebene\/","title":{"rendered":"Anju Beaut\u00e9 Ebene Toniseeriv \u0161ampoon 250 ml"},"content":{"rendered":"<h3>Anju Beaut\u00e9 Paris'i laboratoorium on kosmetoloogia uusimatele edusammudele tuginedes v\u00e4lja t\u00f6\u00f6tanud eksklusiivse valiku tippkvaliteediga iluhooldustooteid. Anju Beaut\u00e9 Ebene koostisained on taimep\u00f5hised, keskkonnas\u00f5bralikud ja dermatoloogiliselt sobivad ka k\u00f5ige tundlikumatele lemmikloomadele.<\/h3>\n<ul>\n<li>Made in France \ud83c\uddeb\ud83c\uddf7<\/li>\n<li>Koostises olev taimeekstrakt pakub UV-kaitset, mis takistab karvkatte roostetamist.<\/li>\n<li><a href=\"https:\/\/www.youtube.com\/watch?v=AD0U3KNTpSA\" target=\"_blank\" rel=\"noopener\">Anju Beaut\u00e9 Ebene<\/a> Pro-vitamiinid mitte ainult ei suurenda karvade l\u00e4iget, vaid ka niisutavad lemmiklooma karvkatte.<\/li>\n<li>Tooniv kumulatiivne efekt - regulaarsel kasutamisel p\u00fcsib karvav\u00e4rvi intensiivsus kauem.<\/li>\n<li>V\u00e4rvi tugevdavad amfoteerilised niisutavad osakesed, mis tungivad juukse sisse ja aitavad v\u00e4rvimolekulid s\u00e4ilitada pesemise ja kuivatamise ajal.<\/li>\n<li>Professionaalne Prantsuse kosmeetikatoodete sari mustadele v\u00f5i v\u00e4ga tumedat v\u00e4rvi koertele ja kassidele. Sobib ka mitmev\u00e4rvilistele koertele, mille v\u00e4rvus on valdavalt must.<\/li>\n<li>Real\u00a0<a href=\"https:\/\/zooprekes24.lt\/et\/?s=anju&amp;post_type=product\" target=\"_blank\" rel=\"noopener\">iluhoolduse \u0161ampoon<\/a>sisaldab Aloe Vera taime aktiivset ekstrakti, mis lisaks orgaanilistele hapetele pakub ka antioks\u00fcdantseid omadusi, mis helendavad ja elavdavad musta v\u00f5i peaaegu musta mantli l\u00e4iget.<\/li>\n<\/ul>","protected":false},"excerpt":{"rendered":"<p>Remdamiesi naujausiais kosmetologijos pasiekimais Anju Beaut\u00e9 Paris laboratorija suk\u016br\u0117 i\u0161skirtin\u012f auk\u0161\u010diausios kokyb\u0117s gro\u017eio prie\u017ei\u016bros produkt\u0173 asortiment\u0105. Anju Beaut\u00e9 Ebene sud\u0117tyje esantys ingredientai yra augalin\u0117s kilm\u0117s, draugi\u0161ki aplinkai ir dermatologi\u0161kai tinkami net ir patiems jautriausiems augintiniams. Pagaminta Pranc\u016bzijoje \ud83c\uddeb\ud83c\uddf7 Sud\u0117tyje esantis augalo ekstraktas\u00a0suteikia UV apsauga, d\u0117l kurios kailis neparuduoja. Anju Beaut\u00e9 Ebene sud\u0117tyje esantys\u00a0provitaminai\u00a0ne tik\u00a0stiprina plauko&#8230;<\/p>","protected":false},"featured_media":18786,"comment_status":"closed","ping_status":"closed","template":"","meta":{"_acf_changed":false,"slim_seo":{"title":"Anju Beaut\u00e9 Ebene tonuojantis \u0161amp\u016bnas 250 ml - Zooprekes24","description":"Anju Beaut\u00e9 Paris'i laboratoorium on kosmetoloogia uusimatele saavutustele tuginedes v\u00e4lja t\u00f6\u00f6tanud eksklusiivse valiku tippkvaliteediga iluhooldustooteid."},"iawp_total_views":149},"product_brand":[],"product_cat":[9045,9046,83,25,104,32,9026,9025,8999,31],"product_tag":[5310,5313,1554,5314],"class_list":{"0":"post-22054","1":"product","2":"type-product","3":"status-publish","4":"has-post-thumbnail","6":"product_cat-anju-beaute-katems","7":"product_cat-anju-beaute-sunims","8":"product_cat-kaciu-prekiu-gamintojai","9":"product_cat-katems","10":"product_cat-kitos-kaciu-prekes","11":"product_cat-kitos-sunu-prekes","12":"product_cat-prieziuros-priemones-sunims","13":"product_cat-prieziuros-priemones-katems","14":"product_cat-sunims","15":"product_cat-sunu-prekiu-gamintojai","16":"product_tag-anju-juodo-kailio-sampunas","17":"product_tag-juodo-kailio-sampunas","18":"product_tag-kaciu-sampunas","19":"product_tag-sampunas-juodam-kailiui","20":"pa_prekiu-zenklai-anju-beaute","21":"pa_suns-amzius-jauniems","22":"pa_suns-amzius-senjorams","23":"pa_suns-amzius-suaugusiems","24":"pa_suns-amzius-visiems-amziams","25":"pa_veisles-dydis-didelems-veislems","26":"pa_veisles-dydis-mazoms-veislems","27":"pa_veisles-dydis-vidutinems-veislems","28":"pa_veisles-dydis-visu-dydziu-veislems","30":"first","31":"instock","32":"featured","33":"taxable","34":"shipping-taxable","35":"purchasable","36":"product-type-simple"},"acf":[],"_links":{"self":[{"href":"https:\/\/zooprekes24.lt\/et\/wp-json\/wp\/v2\/product\/22054","targetHints":{"allow":["GET"]}}],"collection":[{"href":"https:\/\/zooprekes24.lt\/et\/wp-json\/wp\/v2\/product"}],"about":[{"href":"https:\/\/zooprekes24.lt\/et\/wp-json\/wp\/v2\/types\/product"}],"replies":[{"embeddable":true,"href":"https:\/\/zooprekes24.lt\/et\/wp-json\/wp\/v2\/comments?post=22054"}],"wp:featuredmedia":[{"embeddable":true,"href":"https:\/\/zooprekes24.lt\/et\/wp-json\/wp\/v2\/media\/18786"}],"wp:attachment":[{"href":"https:\/\/zooprekes24.lt\/et\/wp-json\/wp\/v2\/media?parent=22054"}],"wp:term":[{"taxonomy":"product_brand","embeddable":true,"href":"https:\/\/zooprekes24.lt\/et\/wp-json\/wp\/v2\/product_brand?post=22054"},{"taxonomy":"product_cat","embeddable":true,"href":"https:\/\/zooprekes24.lt\/et\/wp-json\/wp\/v2\/product_cat?post=22054"},{"taxonomy":"product_tag","embeddable":true,"href":"https:\/\/zooprekes24.lt\/et\/wp-json\/wp\/v2\/product_tag?post=22054"}],"curies":[{"name":"wp","href":"https:\/\/api.w.org\/{rel}","templated":true}]}}