{"id":22051,"date":"2024-04-18T21:19:18","date_gmt":"2024-04-18T18:19:18","guid":{"rendered":"https:\/\/zooprekes24.lt\/produktas\/fitmin-purity-multivitamin-sunims\/"},"modified":"2024-08-14T16:39:19","modified_gmt":"2024-08-14T13:39:19","slug":"fitmin-purity-multivitamiini-sunims","status":"publish","type":"product","link":"https:\/\/zooprekes24.lt\/et\/produktas\/fitmin-purity-multivitamin-sunims\/","title":{"rendered":"Fitmin Purity Multivitamiini toidulisand koertele 200 g"},"content":{"rendered":"<div>\n<h3><span lang=\"LT\">Fitmin Purity Multivitamiin k<\/span>hoolikalt valitud, t\u00e4ielik komplekt vitamiine, mineraalaineid ja aminohappeid k\u00f5ikidele t\u00f5ugudele. <span lang=\"LT\">t\u00e4iskasvanutele ja vanematele koertele<\/span> <span lang=\"LT\">teie vajadustele<\/span>.<span lang=\"LT\"> Toidulisand mitte ainult ei paranda<\/span> <span lang=\"LT\">teie lemmiklooma karvkatte kvaliteet<\/span>, f\u00fc\u00fcsiline seisund <span lang=\"LT\">aga ka\u00a0<\/span><span lang=\"LT\">tugevdab<\/span>\u00a0immuunsus<span lang=\"LT\"> ja aitavad tagada teie lemmiklooma eluj\u00f5ulisuse. <\/span>T\u00e4nu loodusliku p\u00e4ritoluga vitamiinide ja mineraalide kompleksile on toode t\u00e4iuslikult <span lang=\"LT\">lisatakse<\/span> <span lang=\"LT\">igap\u00e4evane toitumine teie lemmikloomale, tagades, et teie neljajalgne s\u00f5ber ei j\u00e4\u00e4ks millestki ilma :)<\/span><\/h3>\n<ul>\n<li>Looduslikud antioks\u00fcdandid (orgaaniline seleen, E-vitamiin) pakuvad teie lemmikloomale mitmek\u00fclgset kasu. Nad kaitsevad keha rakke vabade radikaalide negatiivse m\u00f5ju eest ja tugevdavad koera immuuns\u00fcsteemi. Vanematel lemmikloomadel aitavad antioks\u00fcdandid aeglustada keha rakkude vananemist, tagades seega pikema eluea.<\/li>\n<li>Fitmin Purity multivitamiin, mis on rikastatud klorellaga (<a href=\"https:\/\/en.wikipedia.org\/wiki\/Chlorella\" target=\"_blank\" rel=\"noopener\"><em>Chlorella vetikad<\/em><\/a>) on vabalt ujuvad, ainuraksed rohelised mikrovetikad (f\u00fctoplankton), mis kasvavad magevees. Klorella rakuseinad koosnevad suures osas tselluloosist ja kitiinist, mis v\u00f5imaldab neil siduda ja eemaldada m\u00fcrgiseid aineid. Need mikrovetikad absorbeerivad lemmiklooma organismis olevaid mittevajalikke j\u00e4\u00e4tmeid ja toksiine ning aitavad neid lemmiklooma organismist soolestiku kaudu \u00f5rnalt eemaldada.<\/li>\n<li>Probiootikumid on elusad mikroorganismid, mida tuntakse heade bakteritena, samas kui prebiootikumid on ained, mis soodustavad soolestiku mikrofloora arengut. T\u00e4nu nendele komponentidele Fitmin Purity Multivitaminis soodustatakse soolestiku mikrofloora kasvu, s\u00e4ilitamist ja optimaalset toimimist. Samuti tagab see, et teatud tingimuste (haigused, operatsioonid, ravimid, v\u00e4lised tegurid jne) t\u00f5ttu tasakaalust v\u00e4lja langenud soolestiku mikrofloora taastub ja lemmiklooma eluj\u00f5ulisus taastub.<\/li>\n<li>Aminohapped (tauriin ja L-karnitiin) aitavad mitte ainult mobiliseerida koera eluj\u00f5udu, vaid ka v\u00e4hendada stressi ja v\u00e4simust.<\/li>\n<li>Fitmin Purity Multivitamiini toidulisandites kasutatakse shiitake seeni, mis aitavad tugevdada immuuns\u00fcsteemi ja kaitsta maksafunktsiooni. See eksootiline seen p\u00e4rsib allergias\u00fcmptomeid ning on suurep\u00e4rane D-vitamiini, raua ja seleeni allikas.<\/li>\n<li>Rikastatud lihtsate ja mitteaktiivsete ainetega\u00a0<em>Saccharomyces cerevisiae <\/em>p\u00e4rm ja B-kompleks vitamiinid (B1, B2, B6, B12), mis annavad teie lemmiklooma nahale olulisi toitaineid. Biotiin hoolitseb koera karvkatte ilu eest, taastades lemmiklooma karvade l\u00e4ike, tiheduse ja loomuliku eluts\u00fckli.<\/li>\n<\/ul>\n<\/div>","protected":false},"excerpt":{"rendered":"<p>Fitmin Purity Multivitamin kruop\u0161\u010diai atrinktas, pilnas vitamin\u0173, mineral\u0173 ir\u00a0amino r\u016bg\u0161\u010di\u0173\u00a0rinkinys, skirtas vis\u0173 veisli\u0173 suaugusiems ir vyresnio am\u017eiaus \u0161un\u0173 poreikiams. Maisto papildas ne tik pagerins augintinio kailio kokyb\u0119, fizin\u0119 b\u016bkl\u0119 bet ir\u00a0stiprins\u00a0imunitet\u0105 bei pad\u0117s u\u017etikrinti augintinio gyvybingum\u0105. Nat\u016bralios kilm\u0117s vitamin\u0173 ir mineral\u0173 komplekso d\u0117ka preparatas puikiai papildys kasdienin\u012f gyv\u016bno mitybos racion\u0105 u\u017etikrinant, jog J\u016bs\u0173 keturkojui bi\u010diuliui&#8230;<\/p>","protected":false},"featured_media":18779,"comment_status":"closed","ping_status":"closed","template":"","meta":{"_acf_changed":false,"slim_seo":{"title":"Fitmin Purity Multivitamin maisto papildas \u0161unims 200 g - Zooprekes24","description":"Fitmin Purity multivitamiin on hoolikalt valitud, t\u00e4ielik komplekt vitamiine, mineraalaineid ja aminohappeid k\u00f5ikidele t\u00e4iskasvanud ja vanemate koerat\u00f5ugudele."},"iawp_total_views":37},"product_brand":[],"product_cat":[9051,32,8999,31,9022],"product_tag":[1319,1322,1331],"class_list":{"0":"post-22051","1":"product","2":"type-product","3":"status-publish","4":"has-post-thumbnail","6":"product_cat-fitmin-purity","7":"product_cat-kitos-sunu-prekes","8":"product_cat-sunims","9":"product_cat-sunu-prekiu-gamintojai","10":"product_cat-vitaminai-ir-papildai-sunims","11":"product_tag-fitmin-purity-papildai","12":"product_tag-fitmin-vitaminai-suniui","13":"product_tag-vitaminai-senam-suniui","14":"pa_prekiu-zenklai-fitmin-purity","15":"pa_suns-amzius-senjorams","16":"pa_suns-amzius-suaugusiems","17":"pa_veisles-dydis-didelems-veislems","18":"pa_veisles-dydis-mazoms-veislems","19":"pa_veisles-dydis-vidutinems-veislems","20":"pa_veisles-dydis-visu-dydziu-veislems","22":"first","23":"outofstock","24":"featured","25":"taxable","26":"shipping-taxable","27":"purchasable","28":"product-type-simple"},"acf":[],"_links":{"self":[{"href":"https:\/\/zooprekes24.lt\/et\/wp-json\/wp\/v2\/product\/22051","targetHints":{"allow":["GET"]}}],"collection":[{"href":"https:\/\/zooprekes24.lt\/et\/wp-json\/wp\/v2\/product"}],"about":[{"href":"https:\/\/zooprekes24.lt\/et\/wp-json\/wp\/v2\/types\/product"}],"replies":[{"embeddable":true,"href":"https:\/\/zooprekes24.lt\/et\/wp-json\/wp\/v2\/comments?post=22051"}],"wp:featuredmedia":[{"embeddable":true,"href":"https:\/\/zooprekes24.lt\/et\/wp-json\/wp\/v2\/media\/18779"}],"wp:attachment":[{"href":"https:\/\/zooprekes24.lt\/et\/wp-json\/wp\/v2\/media?parent=22051"}],"wp:term":[{"taxonomy":"product_brand","embeddable":true,"href":"https:\/\/zooprekes24.lt\/et\/wp-json\/wp\/v2\/product_brand?post=22051"},{"taxonomy":"product_cat","embeddable":true,"href":"https:\/\/zooprekes24.lt\/et\/wp-json\/wp\/v2\/product_cat?post=22051"},{"taxonomy":"product_tag","embeddable":true,"href":"https:\/\/zooprekes24.lt\/et\/wp-json\/wp\/v2\/product_tag?post=22051"}],"curies":[{"name":"wp","href":"https:\/\/api.w.org\/{rel}","templated":true}]}}