{"id":22050,"date":"2024-04-18T21:19:18","date_gmt":"2024-04-18T18:19:18","guid":{"rendered":"https:\/\/zooprekes24.lt\/produktas\/fitmin-purity-long-life-immunity-sunims\/"},"modified":"2024-08-14T16:38:20","modified_gmt":"2024-08-14T13:38:20","slug":"fitmin-purity-pikaajaline-immuunsus-sunims","status":"publish","type":"product","link":"https:\/\/zooprekes24.lt\/et\/produktas\/fitmin-purity-long-life-immunity-sunims\/","title":{"rendered":"Fitmin Purity Long life &amp; Immunity toidulisand koertele 200 g"},"content":{"rendered":"<h3>Fitmin Purity Pikk eluiga &amp; <span lang=\"EN-US\">Immuunsus<\/span> s\u00f6\u00f6dalisand <span lang=\"LT\">t\u00e4iskasvanutele ja eakatele <\/span>Koertele <span lang=\"EN-US\">t\u00e4iendatud probiootikumide ja prebiootikumidega<\/span>mis <span lang=\"LT\">mitte ainult <\/span><span lang=\"LT\">Tugevdatud<\/span> lemmikloomade immuunsus<span lang=\"LT\">, parandab koera eluj\u00f5udu, kuid ka\u00a0<\/span><span lang=\"LT\">abiks<\/span> keha jaoks <span lang=\"LT\">lihtsam <\/span>kohaneda muutuvate keskkonnatingimustega<span lang=\"LT\">. <\/span>Immuunsus -\u00a0<span lang=\"LT\">See on<\/span> organismi loomulik v\u00f5ime kaitsta end bakterite, viiruste, parasiitide ja k\u00f5ige muu vastu, mis teda r\u00fcndab. <span lang=\"LT\">saadaval aadressil <\/span>geneetiliselt vastuv\u00f5etamatu. On t\u00e4heldatud, et <span lang=\"LT\">lemmikloomade immuunsus\u00a0<\/span><span lang=\"LT\">muutub haavatavaks liigse<\/span> <span lang=\"LT\">K\u00f5rge\u00a0<\/span>stress, <span lang=\"LT\">patirt\u0173 <\/span>vigastused, <span lang=\"LT\">vaktsineerimised, <\/span>\u00fclekuumenemine<span lang=\"LT\"> v\u00f5i mida ravitakse<\/span> haiguste ajal<span lang=\"LT\"> ja eriti operatsioonij\u00e4rgsel perioodil. <\/span><span lang=\"LT\">P<\/span>vanematel koertel on samuti suurenenud risk, kus<span lang=\"LT\">immuunsus on n\u00f5rgenenud <\/span>organismi loomulikul teel toimuvate regeneratiivsete protsesside t\u00f5ttu.<\/h3>\n<ul>\n<li>Sisaldab beetagl\u00fckaane - t\u00e4iesti loomulikku, puhastatud ainet, mis on saadud mitteaktiivsetest\u00a0<em>Saccharomyces cerevisae<\/em><em>\u00a0<\/em>p\u00e4rmi rakuseinad<em>, <\/em>sisaldab k\u00f5rgeima kvaliteediga 1,3\/1,6 beetagl\u00fckaane, millel on erakordsed bioaktiivsed omadused. Need mitte ainult ei tasakaalusta ja tugevda lemmiklooma loomulikku kaitsev\u00f5imet, vaid aitavad ka kaasa organismi t\u00f5husamale v\u00f5itlusele p\u00f5letiku ja haiguste vastu. Fitmin Purity Long life &amp; Immunity's sisalduvad \u03b2-gl\u00fckaanid aitavad kaasa ka soolestiku mikrobioota tasakaalustamisele, v\u00e4hendades soovimatute mikroorganismide koloniseerimise riski ja raskusastet.<\/li>\n<li>Looduslikud antioks\u00fcdandid pakuvad teie lemmiklooma organismile mitmeid eeliseid. Nad kaitsevad keha rakke vabade radikaalide negatiivse m\u00f5ju eest ja tugevdavad koera immuuns\u00fcsteemi. Vanematel lemmikloomadel aitavad antioks\u00fcdandid aeglustada keha rakkude vananemist, tagades seega pikema eluea.<\/li>\n<li>Fitmin Purity Long life &amp; Immunity rikastatud Chlorella (<a href=\"https:\/\/en.wikipedia.org\/wiki\/Chlorella\" target=\"_blank\" rel=\"noopener\"><em>Chlorella vetikad<\/em><\/a>) on vabalt ujuvad, ainuraksed rohelised mikrovetikad (f\u00fctoplankton), mis kasvavad magevees. Klorella rakuseinad koosnevad suures osas tselluloosist ja kitiinist, mis v\u00f5imaldab neil siduda ja eemaldada m\u00fcrgiseid aineid. Need mikrovetikad absorbeerivad lemmiklooma organismis olevaid mittevajalikke j\u00e4\u00e4tmeid ja toksiine ning aitavad neid lemmiklooma organismist soolestiku kaudu \u00f5rnalt eemaldada.<\/li>\n<li><a href=\"https:\/\/lt.wikipedia.org\/wiki\/Bosvelija\" target=\"_blank\" rel=\"noopener\">Filamentoosne Boswellia<\/a> Ekstraktil on kiire p\u00f5letikuvastane ja valuvaigistav toime, mis aitab v\u00e4hendada p\u00f5letikulisi protsesse, p\u00f5hjustamata k\u00f5rvalm\u00f5jusid lemmiklooma seedetraktile.<\/li>\n<li>Probiootikumid on elusad mikroorganismid, mida tuntakse heade bakteritena, samas kui prebiootikumid on ained, mis soodustavad soolestiku mikrofloora arengut. T\u00e4nu nendele komponentidele soodustavad Fitmin Purity Long life &amp; Immunity toidulisandid soolestiku mikrofloora kasvu, s\u00e4ilitamist ja optimaalset toimimist. Samuti tagab see, et teatud tingimuste (haigused, operatsioonid, ravimid, v\u00e4lised tegurid jne) t\u00f5ttu tasakaalust v\u00e4lja langenud soolestiku mikrofloora taastub ja lemmiklooma eluj\u00f5ulisus taastub.<\/li>\n<\/ul>","protected":false},"excerpt":{"rendered":"<p>Fitmin Purity Long life &amp; Immunity pa\u0161aro papildas suaugusiems ir vyresnio am\u017eiaus \u0161unims papildytas probiotikais ir prebiotikais, kurie ne tik stiprina augintinio imunitet\u0105, gerina \u0161uns gyvybingum\u0105 bet ir\u00a0padeda organizmui lengviau prisitaikyti prie kintan\u010di\u0173 aplinkos s\u0105lyg\u0173. Imunitetas &#8211;\u00a0tai nat\u016bralus organizmo geb\u0117jimas apsisaugoti nuo j\u012f puolan\u010di\u0173 bakterij\u0173, virus\u0173, parazit\u0173 ir viso kito, kas jam yra geneti\u0161kai nepriimtina&#8230;.<\/p>","protected":false},"featured_media":18777,"comment_status":"closed","ping_status":"closed","template":"","meta":{"_acf_changed":false,"slim_seo":{"title":"Fitmin Purity Long life & Immunity maisto papildas \u0161unims 200 g - Zooprekes24","description":"Fitmin Purity Long life &amp; Immunity toidulisand t\u00e4iskasvanud ja vanemaealistele koertele on t\u00e4iendatud probiootikumide ja prebiootikumidega, mis mitte ainult ei tugevda organismi tervist, vaid ka tervise"},"iawp_total_views":47},"product_brand":[],"product_cat":[9051,32,8999,31,9022],"product_tag":[1316,1319,1322,1331],"class_list":{"0":"post-22050","1":"product","2":"type-product","3":"status-publish","4":"has-post-thumbnail","6":"product_cat-fitmin-purity","7":"product_cat-kitos-sunu-prekes","8":"product_cat-sunims","9":"product_cat-sunu-prekiu-gamintojai","10":"product_cat-vitaminai-ir-papildai-sunims","11":"product_tag-fitmin-purity-imunitetui","12":"product_tag-fitmin-purity-papildai","13":"product_tag-fitmin-vitaminai-suniui","14":"product_tag-vitaminai-senam-suniui","15":"pa_prekiu-zenklai-fitmin-purity","16":"pa_suns-amzius-senjorams","17":"pa_suns-amzius-suaugusiems","18":"pa_veisles-dydis-didelems-veislems","19":"pa_veisles-dydis-mazoms-veislems","20":"pa_veisles-dydis-vidutinems-veislems","21":"pa_veisles-dydis-visu-dydziu-veislems","23":"first","24":"outofstock","25":"featured","26":"taxable","27":"shipping-taxable","28":"purchasable","29":"product-type-simple"},"acf":[],"_links":{"self":[{"href":"https:\/\/zooprekes24.lt\/et\/wp-json\/wp\/v2\/product\/22050","targetHints":{"allow":["GET"]}}],"collection":[{"href":"https:\/\/zooprekes24.lt\/et\/wp-json\/wp\/v2\/product"}],"about":[{"href":"https:\/\/zooprekes24.lt\/et\/wp-json\/wp\/v2\/types\/product"}],"replies":[{"embeddable":true,"href":"https:\/\/zooprekes24.lt\/et\/wp-json\/wp\/v2\/comments?post=22050"}],"wp:featuredmedia":[{"embeddable":true,"href":"https:\/\/zooprekes24.lt\/et\/wp-json\/wp\/v2\/media\/18777"}],"wp:attachment":[{"href":"https:\/\/zooprekes24.lt\/et\/wp-json\/wp\/v2\/media?parent=22050"}],"wp:term":[{"taxonomy":"product_brand","embeddable":true,"href":"https:\/\/zooprekes24.lt\/et\/wp-json\/wp\/v2\/product_brand?post=22050"},{"taxonomy":"product_cat","embeddable":true,"href":"https:\/\/zooprekes24.lt\/et\/wp-json\/wp\/v2\/product_cat?post=22050"},{"taxonomy":"product_tag","embeddable":true,"href":"https:\/\/zooprekes24.lt\/et\/wp-json\/wp\/v2\/product_tag?post=22050"}],"curies":[{"name":"wp","href":"https:\/\/api.w.org\/{rel}","templated":true}]}}