{"id":22049,"date":"2024-04-18T21:19:06","date_gmt":"2024-04-18T18:19:06","guid":{"rendered":"https:\/\/zooprekes24.lt\/produktas\/catit-go-natural-tofu-lavender\/"},"modified":"2024-08-27T12:09:54","modified_gmt":"2024-08-27T09:09:54","slug":"catit-go-natural-tofu-lavendel","status":"publish","type":"product","link":"https:\/\/zooprekes24.lt\/et\/produktas\/catit-go-natural-tofu-lavender\/","title":{"rendered":"Catit Go Natural Tofu Lavender kassipesu 5,6 kg"},"content":{"rendered":"<h3><span data-contrast=\"auto\">Catit Go Natural Tofu on \u00fcks<\/span><span data-contrast=\"auto\">s<\/span><span data-contrast=\"auto\"> uusimad looduslikud allapanu sordid kassidele. Valmistatud 100% looduslikust hernestest\u00a0<\/span><span data-contrast=\"auto\">kiud<\/span><span data-contrast=\"auto\">,\u00a0<\/span><span data-contrast=\"auto\">olla<\/span><span data-contrast=\"auto\">\u00a0<\/span><span data-contrast=\"auto\">mis tahes\u00a0<\/span><span data-contrast=\"auto\">s\u00fcnteetilised lisaained ja v\u00e4rvained<\/span><span data-contrast=\"auto\">. <a href=\"https:\/\/zooprekes24.lt\/et\/?s=Kraikas&amp;post_type=product&amp;product_cat=0\" target=\"_blank\" rel=\"noopener noreferrer\">Kassipesu<\/a> imab kiiresti niiskust ja neutraliseerib ebameeldivaid l\u00f5hnu. Samuti on see eriti \u00f5rn <\/span><span data-contrast=\"auto\">teie kassi tundlikele jalgadele.<\/span><span data-contrast=\"auto\">\u00a0<\/span><span data-contrast=\"auto\">Kui allapanu saab niiskust, siis h\u00fcppab see sisse\u00a0<\/span><span data-contrast=\"auto\">k\u00f5vad t\u00fckkideks,\u00a0<\/span><span data-contrast=\"auto\">Autor <\/span><span data-contrast=\"auto\">eemaldada kassi pesakastist <\/span><span data-contrast=\"auto\">lihtsalt ja kiiresti. Allapanu on vees lagunev, nii et seda saab ohutult WC-sse visata.<\/span><\/h3>\n<ul>\n<li data-leveltext=\"\uf0b7\" data-font=\"Symbol\" data-listid=\"3\" data-aria-posinset=\"1\" data-aria-level=\"1\"><span data-contrast=\"auto\">Selle loodusliku pesakonna peamine eesm\u00e4rk on <\/span><span data-contrast=\"auto\">hernekiud kui koostisosa<\/span><span data-contrast=\"auto\">.<\/span><span data-contrast=\"auto\">\u00a0<\/span><span data-contrast=\"auto\">See ei sisalda\u00a0<\/span><span data-contrast=\"auto\">mis tahes\u00a0<\/span><span data-contrast=\"auto\">s\u00fcnteetilised lisaained ja v\u00e4rvid.<\/span><span data-contrast=\"auto\">\u00a0Seep\u00e4rast on see<\/span><span data-contrast=\"auto\">\u00a0allapanu on mittetoksiline ja 100%<\/span><span data-contrast=\"none\">\u00a0<\/span><a href=\"https:\/\/www.youtube.com\/watch?v=TpxfengM46Y\" target=\"_blank\" rel=\"noopener\"><span data-contrast=\"auto\">Turvaline<\/span><span data-contrast=\"auto\">\u00a0kasside jaoks<\/span><\/a><span data-contrast=\"auto\">.\u00a0<\/span><span data-contrast=\"auto\">Lisaks k<\/span><span data-contrast=\"auto\">raikas\u00a0<\/span><span data-contrast=\"auto\">on eriti\u00a0<\/span><span data-contrast=\"auto\">kerge<\/span><span data-contrast=\"auto\">nagu<\/span><span data-contrast=\"auto\">.<\/span><span data-ccp-props=\"{&quot;201341983&quot;:0,&quot;335559685&quot;:1440,&quot;335559739&quot;:160,&quot;335559740&quot;:240}\">\u00a0<\/span><\/li>\n<li data-leveltext=\"\uf0b7\" data-font=\"Symbol\" data-listid=\"3\" data-aria-posinset=\"2\" data-aria-level=\"1\"><span data-contrast=\"auto\">Loodusliku koostise t\u00f5ttu on allapanu biolagunev ja vees lahustuv. V\u00f5ib ohutult WC-st alla loputada.<\/span><span data-ccp-props=\"{&quot;201341983&quot;:0,&quot;335559685&quot;:1440,&quot;335559739&quot;:160,&quot;335559740&quot;:240}\">\u00a0<\/span><\/li>\n<li data-leveltext=\"\uf0b7\" data-font=\"Symbol\" data-listid=\"3\" data-aria-posinset=\"3\" data-aria-level=\"1\"><span data-contrast=\"auto\">Peened, 1-1,5 mm l\u00e4bim\u00f5\u00f5duga graanulid suudavad imada kassi uriini vaid 1,5 sekundiga, takistades niiskuse j\u00f5udmist kassi allapoole allapanu ja ennetades bakterite kasvu.<\/span><span data-ccp-props=\"{&quot;201341983&quot;:0,&quot;335559685&quot;:1440,&quot;335559739&quot;:160,&quot;335559740&quot;:240}\">\u00a0<\/span><\/li>\n<li data-leveltext=\"\uf0b7\" data-font=\"Symbol\" data-listid=\"3\" data-aria-posinset=\"4\" data-aria-level=\"1\">Catit Go Natural Tofu Lavendlil\u00f5hnaline allapanu Catit Go Natural Tofu Lavendlil\u00f5hnaline allapanu <span data-contrast=\"auto\">neutraliseerib suurep\u00e4raselt ebameeldivad l\u00f5hnad kassi tualetis.<\/span><span data-ccp-props=\"{&quot;201341983&quot;:0,&quot;335559685&quot;:1440,&quot;335559739&quot;:160,&quot;335559740&quot;:240}\">\u00a0<\/span><\/li>\n<li data-leveltext=\"\uf0b7\" data-font=\"Symbol\" data-listid=\"3\" data-aria-posinset=\"4\" data-aria-level=\"1\"><span data-contrast=\"auto\">Teie kassi jalad j\u00e4\u00e4vad alati puhtaks, ei j\u00e4ta j\u00e4lgi ja teie kodu on t\u00e4iesti puhas.<\/span><span data-ccp-props=\"{&quot;201341983&quot;:0,&quot;335559685&quot;:1440,&quot;335559739&quot;:160,&quot;335559740&quot;:240}\">\u00a0<\/span><\/li>\n<li data-leveltext=\"\uf0b7\" data-font=\"Symbol\" data-listid=\"3\" data-aria-posinset=\"4\" data-aria-level=\"1\"><span data-contrast=\"auto\">Looduslik hernekiust voodipesu on t\u00e4iesti kahjutu.<\/span><span data-contrast=\"auto\"> keskkond. Toode on biolagunev ning seda saab kompostida ja kasutada loodusliku v\u00e4etisena.<\/span><span data-ccp-props=\"{&quot;201341983&quot;:0,&quot;335559685&quot;:1440,&quot;335559739&quot;:160,&quot;335559740&quot;:240}\">\u00a0<\/span><\/li>\n<li data-leveltext=\"\uf0b7\" data-font=\"Symbol\" data-listid=\"3\" data-aria-posinset=\"4\" data-aria-level=\"1\"><span data-contrast=\"auto\">Catit Go Natural Tofu <\/span><span data-contrast=\"auto\">puit, mida ei kasutata allapanu tootmiseks<\/span><span data-contrast=\"auto\">, siis\u00a0<\/span><span data-contrast=\"auto\">nekroos vahel<\/span><span data-contrast=\"auto\">loodus, mis on juba niimoodi kaitstud<\/span><span data-contrast=\"auto\">.\u00a0<\/span><span data-contrast=\"auto\">T\u00e4nu oma erakordsetele koostisosadele on allapanu mittep\u00f5letatav, nii et\u00a0<\/span><span data-contrast=\"auto\">j<\/span><span data-contrast=\"auto\">on ohutu nii lemmikloomadele kui ka nende omanikele<\/span><span data-contrast=\"auto\">.\u00a0<\/span><span data-ccp-props=\"{&quot;201341983&quot;:0,&quot;335559685&quot;:1440,&quot;335559739&quot;:160,&quot;335559740&quot;:240}\">\u00a0<\/span><\/li>\n<li>K\u00e4ep\u00e4rases k\u00e4epidemega karbis on 2 pesupakendit (2 x 2,8 kg), mis teeb kokku 5,6 kg :)<\/li>\n<\/ul>","protected":false},"excerpt":{"rendered":"<p>Catit Go Natural Tofu &#8211;\u00a0tai vienas naujausi\u0173 nat\u016brali\u0173 kraik\u0173 r\u016b\u0161i\u0173, skirt\u0173 kat\u0117ms. Pagamintas i\u0161 100% nat\u016bralios \u017eirni\u0173\u00a0l\u0105stelienos,\u00a0be\u00a0joki\u0173\u00a0sintetini\u0173\u00a0 pried\u0173 ir da\u017eikli\u0173. Ka\u010di\u0173 kraikas greitai sugeria dr\u0117gm\u0119 ir neutralizuoja nemalonius kvapus. Be to, jis ypa\u010d \u0161velnus jautrioms J\u016bs\u0173 kat\u0117s p\u0117dut\u0117ms.\u00a0Gav\u0119s dr\u0117gm\u0117s \u0161is kraikas su\u0161oka \u012f\u00a0kietus grumstelius,\u00a0kuriuos i\u0161 kat\u0117s tualeto pa\u0161alinsite lengvai ir greitai. Kraikas skaidus vandenyje, tad&#8230;<\/p>","protected":false},"featured_media":29705,"comment_status":"closed","ping_status":"closed","template":"","meta":{"_acf_changed":false,"slim_seo":{"title":"Catit Go Natural Tofu Lavender ka\u010di\u0173 kraikas 5.6 kg - Zooprekes24","description":"Catit Go Natural Tofu on \u00fcks uusimaid looduslikke allapanu kassidele. Valmistatud 100% looduslikust hernekiust, mis ei sisalda s\u00fcnteetilisi"},"iawp_total_views":141},"product_brand":[],"product_cat":[78,25,9009],"product_tag":[1940],"class_list":{"0":"post-22049","1":"product","2":"type-product","3":"status-publish","4":"has-post-thumbnail","6":"product_cat-higiena-ir-prieziura-katems","7":"product_cat-katems","8":"product_cat-kraikas","9":"product_tag-naturalus-kraikas-katems","10":"pa_kraiko-rusis-tofu","11":"pa_prekiu-zenklai-catit","13":"first","14":"instock","15":"featured","16":"taxable","17":"shipping-taxable","18":"purchasable","19":"product-type-simple"},"acf":[],"_links":{"self":[{"href":"https:\/\/zooprekes24.lt\/et\/wp-json\/wp\/v2\/product\/22049","targetHints":{"allow":["GET"]}}],"collection":[{"href":"https:\/\/zooprekes24.lt\/et\/wp-json\/wp\/v2\/product"}],"about":[{"href":"https:\/\/zooprekes24.lt\/et\/wp-json\/wp\/v2\/types\/product"}],"replies":[{"embeddable":true,"href":"https:\/\/zooprekes24.lt\/et\/wp-json\/wp\/v2\/comments?post=22049"}],"wp:featuredmedia":[{"embeddable":true,"href":"https:\/\/zooprekes24.lt\/et\/wp-json\/wp\/v2\/media\/29705"}],"wp:attachment":[{"href":"https:\/\/zooprekes24.lt\/et\/wp-json\/wp\/v2\/media?parent=22049"}],"wp:term":[{"taxonomy":"product_brand","embeddable":true,"href":"https:\/\/zooprekes24.lt\/et\/wp-json\/wp\/v2\/product_brand?post=22049"},{"taxonomy":"product_cat","embeddable":true,"href":"https:\/\/zooprekes24.lt\/et\/wp-json\/wp\/v2\/product_cat?post=22049"},{"taxonomy":"product_tag","embeddable":true,"href":"https:\/\/zooprekes24.lt\/et\/wp-json\/wp\/v2\/product_tag?post=22049"}],"curies":[{"name":"wp","href":"https:\/\/api.w.org\/{rel}","templated":true}]}}