{"id":22046,"date":"2024-04-18T21:19:06","date_gmt":"2024-04-18T18:19:06","guid":{"rendered":"https:\/\/zooprekes24.lt\/produktas\/biocos-mazu-peduciu-balzamas-5ml\/"},"modified":"2026-01-30T09:50:31","modified_gmt":"2026-01-30T07:50:31","slug":"biocos-apsauginis-balzamas-mazoms-pedutems-5ml","status":"publish","type":"product","link":"https:\/\/zooprekes24.lt\/et\/produktas\/biocos-apsauginis-balzamas-mazoms-pedutems-5ml\/","title":{"rendered":"Biocos apsauginis balzamas ma\u017eoms p\u0117dut\u0117ms, 5 ml"},"content":{"rendered":"<h3>Biocos Small Foot Balm keeratavas pakendis aitab teil palsamit t\u00e4pselt ja \u00fchtlaselt teie lemmiklooma jalgadele jaotada. Maksimaalse toime saavutamiseks masseerige palsam sisse. Kuigi toodet on lihtne peale kanda, sobib v\u00e4ike pakend k\u00f5ige paremini v\u00e4ikestele jalgadele.<\/h3>\n<ul>\n<li>Biocos ma\u017e\u0173 p\u0117du\u010di\u0173 balzamas tinka \u0161un\u0173, ka\u010di\u0173 ir vis\u0173 smulki\u0173 gyv\u016bn\u0173 (triu\u0161i\u0173, j\u016bros kiauly\u010di\u0173, \u0161e\u0161k\u0173) p\u0117dut\u0117ms.<\/li>\n<li>Palsam v\u00e4ikestele jalgadele on rikastatud mangov\u00f5iga, mis on eksootiline ja \u00fclis\u00fcgavasti toitev koostis, mis on rikastatud A- ja E-vitamiinidega.<\/li>\n<li>Makadaamiap\u00e4hkli\u00f5li sisaldab rohkelt looduslikke antioks\u00fcdante, samuti Omega 3 ja Omega 6 rasvhappeid, millel on positiivne m\u00f5ju naha tervisele.<\/li>\n<li>Mesilasvaha Leedu mahep\u00f5llumajanduslikust mesilasfarmist! Mesilasvaha katab jalgu kaitsva kilega, mis takistab loomulikul viisil niiskuse kadumist ja pikendab palsamite kasulikku toimet.<\/li>\n<li>Kakaov\u00f5i on rikas rasvhapete poolest, mis annab sellele toitvad omadused. Kakaov\u00f5i rasvhapped moodustavad kaitsva barj\u00e4\u00e4ri, et s\u00e4ilitada v\u00f5imalikult palju niiskust.<\/li>\n<li>Biocos kasutatava kookos\u00f5li molekulid on v\u00e4ga v\u00e4ikesed, mist\u00f5ttu need imenduvad suhteliselt kergesti. Seega saavutatakse imeline niisutamise ja hooldamise tunne! Sobib v\u00e4ga h\u00e4sti jalgade naha toitmiseks.<\/li>\n<\/ul>\n<p><strong>V\u00e4ga oluline!<\/strong> Prie\u0161 einant \u012f lauk\u0105 netepkite \u0161uns p\u0117du\u010di\u0173 kremais, kurie n\u0117ra tam skirti. Pavyzd\u017eiui, patepus p\u0117dut\u0119 dr\u0117kinamuoju kremu, grei\u010diausiai sulauksite atvirk\u0161\u010dio rezultato &#8211; kremas, kuriame yra vandens greitai u\u017e\u0161als ir tai gali pa\u017eeisti p\u0117d\u0173 od\u0105. Jei visgi nesp\u0117jote tinkamai pasir\u016bpinti p\u0117dut\u0117mis, ir jos jau yra pa\u017eeistos, si\u016blome naudoti tik priemones, kurios yra specialiai sukurtos r\u016bpestingai pa\u017eeist\u0173 p\u0117du\u010di\u0173 prie\u017ei\u016brai. Stipresn\u0117s apsaugos Biocos balzamas pa\u017eeistoms p\u0117dut\u0117ms lengvai \u012fsigers ir atstatys pa\u017eeist\u0105 od\u0105.<\/p>","protected":false},"excerpt":{"rendered":"<p>Biocos ma\u017e\u0173 p\u0117du\u010di\u0173 balzamas i\u0161sukamoje pakuot\u0117je pad\u0117s tiksliai ir tolygiai paskirstyti balzam\u0105 ant augintinio p\u0117dut\u0117s. Maksimaliam efektui pasiekti \u012fmasa\u017euokite balzam\u0105. Nors produktas skalsiai naudojasi, bet ma\u017ea pakuot\u0117 labiausiai tiks ma\u017eoms p\u0117dut\u0117ms. Biocos ma\u017e\u0173 p\u0117du\u010di\u0173 balzamas tinka \u0161un\u0173, ka\u010di\u0173 ir vis\u0173 smulki\u0173 gyv\u016bn\u0173 (triu\u0161i\u0173, j\u016bros kiauly\u010di\u0173, \u0161e\u0161k\u0173) p\u0117dut\u0117ms. Ma\u017e\u0173 p\u0117du\u010di\u0173 balzamas praturtintas mango sviestu\u00a0&#8211;\u00a0egzoti\u0161ku ir ypa\u010d&#8230;<\/p>","protected":false},"featured_media":44994,"comment_status":"closed","ping_status":"closed","template":"","meta":{"_acf_changed":false,"slim_seo":{"title":"Biocos apsauginis balzamas ma\u017eoms p\u0117dut\u0117ms, 5 ml - Zooprekes24","description":"Biocos ma\u017e\u0173 p\u0117du\u010di\u0173 balzamas i\u0161sukamoje pakuot\u0117je pad\u0117s tiksliai ir tolygiai paskirstyti balzam\u0105 ant augintinio p\u0117dut\u0117s. Maksimaliam efektui pasiekti \u012fmasa\u017euoki"},"iawp_total_views":532},"product_brand":[],"product_cat":[25,104,32,9025,9026,8999],"product_tag":[3663,3668],"class_list":{"0":"post-22046","1":"product","2":"type-product","3":"status-publish","4":"has-post-thumbnail","6":"product_cat-katems","7":"product_cat-kitos-kaciu-prekes","8":"product_cat-kitos-sunu-prekes","9":"product_cat-prieziuros-priemones-katems","10":"product_cat-prieziuros-priemones-sunims","11":"product_cat-sunims","12":"product_tag-balzamas-suns-pedutems","13":"product_tag-peduciu-kremas","14":"pa_prekiu-zenklai-biocos","15":"pa_suns-amzius-jauniems","16":"pa_suns-amzius-senjorams","17":"pa_suns-amzius-suaugusiems","18":"pa_suns-amzius-visiems-amziams","19":"pa_veisles-dydis-mazoms-veislems","21":"first","22":"instock","23":"featured","24":"taxable","25":"shipping-taxable","26":"purchasable","27":"product-type-simple"},"acf":[],"_links":{"self":[{"href":"https:\/\/zooprekes24.lt\/et\/wp-json\/wp\/v2\/product\/22046","targetHints":{"allow":["GET"]}}],"collection":[{"href":"https:\/\/zooprekes24.lt\/et\/wp-json\/wp\/v2\/product"}],"about":[{"href":"https:\/\/zooprekes24.lt\/et\/wp-json\/wp\/v2\/types\/product"}],"replies":[{"embeddable":true,"href":"https:\/\/zooprekes24.lt\/et\/wp-json\/wp\/v2\/comments?post=22046"}],"wp:featuredmedia":[{"embeddable":true,"href":"https:\/\/zooprekes24.lt\/et\/wp-json\/wp\/v2\/media\/44994"}],"wp:attachment":[{"href":"https:\/\/zooprekes24.lt\/et\/wp-json\/wp\/v2\/media?parent=22046"}],"wp:term":[{"taxonomy":"product_brand","embeddable":true,"href":"https:\/\/zooprekes24.lt\/et\/wp-json\/wp\/v2\/product_brand?post=22046"},{"taxonomy":"product_cat","embeddable":true,"href":"https:\/\/zooprekes24.lt\/et\/wp-json\/wp\/v2\/product_cat?post=22046"},{"taxonomy":"product_tag","embeddable":true,"href":"https:\/\/zooprekes24.lt\/et\/wp-json\/wp\/v2\/product_tag?post=22046"}],"curies":[{"name":"wp","href":"https:\/\/api.w.org\/{rel}","templated":true}]}}