{"id":22044,"date":"2024-04-18T21:19:06","date_gmt":"2024-04-18T18:19:06","guid":{"rendered":"https:\/\/zooprekes24.lt\/produktas\/fitmin-for-life-natural-litter-10l\/"},"modified":"2026-02-26T12:14:41","modified_gmt":"2026-02-26T10:14:41","slug":"fitmin-for-life-looduslik-allapanu-10l","status":"publish","type":"product","link":"https:\/\/zooprekes24.lt\/et\/produktas\/fitmin-for-life-natural-litter-10l\/","title":{"rendered":"Fitmin for Life Natural Litter bentoniidist kassapuru 10L"},"content":{"rendered":"<h3>Fitmin for Life looduslik allapanu - k\u00f5rge kvaliteediga bentoniit <a href=\"https:\/\/zooprekes24.lt\/et\/kategorija\/prekes-katems\/hugieeni-ja-puhastusvahendid-kassidele\/kraikas-katems\/\" target=\"_blank\" rel=\"noopener\">kassipuru<\/a>. Imab vedelikke kiiresti ja kergesti ning on pakendatud v\u00e4ikestesse graanulitesse, mis ei levi. Selle struktuur takistab allapanu kleepumist lemmiklooma karva v\u00f5i jalgade k\u00fclge ja selle kandmist m\u00f6\u00f6da maja ringi. Allapanu graanulid on peeneteralised ja ilma teravate servadeta, mis tagab kasutusmugavuse igat t\u00f5ugu kassidele.<\/h3>\n<ul>\n<li>Ei kleepu kassi karvale ega jalgadele.<\/li>\n<li>Suurep\u00e4rane niiskuse ja ebameeldivate l\u00f5hnade imendumine.<\/li>\n<li><a href=\"https:\/\/www.fitmin.cz\" target=\"_blank\" rel=\"noopener\">Fitmin<\/a> for Life Natural Litter on kiiresti graanuleeruv.<\/li>\n<li>Looduslik ja \u00f6koloogiliselt puhas, tolmuvaba, ohutu inimeste ja lemmikloomade tervisele.<\/li>\n<li>L\u00f5hnatu, ilma kunstlike l\u00f5hna- ja maitseaineteta.<\/li>\n<li>Lihtne kasutada, niiskuskindel k\u00e4epidemega pakend.<\/li>\n<\/ul>","protected":false},"excerpt":{"rendered":"<p>Fitmin for Life Natural Litter &#8211; auk\u0161tos kokyb\u0117s\u00a0bentonitinis kraikas kat\u0117ms.\u00a0Puikiai ir greitai sugeria skys\u010dius, su\u0161oka \u012f ma\u017eas granules ir nedulka. D\u0117l savo strukt\u016bros neleid\u017eia kraikui prilipti prie augintinio kailio ar p\u0117du\u010di\u0173 ir b\u016bti i\u0161ne\u0161iotam po namus. Kraiko granul\u0117s yra smulkiagr\u016bd\u0117s, be a\u0161tri\u0173 kra\u0161t\u0173, tad garantuoja patog\u0173 naudojim\u0105 vis\u0173 veisli\u0173 kat\u0117ms. Nelimpa prie kat\u0117s kailio ar&#8230;<\/p>","protected":false},"featured_media":18763,"comment_status":"closed","ping_status":"closed","template":"","meta":{"_acf_changed":false,"slim_seo":{"title":"Fitmin for Life Natural Litter bentonitinis ka\u010di\u0173 kraikas 10L - Zooprekes24","description":"Fitmin for Life Natural Litter - auk\u0161tos kokyb\u0117s\u00a0bentonitinis kraikas kat\u0117ms .\u00a0Puikiai ir greitai sugeria skys\u010dius, su\u0161oka \u012f ma\u017eas granules ir nedulka. D\u0117l savo"},"iawp_total_views":534},"product_brand":[],"product_cat":[9042,78,83,25,9009],"product_tag":[1940,5253],"class_list":{"0":"post-22044","1":"product","2":"type-product","3":"status-publish","4":"has-post-thumbnail","6":"product_cat-fitmin-for-life-katems","7":"product_cat-higiena-ir-prieziura-katems","8":"product_cat-kaciu-prekiu-gamintojai","9":"product_cat-katems","10":"product_cat-kraikas","11":"product_tag-naturalus-kraikas-katems","12":"product_tag-nedulkantis-kraikas-katems","13":"pa_kraiko-rusis-bentonitas","14":"pa_prekiu-zenklai-fitmin-for-life","16":"first","17":"instock","18":"featured","19":"taxable","20":"shipping-taxable","21":"purchasable","22":"product-type-simple"},"acf":[],"_links":{"self":[{"href":"https:\/\/zooprekes24.lt\/et\/wp-json\/wp\/v2\/product\/22044","targetHints":{"allow":["GET"]}}],"collection":[{"href":"https:\/\/zooprekes24.lt\/et\/wp-json\/wp\/v2\/product"}],"about":[{"href":"https:\/\/zooprekes24.lt\/et\/wp-json\/wp\/v2\/types\/product"}],"replies":[{"embeddable":true,"href":"https:\/\/zooprekes24.lt\/et\/wp-json\/wp\/v2\/comments?post=22044"}],"wp:featuredmedia":[{"embeddable":true,"href":"https:\/\/zooprekes24.lt\/et\/wp-json\/wp\/v2\/media\/18763"}],"wp:attachment":[{"href":"https:\/\/zooprekes24.lt\/et\/wp-json\/wp\/v2\/media?parent=22044"}],"wp:term":[{"taxonomy":"product_brand","embeddable":true,"href":"https:\/\/zooprekes24.lt\/et\/wp-json\/wp\/v2\/product_brand?post=22044"},{"taxonomy":"product_cat","embeddable":true,"href":"https:\/\/zooprekes24.lt\/et\/wp-json\/wp\/v2\/product_cat?post=22044"},{"taxonomy":"product_tag","embeddable":true,"href":"https:\/\/zooprekes24.lt\/et\/wp-json\/wp\/v2\/product_tag?post=22044"}],"curies":[{"name":"wp","href":"https:\/\/api.w.org\/{rel}","templated":true}]}}