{"id":22043,"date":"2024-04-18T20:19:06","date_gmt":"2024-04-18T18:19:06","guid":{"rendered":"https:\/\/zooprekes24.lt\/produktas\/fitmin-for-life-natural-litter-plus-10l\/"},"modified":"2026-02-26T12:18:09","modified_gmt":"2026-02-26T10:18:09","slug":"fitmin-for-life-looduslik-allapanu-pluss-10l","status":"publish","type":"product","link":"https:\/\/zooprekes24.lt\/et\/produktas\/fitmin-for-life-natural-litter-plus-10l\/","title":{"rendered":"Fitmin for Life Natural Litter Plus Bentoniit kassipuru 10L"},"content":{"rendered":"<h3>Fitmin for Life Natural Litter Plus - kvaliteetne bentoniit <a href=\"https:\/\/zooprekes24.lt\/et\/kategorija\/prekes-katems\/hugieeni-ja-puhastusvahendid-kassidele\/kraikas-katems\/\" target=\"_blank\" rel=\"noopener\">kassipuru<\/a>. Imab vedelikke kiiresti ja kergesti ning on pakendatud v\u00e4ikestesse graanulitesse, mis ei levi. Selle struktuur takistab allapanu kleepumist lemmiklooma karva v\u00f5i jalgade k\u00fclge ja kandmist m\u00f6\u00f6da maja ringi, mist\u00f5ttu sobib see eriti h\u00e4sti keskmise ja pika karvaga kassidele. Spetsiaalne pulber, millel on ainulaadne imendumistehnoloogia (osa pakendist), takistab graanulite kleepumist kassi pesakasti p\u00f5hja.<\/h3>\n<ul>\n<li>Ei kleepu kassi karvale ega jalgadele.<\/li>\n<li>Suurep\u00e4rane niiskuse ja ebameeldivate l\u00f5hnade imendumine.<\/li>\n<li><a href=\"https:\/\/www.fitmin.cz\" target=\"_blank\" rel=\"noopener\">Fitmin<\/a> for Life Natural Litter Plus pesakomplektid kiiresti.<\/li>\n<li>Looduslik ja \u00f6koloogiliselt puhas, tolmuvaba, ohutu inimeste ja lemmikloomade tervisele.<\/li>\n<li>L\u00f5hnatu, ilma kunstlike l\u00f5hna- ja maitseaineteta.<\/li>\n<li>Lihtne kasutada, niiskuskindel k\u00e4epidemega pakend.<\/li>\n<\/ul>","protected":false},"excerpt":{"rendered":"<p>Fitmin for Life Natural Litter Plus &#8211; auk\u0161tos kokyb\u0117s\u00a0bentonitinis kraikas kat\u0117ms.\u00a0Puikiai ir greitai sugeria skys\u010dius, su\u0161oka \u012f ma\u017eas granules ir nedulka.\u00a0D\u0117l savo strukt\u016bros neleid\u017eia kraikui prilipti prie augintinio kailio ar p\u0117du\u010di\u0173 ir b\u016bti i\u0161ne\u0161iotam po namus, tod\u0117l ypa\u010d tinka vidutinio ir ilgo plauko kat\u0117ms. Special\u016bs, unikalios sug\u0117rimo technologijos milteliai (pakuot\u0117s dalis) neleid\u017eia granul\u0117ms prilipti prie&#8230;<\/p>","protected":false},"featured_media":18761,"comment_status":"closed","ping_status":"closed","template":"","meta":{"_acf_changed":false,"slim_seo":{"title":"Fitmin for Life Natural Litter Plus bentonitinis ka\u010di\u0173 kraikas 10L - Zooprekes24","description":"Fitmin for Life Natural Litter Plus - kvaliteetne bentoniit-p\u00fc\u00fcnis. See imab vedelikke kiiresti ja kergesti ning on tihendatud v\u00e4ikesteks graanuliteks ja ei levi laiali. Sest"},"iawp_total_views":1018},"product_brand":[],"product_cat":[9042,78,83,25,9009],"product_tag":[1940,5253],"class_list":{"0":"post-22043","1":"product","2":"type-product","3":"status-publish","4":"has-post-thumbnail","6":"product_cat-fitmin-for-life-katems","7":"product_cat-higiena-ir-prieziura-katems","8":"product_cat-kaciu-prekiu-gamintojai","9":"product_cat-katems","10":"product_cat-kraikas","11":"product_tag-naturalus-kraikas-katems","12":"product_tag-nedulkantis-kraikas-katems","13":"pa_kraiko-rusis-bentonitas","14":"pa_prekiu-zenklai-fitmin-for-life","16":"first","17":"instock","18":"featured","19":"taxable","20":"shipping-taxable","21":"purchasable","22":"product-type-simple"},"acf":[],"_links":{"self":[{"href":"https:\/\/zooprekes24.lt\/et\/wp-json\/wp\/v2\/product\/22043","targetHints":{"allow":["GET"]}}],"collection":[{"href":"https:\/\/zooprekes24.lt\/et\/wp-json\/wp\/v2\/product"}],"about":[{"href":"https:\/\/zooprekes24.lt\/et\/wp-json\/wp\/v2\/types\/product"}],"replies":[{"embeddable":true,"href":"https:\/\/zooprekes24.lt\/et\/wp-json\/wp\/v2\/comments?post=22043"}],"wp:featuredmedia":[{"embeddable":true,"href":"https:\/\/zooprekes24.lt\/et\/wp-json\/wp\/v2\/media\/18761"}],"wp:attachment":[{"href":"https:\/\/zooprekes24.lt\/et\/wp-json\/wp\/v2\/media?parent=22043"}],"wp:term":[{"taxonomy":"product_brand","embeddable":true,"href":"https:\/\/zooprekes24.lt\/et\/wp-json\/wp\/v2\/product_brand?post=22043"},{"taxonomy":"product_cat","embeddable":true,"href":"https:\/\/zooprekes24.lt\/et\/wp-json\/wp\/v2\/product_cat?post=22043"},{"taxonomy":"product_tag","embeddable":true,"href":"https:\/\/zooprekes24.lt\/et\/wp-json\/wp\/v2\/product_tag?post=22043"}],"curies":[{"name":"wp","href":"https:\/\/api.w.org\/{rel}","templated":true}]}}