{"id":22041,"date":"2024-04-18T21:19:06","date_gmt":"2024-04-18T18:19:06","guid":{"rendered":"https:\/\/zooprekes24.lt\/produktas\/fitmin-for-life-tea-tree-oil-sampunas\/"},"modified":"2026-04-16T16:09:03","modified_gmt":"2026-04-16T14:09:03","slug":"fitmin-for-life-teepuuoli-sampunas","status":"publish","type":"product","link":"https:\/\/zooprekes24.lt\/et\/produktas\/fitmin-for-life-tea-tree-oil-sampunas\/","title":{"rendered":"Fitmin for Life teepuu\u00f5li \u0161ampoon koertele ja kassidele 300 ml"},"content":{"rendered":"<h3>Fitmin for Life teepuu\u00f5li on \u0161ampoon, mis aitab k\u00f5rvaldada erinevaid parasiite. Koertele ja kassidele, formuleeritud looduslike, kuid t\u00f5husate koostisosadega. Unikaalsed toimeained koos parasiidivastaste looduslike koostisosadega, nagu teepuu-, bergamoti-, sidrunheina- ja eukal\u00fcpti\u00f5li, mitte ainult ei puhasta \u00f5rnalt nahka ja karvkatte, vaid leevendavad ka s\u00fcgelust ja niisutavad \u00e4rritunud nahka.<\/h3>\n<ul>\n<li><a href=\"http:\/\/www.fitmin.com\" target=\"_blank\" rel=\"noopener\">Fitmin<\/a> for Life teepuu\u00f5li \u0161ampoon k\u00f5ikidele t\u00f5ugudele <a href=\"https:\/\/zooprekes24.lt\/et\/?s=sunims&amp;post_type=product\" target=\"_blank\" rel=\"noopener\">Koertele<\/a> ja kassid.<\/li>\n<li>\u0160ampoonil on meeldiv looduslik l\u00f5hn ja see on inimestele ja loomadele ohutu.<\/li>\n<li>Koostises olevad looduslikud \u00f5lid mitte ainult ei niisuta looma karvkatte ja nahka, vaid leevendavad ka \u00e4rritunud naha s\u00fcgelust.<\/li>\n<li>Parasiidivastane \u0161ampoon aitab t\u00f5rjuda ja h\u00e4vitada mitmesuguseid parasiite, nagu kirbud, puugid, t\u00e4id jne.<\/li>\n<li>S\u00f5ltuvalt \u0161ampooni sobivast kogusest v\u00f5ib seda toodet kasutada v\u00e4ikeste, keskmise suurusega ja suurte koerat\u00f5ugude ja kasside puhul.<\/li>\n<\/ul>","protected":false},"excerpt":{"rendered":"<p>Fitmin for Life Tea Tree Oil &#8211; \u0161amp\u016bnas padedantis pa\u0161alinti \u012fvairi\u0173 parazit\u0173 atsiradim\u0105. Skirtas \u0161unims ir kat\u0117ms, sukurtas naudojant nat\u016bralius, bet veiksmingus komponentus. Unikalios veikliosios med\u017eiagos kartu su antiparazitin\u0117mis nat\u016braliomis med\u017eiagomis: arbatmed\u017eio, bergamo\u010di\u0173, citrin\u017eol\u0117s ir eukalipto aliejumi ne tik \u0161velniai valo od\u0105 bei kail\u012f bet ir ma\u017eina sudirgusios odos nie\u017e\u0117jim\u0105 ir j\u0105 dr\u0117kina. Fitmin for&#8230;<\/p>","protected":false},"featured_media":18756,"comment_status":"closed","ping_status":"closed","template":"","meta":{"_acf_changed":false,"slim_seo":{"title":"Fitmin for Life Tea Tree Oil \u0161amp\u016bnas nuo parazit\u0173 \u0161unims ir kat\u0117ms 300 ml - Zooprekes24","description":"Fitmin for Life teepuu\u00f5li on \u0161ampoon, mis aitab k\u00f5rvaldada erinevaid parasiite. Koertele ja kassidele, mis on formuleeritud kasutades looduslikke, kuid t\u00f5husaid"},"iawp_total_views":201},"product_brand":[],"product_cat":[9042,9043,83,25,104,32,9025,9026,8999,31],"product_tag":[6461,1626],"class_list":{"0":"post-22041","1":"product","2":"type-product","3":"status-publish","4":"has-post-thumbnail","6":"product_cat-fitmin-for-life-katems","7":"product_cat-fitmin-for-life-sunims","8":"product_cat-kaciu-prekiu-gamintojai","9":"product_cat-katems","10":"product_cat-kitos-kaciu-prekes","11":"product_cat-kitos-sunu-prekes","12":"product_cat-prieziuros-priemones-katems","13":"product_cat-prieziuros-priemones-sunims","14":"product_cat-sunims","15":"product_cat-sunu-prekiu-gamintojai","16":"product_tag-antiparazitinis-sampunas-katems","17":"product_tag-antiparazitinis-sampunas-sunims","18":"pa_prekiu-zenklai-fitmin-for-life","19":"pa_suns-amzius-jauniems","20":"pa_suns-amzius-senjorams","21":"pa_suns-amzius-suaugusiems","22":"pa_suns-amzius-visiems-amziams","23":"pa_veisles-dydis-didelems-veislems","24":"pa_veisles-dydis-mazoms-veislems","25":"pa_veisles-dydis-vidutinems-veislems","26":"pa_veisles-dydis-visu-dydziu-veislems","28":"first","29":"outofstock","30":"featured","31":"taxable","32":"shipping-taxable","33":"purchasable","34":"product-type-simple"},"acf":[],"_links":{"self":[{"href":"https:\/\/zooprekes24.lt\/et\/wp-json\/wp\/v2\/product\/22041","targetHints":{"allow":["GET"]}}],"collection":[{"href":"https:\/\/zooprekes24.lt\/et\/wp-json\/wp\/v2\/product"}],"about":[{"href":"https:\/\/zooprekes24.lt\/et\/wp-json\/wp\/v2\/types\/product"}],"replies":[{"embeddable":true,"href":"https:\/\/zooprekes24.lt\/et\/wp-json\/wp\/v2\/comments?post=22041"}],"wp:featuredmedia":[{"embeddable":true,"href":"https:\/\/zooprekes24.lt\/et\/wp-json\/wp\/v2\/media\/18756"}],"wp:attachment":[{"href":"https:\/\/zooprekes24.lt\/et\/wp-json\/wp\/v2\/media?parent=22041"}],"wp:term":[{"taxonomy":"product_brand","embeddable":true,"href":"https:\/\/zooprekes24.lt\/et\/wp-json\/wp\/v2\/product_brand?post=22041"},{"taxonomy":"product_cat","embeddable":true,"href":"https:\/\/zooprekes24.lt\/et\/wp-json\/wp\/v2\/product_cat?post=22041"},{"taxonomy":"product_tag","embeddable":true,"href":"https:\/\/zooprekes24.lt\/et\/wp-json\/wp\/v2\/product_tag?post=22041"}],"curies":[{"name":"wp","href":"https:\/\/api.w.org\/{rel}","templated":true}]}}