{"id":22040,"date":"2024-04-18T21:19:06","date_gmt":"2024-04-18T18:19:06","guid":{"rendered":"https:\/\/zooprekes24.lt\/produktas\/fitmin-for-life-white-dogs-sampunas\/"},"modified":"2026-04-16T16:05:28","modified_gmt":"2026-04-16T14:05:28","slug":"fitmin-for-life-valged-koerad-sampunas","status":"publish","type":"product","link":"https:\/\/zooprekes24.lt\/et\/produktas\/fitmin-for-life-white-dogs-sampunas\/","title":{"rendered":"Fitmin for Life White Dogs \u0161ampoon valgetele koertele 300 ml"},"content":{"rendered":"<h3>Fitmin for Life White Dogs on \u00f5rn, heledat v\u00e4rvi \u0161ampoon, mis on koostatud peente, kuid t\u00f5husate koostisosadega. Ainulaadsed toimeained, nagu sidrunheina eeterlik \u00f5li ja lutsuekstrakt, mitte ainult ei puhasta \u00f5rnalt, m\u00fcrgistavad ja hoiavad karvkatte v\u00e4rske l\u00f5hnaga, vaid ka niisutavad ja annavad sellele tervisliku l\u00e4ike.<\/h3>\n<ul>\n<li><a href=\"http:\/\/www.fitmin.com\" target=\"_blank\" rel=\"noopener\">Fitmin<\/a> for Life White Dogs \u0161ampoon heledale ja valgele koerat\u00f5ule\u00a0<a href=\"https:\/\/zooprekes24.lt\/et\/?s=sunims&amp;post_type=product\" target=\"_blank\" rel=\"noopener\">koertele.<\/a><\/li>\n<li>Eemaldab p\u00f5hjalikult kollased plekid ja parandab loomulikult teie lemmiklooma karvkatte heledat v\u00e4rvi.<\/li>\n<li>Sisaldab burdocki ekstrakti, mis niisutab teie koera karvu ja annab neile tervisliku l\u00e4ike.<\/li>\n<li>Loputab \u00f5rnalt ebapuhtuse \u00e4ra, \u00e4rritamata nahka.<\/li>\n<li>Rikastatud sidrunheina eeterliku \u00f5li, kummeli\u00f5ie ja hariliku juurte ekstraktidega.<\/li>\n<\/ul>","protected":false},"excerpt":{"rendered":"<p>Fitmin for Life White Dogs \u0161velnus,\u00a0\u0161viesi\u0105 kailio spalv\u0105 pary\u0161kinantis\u00a0\u0161amp\u016bnas sukurtas naudojant subtilius, bet veiksmingus ingredientus.\u00a0Unikalios veikliosios med\u017eiagos, tokios kaip citrin\u017eoli\u0173 eterinis aliejus ir\u00a0varnal\u0117\u0161\u0173 ekstraktas\u00a0ne tik \u0161velniai valo, detoksikuoj\u0105 ir u\u017etikrina gaiv\u0173 kailio kvap\u0105 bet ir dr\u0117kina bei suteikia jam sveiko \u017evilgesio. Fitmin for Life White Dogs \u0161amp\u016bnas skirtas \u0161viesaus ir balto kailio veisli\u0173\u00a0\u0161unims. Kruop\u0161\u010diai pa\u0161alina&#8230;<\/p>","protected":false},"featured_media":18755,"comment_status":"closed","ping_status":"closed","template":"","meta":{"_acf_changed":false,"slim_seo":{"title":"Fitmin for Life White Dogs \u0161amp\u016bnas baltiems \u0161unims 300 ml - Zooprekes24","description":"Fitmin for Life White Dogs \u0161velnus,\u00a0\u0161viesi\u0105 kailio spalv\u0105 pary\u0161kinantis\u00a0\u0161amp\u016bnas sukurtas naudojant subtilius, bet veiksmingus ingredientus.\u00a0Unikalios veikliosi"},"iawp_total_views":101},"product_brand":[],"product_cat":[9043,32,9026,8999,31],"product_tag":[],"class_list":{"0":"post-22040","1":"product","2":"type-product","3":"status-publish","4":"has-post-thumbnail","6":"product_cat-fitmin-for-life-sunims","7":"product_cat-kitos-sunu-prekes","8":"product_cat-prieziuros-priemones-sunims","9":"product_cat-sunims","10":"product_cat-sunu-prekiu-gamintojai","11":"pa_prekiu-zenklai-fitmin-for-life","12":"pa_suns-amzius-senjorams","13":"pa_suns-amzius-suaugusiems","14":"pa_veisles-dydis-didelems-veislems","15":"pa_veisles-dydis-mazoms-veislems","16":"pa_veisles-dydis-vidutinems-veislems","17":"pa_veisles-dydis-visu-dydziu-veislems","19":"first","20":"outofstock","21":"featured","22":"taxable","23":"shipping-taxable","24":"purchasable","25":"product-type-simple"},"acf":[],"_links":{"self":[{"href":"https:\/\/zooprekes24.lt\/et\/wp-json\/wp\/v2\/product\/22040","targetHints":{"allow":["GET"]}}],"collection":[{"href":"https:\/\/zooprekes24.lt\/et\/wp-json\/wp\/v2\/product"}],"about":[{"href":"https:\/\/zooprekes24.lt\/et\/wp-json\/wp\/v2\/types\/product"}],"replies":[{"embeddable":true,"href":"https:\/\/zooprekes24.lt\/et\/wp-json\/wp\/v2\/comments?post=22040"}],"wp:featuredmedia":[{"embeddable":true,"href":"https:\/\/zooprekes24.lt\/et\/wp-json\/wp\/v2\/media\/18755"}],"wp:attachment":[{"href":"https:\/\/zooprekes24.lt\/et\/wp-json\/wp\/v2\/media?parent=22040"}],"wp:term":[{"taxonomy":"product_brand","embeddable":true,"href":"https:\/\/zooprekes24.lt\/et\/wp-json\/wp\/v2\/product_brand?post=22040"},{"taxonomy":"product_cat","embeddable":true,"href":"https:\/\/zooprekes24.lt\/et\/wp-json\/wp\/v2\/product_cat?post=22040"},{"taxonomy":"product_tag","embeddable":true,"href":"https:\/\/zooprekes24.lt\/et\/wp-json\/wp\/v2\/product_tag?post=22040"}],"curies":[{"name":"wp","href":"https:\/\/api.w.org\/{rel}","templated":true}]}}