{"id":22039,"date":"2024-04-18T21:19:06","date_gmt":"2024-04-18T18:19:06","guid":{"rendered":"https:\/\/zooprekes24.lt\/produktas\/fitmin-for-life-sensitive-sampunas\/"},"modified":"2026-04-16T16:06:23","modified_gmt":"2026-04-16T14:06:23","slug":"fitmin-for-life-sensitive-sampunas","status":"publish","type":"product","link":"https:\/\/zooprekes24.lt\/et\/produktas\/fitmin-for-life-sensitive-sampunas\/","title":{"rendered":"Fitmin for Life Sensitive \u0161ampoon tundlikele koertele 300 ml"},"content":{"rendered":"<h3>Fitmin for Life Sensitive on \u00fclimalt \u00f5rn, rahustav \u0161ampoon, mis on koostatud peente, kuid t\u00f5husate koostisosadega. Ainulaadsed toimeained, nagu kummeli\u00f5ie ekstrakt ja pantenool, mitte ainult ei puhasta \u00f5rnalt karvkatte, vaid ka rahustavad teie lemmiklooma tundlikku ja haavatavat nahka.<\/h3>\n<ul>\n<li><a href=\"http:\/\/www.fitmin.com\" target=\"_blank\" rel=\"noopener\">Fitmin<\/a> for Life Sensitive Shampoo sobib k\u00f5ikidele t\u00f5ugudele.\u00a0<a href=\"https:\/\/zooprekes24.lt\/et\/?s=sunims&amp;post_type=product\" target=\"_blank\" rel=\"noopener\">koertele.<\/a><\/li>\n<li>Hoolitseb optimaalselt tundliku naha eest, \u00fchtlustab, rahustab ja niisutab seda.<\/li>\n<li>Loputab \u00f5rnalt ebapuhtuse \u00e4ra, \u00e4rritamata nahka.<\/li>\n<li>\u0160ampoon kaitseb karvkatte kahjulike v\u00e4lism\u00f5jude eest.<\/li>\n<li>Rikastatud aloe vera lehtede ja kummeli\u00f5ite ekstraktidega.<\/li>\n<\/ul>","protected":false},"excerpt":{"rendered":"<p>Fitmin for Life Sensitive itin \u0161velnus, raminantis\u00a0\u0161amp\u016bnas sukurtas naudojant subtilius, bet veiksmingus ingredientus. Unikalios veikliosios med\u017eiagos, tokios kaip ramun\u0117li\u0173 \u017eied\u0173 ekstraktas ir pantenolis ne tik \u0161velniai valo kail\u012f bet ir ramina jautri\u0105 ir lengvai pa\u017eeid\u017eiam\u0105 augintinio od\u0105. Fitmin for Life Sensitive \u0161amp\u016bnas tinkamas vis\u0173 veisli\u0173\u00a0\u0161unims. Optimaliai r\u016bpinasi jautria oda, j\u0105 harmonizuoja, ramina ir dr\u0117kina. \u0160velniai&#8230;<\/p>","protected":false},"featured_media":18754,"comment_status":"closed","ping_status":"closed","template":"","meta":{"_acf_changed":false,"slim_seo":{"title":"Fitmin for Life Sensitive \u0161amp\u016bnas jautriems \u0161unims 300 ml - Zooprekes24","description":"Fitmin for Life Sensitive itin \u0161velnus, raminantis\u00a0\u0161amp\u016bnas sukurtas naudojant subtilius, bet veiksmingus ingredientus. Unikalios veikliosios med\u017eiagos, tokios"},"iawp_total_views":52},"product_brand":[],"product_cat":[9043,32,9026,8999,31],"product_tag":[1554],"class_list":{"0":"post-22039","1":"product","2":"type-product","3":"status-publish","4":"has-post-thumbnail","6":"product_cat-fitmin-for-life-sunims","7":"product_cat-kitos-sunu-prekes","8":"product_cat-prieziuros-priemones-sunims","9":"product_cat-sunims","10":"product_cat-sunu-prekiu-gamintojai","11":"product_tag-kaciu-sampunas","12":"pa_prekiu-zenklai-fitmin-for-life","13":"pa_suns-amzius-senjorams","14":"pa_suns-amzius-suaugusiems","15":"pa_veisles-dydis-didelems-veislems","16":"pa_veisles-dydis-mazoms-veislems","17":"pa_veisles-dydis-vidutinems-veislems","18":"pa_veisles-dydis-visu-dydziu-veislems","20":"first","21":"instock","22":"featured","23":"taxable","24":"shipping-taxable","25":"purchasable","26":"product-type-simple"},"acf":[],"_links":{"self":[{"href":"https:\/\/zooprekes24.lt\/et\/wp-json\/wp\/v2\/product\/22039","targetHints":{"allow":["GET"]}}],"collection":[{"href":"https:\/\/zooprekes24.lt\/et\/wp-json\/wp\/v2\/product"}],"about":[{"href":"https:\/\/zooprekes24.lt\/et\/wp-json\/wp\/v2\/types\/product"}],"replies":[{"embeddable":true,"href":"https:\/\/zooprekes24.lt\/et\/wp-json\/wp\/v2\/comments?post=22039"}],"wp:featuredmedia":[{"embeddable":true,"href":"https:\/\/zooprekes24.lt\/et\/wp-json\/wp\/v2\/media\/18754"}],"wp:attachment":[{"href":"https:\/\/zooprekes24.lt\/et\/wp-json\/wp\/v2\/media?parent=22039"}],"wp:term":[{"taxonomy":"product_brand","embeddable":true,"href":"https:\/\/zooprekes24.lt\/et\/wp-json\/wp\/v2\/product_brand?post=22039"},{"taxonomy":"product_cat","embeddable":true,"href":"https:\/\/zooprekes24.lt\/et\/wp-json\/wp\/v2\/product_cat?post=22039"},{"taxonomy":"product_tag","embeddable":true,"href":"https:\/\/zooprekes24.lt\/et\/wp-json\/wp\/v2\/product_tag?post=22039"}],"curies":[{"name":"wp","href":"https:\/\/api.w.org\/{rel}","templated":true}]}}