{"id":22038,"date":"2024-04-18T21:19:06","date_gmt":"2024-04-18T18:19:06","guid":{"rendered":"https:\/\/zooprekes24.lt\/produktas\/fitmin-for-life-puppy-sampunas\/"},"modified":"2026-04-16T16:08:11","modified_gmt":"2026-04-16T14:08:11","slug":"fitmin-for-life-kutsikas-sampunas","status":"publish","type":"product","link":"https:\/\/zooprekes24.lt\/et\/produktas\/fitmin-for-life-puppy-sampunas\/","title":{"rendered":"Fitmin for Life Puppy Shampoo noortele koertele ja kassidele 300 ml"},"content":{"rendered":"<h3>Fitmin for Life Puppy on \u00fclimalt \u00f5rn, toitev \u0161ampoon, mis on koostatud peente, kuid t\u00f5husate koostisosadega. Ainulaadsed toimeained, nagu aloe vera leheekstrakt ja pantenool, mitte ainult ei puhasta \u00f5rnalt, vaid ka toidavad teie noore lemmiklooma nahka ja karvkatte.<\/h3>\n<ul>\n<li>Toitev ja niisutav toime.<\/li>\n<li>Rikastatud aloe vera leheekstraktiga.<\/li>\n<li>Loputab \u00f5rnalt ebapuhtuse \u00e4ra, \u00e4rritamata nahka.<\/li>\n<li>Hoolitseb optimaalselt tundliku naha eest, \u00fchtlustab, rahustab ja niisutab seda.<\/li>\n<li><a href=\"http:\/\/www.fitmin.com\" target=\"_blank\" rel=\"noopener\">Fitmin<\/a> for Life Puppy Shampoo sobib noortele kutsikatele <a href=\"https:\/\/zooprekes24.lt\/et\/?s=\u0161uniukams&amp;post_type=product\" target=\"_blank\" rel=\"noopener\">kutsikate jaoks<\/a> ja kassipoegade pesemiseks.<\/li>\n<\/ul>","protected":false},"excerpt":{"rendered":"<p>Fitmin for Life Puppy on \u00fclimalt \u00f5rn, toitev \u0161ampoon, mis on koostatud peente, kuid t\u00f5husate koostisosadega. Ainulaadsed toimeained, nagu aloe vera leheekstrakt ja pantenool, mitte ainult ei puhasta \u00f5rnalt, vaid ka toidavad teie noore lemmiklooma nahka ja karvkatte. Toitev ja niisutav toime. Rikastatud aloe vera leheekstraktiga. Loputab \u00f5rnalt mustuse \u00e4ra ilma nahka \u00e4rritamata. Optimaalne hooldus tundlikule nahale,...<\/p>","protected":false},"featured_media":18753,"comment_status":"closed","ping_status":"closed","template":"","meta":{"_acf_changed":false,"slim_seo":{"title":"Fitmin for Life Puppy \u0161amp\u016bnas jauniems \u0161unims ir kat\u0117ms 300 ml - Zooprekes24","description":"Fitmin for Life Puppy itin \u0161velnus, maitinamasis \u0161amp\u016bnas sukurtas naudojant subtilius, bet veiksmingus ingredientus. Unikalios veikliosios med\u017eiagos, tokios ka"},"iawp_total_views":45},"product_brand":[],"product_cat":[9042,9043,83,25,104,32,9025,9026,8999,31],"product_tag":[1554],"class_list":{"0":"post-22038","1":"product","2":"type-product","3":"status-publish","4":"has-post-thumbnail","6":"product_cat-fitmin-for-life-katems","7":"product_cat-fitmin-for-life-sunims","8":"product_cat-kaciu-prekiu-gamintojai","9":"product_cat-katems","10":"product_cat-kitos-kaciu-prekes","11":"product_cat-kitos-sunu-prekes","12":"product_cat-prieziuros-priemones-katems","13":"product_cat-prieziuros-priemones-sunims","14":"product_cat-sunims","15":"product_cat-sunu-prekiu-gamintojai","16":"product_tag-kaciu-sampunas","17":"pa_prekiu-zenklai-fitmin-for-life","18":"pa_suns-amzius-jauniems","19":"pa_veisles-dydis-didelems-veislems","20":"pa_veisles-dydis-mazoms-veislems","21":"pa_veisles-dydis-vidutinems-veislems","22":"pa_veisles-dydis-visu-dydziu-veislems","24":"first","25":"outofstock","26":"featured","27":"taxable","28":"shipping-taxable","29":"purchasable","30":"product-type-simple"},"acf":[],"_links":{"self":[{"href":"https:\/\/zooprekes24.lt\/et\/wp-json\/wp\/v2\/product\/22038","targetHints":{"allow":["GET"]}}],"collection":[{"href":"https:\/\/zooprekes24.lt\/et\/wp-json\/wp\/v2\/product"}],"about":[{"href":"https:\/\/zooprekes24.lt\/et\/wp-json\/wp\/v2\/types\/product"}],"replies":[{"embeddable":true,"href":"https:\/\/zooprekes24.lt\/et\/wp-json\/wp\/v2\/comments?post=22038"}],"wp:featuredmedia":[{"embeddable":true,"href":"https:\/\/zooprekes24.lt\/et\/wp-json\/wp\/v2\/media\/18753"}],"wp:attachment":[{"href":"https:\/\/zooprekes24.lt\/et\/wp-json\/wp\/v2\/media?parent=22038"}],"wp:term":[{"taxonomy":"product_brand","embeddable":true,"href":"https:\/\/zooprekes24.lt\/et\/wp-json\/wp\/v2\/product_brand?post=22038"},{"taxonomy":"product_cat","embeddable":true,"href":"https:\/\/zooprekes24.lt\/et\/wp-json\/wp\/v2\/product_cat?post=22038"},{"taxonomy":"product_tag","embeddable":true,"href":"https:\/\/zooprekes24.lt\/et\/wp-json\/wp\/v2\/product_tag?post=22038"}],"curies":[{"name":"wp","href":"https:\/\/api.w.org\/{rel}","templated":true}]}}