{"id":22037,"date":"2024-04-18T21:19:06","date_gmt":"2024-04-18T18:19:06","guid":{"rendered":"https:\/\/zooprekes24.lt\/produktas\/fitmin-purity-barf-sunims\/"},"modified":"2024-08-14T16:34:09","modified_gmt":"2024-08-14T13:34:09","slug":"fitmin-purity-barf-sunims","status":"publish","type":"product","link":"https:\/\/zooprekes24.lt\/et\/produktas\/fitmin-purity-barf-sunims\/","title":{"rendered":"Fitmin Purity Barf &amp; Cooked T\u00e4ielik ja tasakaalustatud toidulisand koertele 260 g"},"content":{"rendered":"<h3>Fitmin Purity Barf &amp; Cooked Complete and Balanced on looduslik \u00f5llep\u00e4rmi toidulisand t\u00e4iskasvanud koertele, mida v\u00f5ib nimetada t\u00f5eliseks supertoiduks v\u00f5i looduslikuks probiootikumiks. Kui te m\u00f5tlete, kas tasub proovida ja t\u00e4iendada oma lemmiklooma toitu \u00f5llep\u00e4rmiga, siis vastus on kahtlemata! \u00d5llep\u00e4rmi koertele kasutatakse sageli toidulisandina, et tagada koera t\u00e4isv\u00e4\u00e4rtuslik toit, mis tagab lemmiklooma organismile vajalikud vitamiinid ja antioks\u00fcdandid, mida lihtne lemmikloomatoit ei suuda tagada.<\/h3>\n<ul>\n<li>\u00d5llep\u00e4rm on looduslik toode, mis sisaldab palju olulisi toimeaineid optimaalses tasakaalus: k\u00f5iki B-vitamiine, mineraalaineid ja kvaliteetseid valke. B-vitamiinid toimivad katal\u00fcsaatoritena k\u00f5igis loomkudedes. Need on olulised s\u00fcsivesikute ja valkude optimaalseks omastamiseks ning rakkude jagunemise hea toimimise tagamiseks. Parandades ainevahetust, ei suurenda nad mitte ainult lemmiklooma eluj\u00f5udu, vaid tugevdavad ka koera n\u00e4rvis\u00fcsteemi.<\/li>\n<li>Fitmin Purity Barf &amp; Cooked T\u00e4ielik ja tasakaalustatud toidulisand sisaldab rohkelt antioks\u00fcdante, et edendada teie lemmiklooma naha kvaliteeti ja tagada terve, l\u00e4ikiv karvkate.<\/li>\n<li>T\u00e4nu energiatootmise aktiveerimisele keha enda rakkudes ei tugevda \u00f5llep\u00e4rmi k\u00f5rge mineraalainete ja mikroelementide sisaldus mitte ainult lemmiklooma soovi olla aktiivne, vaid aitab ka vanema koera organismil taastada eluj\u00f5udu.<\/li>\n<li>\u00d5llep\u00e4rm on looduslik ja ohutu toode igap\u00e4evaseks kasutamiseks, olenemata sellest, millega te oma neljajalgset s\u00f5pra toidate. Toidulisand kompenseerib ja v\u00e4hendab toitainete puuduse riski ning aitab ka katta tiinete v\u00f5i imetavate emaste ja haigusest taastuvate koerte k\u00f5rgeid vajadusi.<\/li>\n<li>Fitmin Purity Barf &amp; Cooked Complete and Balanced Ingredients Chlorella rikastatud (<a href=\"https:\/\/en.wikipedia.org\/wiki\/Chlorella\" target=\"_blank\" rel=\"noopener\"><em>Chlorella vetikad<\/em><\/a>) on vabalt ujuvad, ainuraksed rohelised mikrovetikad (f\u00fctoplankton), mis kasvavad magevees. Klorella rakuseinad koosnevad suures osas tselluloosist ja kitiinist, mis v\u00f5imaldab neil siduda ja eemaldada m\u00fcrgiseid aineid. Need mikrovetikad absorbeerivad lemmiklooma organismis olevaid mittevajalikke j\u00e4\u00e4tmeid ja toksiine ning aitavad neid lemmiklooma organismist soolestiku kaudu \u00f5rnalt eemaldada.<\/li>\n<li>Fitmin Purity Barf &amp; Cooked Complete and Balanced \u00f5llep\u00e4rm on ideaalne t\u00e4iendus BARF (Bones and Raw Food) lemmiklooma toidule.<\/li>\n<\/ul>","protected":false},"excerpt":{"rendered":"<p>Fitmin Purity Barf &amp; Cooked Complete and Balanced nat\u016bralus alaus mieli\u0173 pa\u0161aro papildas suaugusiems \u0161unims kur\u012f galima vadinti tikru supermaistu ar nat\u016braliu probiotiku.\u00a0Jei svarstote ar vert\u0117t\u0173 i\u0161m\u0117ginti ir papildyti augintinio mityb\u0105 alaus miel\u0117mis, atsakymas &#8211; be abejon\u0117s! Alaus miel\u0117s \u0161unims da\u017enai naudojamos kaip priedas pilnaver\u010diam \u0161uns mitybos raciono u\u017etikrinimui, kuris apr\u016bpina augintinio organizm\u0105 reikaling\u0173 vitamin\u0173&#8230;<\/p>","protected":false},"featured_media":18751,"comment_status":"closed","ping_status":"closed","template":"","meta":{"_acf_changed":false,"slim_seo":{"title":"Fitmin Purity Barf & Cooked Complete and Balanced maisto papildas \u0161unims 260 g - Zooprekes24","description":"Fitmin Purity Barf &amp; Cooked Complete and Balanced looduslik \u00f5llep\u00e4rmi toidulisand t\u00e4iskasvanud koertele, mida v\u00f5ib nimetada t\u00f5eliseks supertoiduks v\u00f5i looduslikuks"},"iawp_total_views":58},"product_brand":[],"product_cat":[9051,32,8999,31,9022],"product_tag":[3063,3347,1319,1322,1331],"class_list":{"0":"post-22037","1":"product","2":"type-product","3":"status-publish","4":"has-post-thumbnail","6":"product_cat-fitmin-purity","7":"product_cat-kitos-sunu-prekes","8":"product_cat-sunims","9":"product_cat-sunu-prekiu-gamintojai","10":"product_cat-vitaminai-ir-papildai-sunims","11":"product_tag-barf-papildai-sunims","12":"product_tag-fitmin-alaus-mieles-sunims","13":"product_tag-fitmin-purity-papildai","14":"product_tag-fitmin-vitaminai-suniui","15":"product_tag-vitaminai-senam-suniui","16":"pa_prekiu-zenklai-fitmin-purity","17":"pa_suns-amzius-senjorams","18":"pa_suns-amzius-suaugusiems","19":"pa_veisles-dydis-didelems-veislems","20":"pa_veisles-dydis-mazoms-veislems","21":"pa_veisles-dydis-vidutinems-veislems","22":"pa_veisles-dydis-visu-dydziu-veislems","24":"first","25":"outofstock","26":"featured","27":"taxable","28":"shipping-taxable","29":"purchasable","30":"product-type-simple"},"acf":[],"_links":{"self":[{"href":"https:\/\/zooprekes24.lt\/et\/wp-json\/wp\/v2\/product\/22037","targetHints":{"allow":["GET"]}}],"collection":[{"href":"https:\/\/zooprekes24.lt\/et\/wp-json\/wp\/v2\/product"}],"about":[{"href":"https:\/\/zooprekes24.lt\/et\/wp-json\/wp\/v2\/types\/product"}],"replies":[{"embeddable":true,"href":"https:\/\/zooprekes24.lt\/et\/wp-json\/wp\/v2\/comments?post=22037"}],"wp:featuredmedia":[{"embeddable":true,"href":"https:\/\/zooprekes24.lt\/et\/wp-json\/wp\/v2\/media\/18751"}],"wp:attachment":[{"href":"https:\/\/zooprekes24.lt\/et\/wp-json\/wp\/v2\/media?parent=22037"}],"wp:term":[{"taxonomy":"product_brand","embeddable":true,"href":"https:\/\/zooprekes24.lt\/et\/wp-json\/wp\/v2\/product_brand?post=22037"},{"taxonomy":"product_cat","embeddable":true,"href":"https:\/\/zooprekes24.lt\/et\/wp-json\/wp\/v2\/product_cat?post=22037"},{"taxonomy":"product_tag","embeddable":true,"href":"https:\/\/zooprekes24.lt\/et\/wp-json\/wp\/v2\/product_tag?post=22037"}],"curies":[{"name":"wp","href":"https:\/\/api.w.org\/{rel}","templated":true}]}}