{"id":22036,"date":"2024-04-18T21:19:06","date_gmt":"2024-04-18T18:19:06","guid":{"rendered":"https:\/\/zooprekes24.lt\/produktas\/fitmin-purity-coat-skin-sunims\/"},"modified":"2024-09-12T11:19:25","modified_gmt":"2024-09-12T08:19:25","slug":"fitmin-purity-coat-skin-sunims","status":"publish","type":"product","link":"https:\/\/zooprekes24.lt\/et\/produktas\/fitmin-purity-coat-skin-sunims\/","title":{"rendered":"Fitmin Purity Coat &amp; Skin toidulisand koertele 160 g"},"content":{"rendered":"<h3>Fitmin Purity Coat &amp; Skin t\u00e4iskasvanud koertele ei aita teie lemmikloomal mitte ainult saada ilusat, l\u00e4ikivat ja tihedat karvkatte, vaid parandab ka naha \u00fcldist kvaliteeti ja tugevdab naha sidekude. Toidulisand annab ka karvkattele optimaalse pigmentatsiooni ja avaldab positiivset m\u00f5ju kogu keha immuuns\u00fcsteemile. Ilma \u00f5igeaegse t\u00e4helepanuta lemmiklooma karvkatte ja naha tervisele v\u00f5ib karvkate kaotada oma l\u00e4ike, mattuda ja tugevasti karvkate. Nahk v\u00f5ib muutuda tundlikuks ning v\u00f5ivad tekkida mitmesugused allergilised s\u00fcgelused, kihistused ja \u00e4rritused, mis v\u00f5ivad viia t\u00f5sisemate nahahaigusteni.<\/h3>\n<ul>\n<li>Nahk on keha kaitsebarj\u00e4\u00e4r, mis kaitseb looma keha v\u00e4liskeskkonna eest. See peab olema piisavalt tundlik, et tajuda muutusi keskkonnas, kuid samas piisavalt tugev, et kaitsta peamisi organeid ja kudesid v\u00e4lise kahjustuse eest. Naha v\u00e4lised ja suukaudsed preparaadid peavad toimima omavahel harmooniliselt, et tagada k\u00f5igi kolme nahakihi (epidermis, dermis ja h\u00fcpodermis) n\u00f5uetekohane toimimine, kuid ka lemmiklooma optimaalne kaitse.<\/li>\n<li>Ebapiisav biotiin v\u00f5ib p\u00f5hjustada lemmiklooma karvkatte v\u00e4ljalangemist, kuivamist ja mattumist, naha muutumist tundlikuks ning k\u00fc\u00fcnte n\u00f5rgenemist ja hapraks muutumist. Nende probleemide v\u00e4ltimiseks tuleks koera toitmist t\u00e4iendada biotiinilisandiga. Fitmin Purity Coat &amp; Skin sisaldab koguni 1000 mg biotiini.<\/li>\n<li>Rikastatud lihtsate ja mitteaktiivsete ainetega\u00a0<em>Saccharomyces cerevisiae <\/em>p\u00e4rm ja B-kompleks vitamiinid (B1, B2, B6, B12), mis annavad teie lemmiklooma nahale vajalikke toitaineid. Nahk muutub m\u00e4rgatavalt elastsemaks ja niisutatumaks ning k\u00f5\u00f5m paraneb v\u00f5i kaob t\u00e4ielikult.<\/li>\n<li>S\u00f6\u00f6tmine on loomulik protsess, kuid liigset s\u00f6\u00f6tmist soodustavad hooajaline siseruumide k\u00fctmine ja lemmikloomade kehv toitumine. Need p\u00f5hjused h\u00e4irivad lemmiklooma loomulikku s\u00f6\u00f6tmists\u00fcklit ja p\u00f5hjustavad omanikele t\u00e4iendavaid ebameeldivusi, n\u00e4iteks: karvkatte ja karva kindlus kodus :) Fitmin Purity Coat &amp; Skin taastab lemmiklooma karvade loomuliku eluts\u00fckli.<\/li>\n<li>Kasutatakse kompositsioonis <a href=\"https:\/\/www.biorigin.net\/biorigin\/index.php\/en\/feed-2\/portfolio-feed-2\/portfolio-feed-macrogard-2\" target=\"_blank\" rel=\"noopener\">Biorigin's MacroGard\u00ae<\/a> Beeta-gl\u00fckaanid - t\u00e4ielikult looduslik, puhastatud aine, mis on saadud mitteaktiivsetest\u00a0<em>Saccharomyces cerevisae<\/em><em>\u00a0<\/em>p\u00e4rmi rakuseinad<em>, <\/em>sisaldab k\u00f5rgeima kvaliteediga 1,3\/1,6 beetagl\u00fckaane, millel on erakordsed bioaktiivsed omadused. Need mitte ainult ei tasakaalusta ja tugevda lemmiklooma loomulikku kaitsev\u00f5imet, vaid aitavad ka kaasa organismi t\u00f5husamale v\u00f5itlusele p\u00f5letiku ja haiguste vastu. Fitmin Purity Coat &amp; Skin'is sisalduvad \u03b2-gl\u00fckaanid aitavad kaasa ka soolestiku mikrobioota tasakaalustamisele, v\u00e4hendades soovimatute mikroorganismide koloniseerimise riski ja raskusastet.<\/li>\n<\/ul>","protected":false},"excerpt":{"rendered":"<p>Fitmin Purity Coat &amp; Skin pa\u0161aro papildas suaugusiems \u0161unims pad\u0117s\u00a0augintiniui tur\u0117ti ne tik gra\u017e\u0173, \u017evilgant\u012f ir tank\u0173 kail\u012f bet ir gerins bendr\u0105\u00a0odos kokyb\u0119 bei stiprins jungiamuosius odos audinius. Papildas taip pat suteiks kailio spalvai\u00a0optimali\u0105 pigmentacij\u0105 bei tur\u0117s teigiam\u0105 poveik\u012f bendram organizmo \u012fmunitetui.\u00a0Laiku nepasir\u016bpinus augintinio kailio ir odos sveikata, kailis gali prarasti blizges\u012f, prad\u0117ti veltis ir&#8230;<\/p>","protected":false},"featured_media":18749,"comment_status":"closed","ping_status":"closed","template":"","meta":{"_acf_changed":false,"slim_seo":{"title":"Fitmin Purity Coat & Skin maisto papildas \u0161unims 160 g - Zooprekes24","description":"Fitmin Purity Coat &amp; Skin t\u00e4iskasvanud koertele ei aita teie lemmikloomal mitte ainult saada ilusat, l\u00e4ikivat ja tihedat karvkatte, vaid parandab ka naha \u00fcldist kvaliteeti."},"iawp_total_views":78},"product_brand":[],"product_cat":[9051,32,8999,31,9022],"product_tag":[1319,1354,1322,1358,1331],"class_list":{"0":"post-22036","1":"product","2":"type-product","3":"status-publish","4":"has-post-thumbnail","6":"product_cat-fitmin-purity","7":"product_cat-kitos-sunu-prekes","8":"product_cat-sunims","9":"product_cat-sunu-prekiu-gamintojai","10":"product_cat-vitaminai-ir-papildai-sunims","11":"product_tag-fitmin-purity-papildai","12":"product_tag-fitmin-purity-papildai-kailiui","13":"product_tag-fitmin-vitaminai-suniui","14":"product_tag-papildai-suns-kailiui","15":"product_tag-vitaminai-senam-suniui","16":"pa_prekiu-zenklai-fitmin-purity","17":"pa_suns-amzius-senjorams","18":"pa_suns-amzius-suaugusiems","19":"pa_veisles-dydis-didelems-veislems","20":"pa_veisles-dydis-mazoms-veislems","21":"pa_veisles-dydis-vidutinems-veislems","22":"pa_veisles-dydis-visu-dydziu-veislems","24":"first","25":"outofstock","26":"featured","27":"taxable","28":"shipping-taxable","29":"purchasable","30":"product-type-simple"},"acf":[],"_links":{"self":[{"href":"https:\/\/zooprekes24.lt\/et\/wp-json\/wp\/v2\/product\/22036","targetHints":{"allow":["GET"]}}],"collection":[{"href":"https:\/\/zooprekes24.lt\/et\/wp-json\/wp\/v2\/product"}],"about":[{"href":"https:\/\/zooprekes24.lt\/et\/wp-json\/wp\/v2\/types\/product"}],"replies":[{"embeddable":true,"href":"https:\/\/zooprekes24.lt\/et\/wp-json\/wp\/v2\/comments?post=22036"}],"wp:featuredmedia":[{"embeddable":true,"href":"https:\/\/zooprekes24.lt\/et\/wp-json\/wp\/v2\/media\/18749"}],"wp:attachment":[{"href":"https:\/\/zooprekes24.lt\/et\/wp-json\/wp\/v2\/media?parent=22036"}],"wp:term":[{"taxonomy":"product_brand","embeddable":true,"href":"https:\/\/zooprekes24.lt\/et\/wp-json\/wp\/v2\/product_brand?post=22036"},{"taxonomy":"product_cat","embeddable":true,"href":"https:\/\/zooprekes24.lt\/et\/wp-json\/wp\/v2\/product_cat?post=22036"},{"taxonomy":"product_tag","embeddable":true,"href":"https:\/\/zooprekes24.lt\/et\/wp-json\/wp\/v2\/product_tag?post=22036"}],"curies":[{"name":"wp","href":"https:\/\/api.w.org\/{rel}","templated":true}]}}