{"id":22035,"date":"2024-04-18T21:19:06","date_gmt":"2024-04-18T18:19:06","guid":{"rendered":"https:\/\/zooprekes24.lt\/produktas\/fitmin-purity-teeth-gums-sunims\/"},"modified":"2024-08-14T16:40:38","modified_gmt":"2024-08-14T13:40:38","slug":"fitmin-purity-hambad-igemed-sunims","status":"publish","type":"product","link":"https:\/\/zooprekes24.lt\/et\/produktas\/fitmin-purity-teeth-gums-sunims\/","title":{"rendered":"Fitmin Purity Teeth &amp; Gums toidulisand koertele 80 g"},"content":{"rendered":"<h3>Fitmin Purity Teeth &amp; Gums on toidulisand koertele, mis on loodud selleks, et ennetada hambakivi ja hambakivi teket ning soovimatute bakterite kasvu teie lemmiklooma suu\u00f5\u00f5nes. Iga kord, kui lemmikloom s\u00f6\u00f6b, moodustub tema hammastele kleepuv hambakivi, mis reageerib lemmiklooma s\u00fcljes looduslikult leiduvate sooladega ning hakkab k\u00f5venema ja moodustama hambakivi. Ilma \u00f5igeaegse suuhoolduseta v\u00f5ivad lemmiklooma igemed muutuda valulikuks ning tekkida v\u00f5ivad mitmesugused p\u00f5letikud, millega kaasneb valu ja t\u00f5sisemad haigused, mis v\u00f5ivad viia hammaste kaotamiseni.<\/h3>\n<ul style=\"font-weight: 400;\">\n<li>Suur r\u00e4ime (<a href=\"https:\/\/en.wikipedia.org\/wiki\/Ascophyllum\" target=\"_blank\" rel=\"noopener\">Ascophylum nodosum<\/a>) on merevetikast saadud looduslik aine, mida kasutatakse ennetavalt ja prof\u00fclaktiliselt hambakivi ja hambakivi moodustumise vastu lemmikloomadel. Samuti on teada, et merevetikad on t\u00f5husad mitte ainult suu\u00f5\u00f5ne bakterite v\u00e4hendamisel, vaid ka lemmikloomade halva hinge\u00f5hu k\u00f5rvaldamisel.<\/li>\n<li>Fitmin Purity Teeth &amp; Gums toidulisandi regulaarse kasutamisega\u00a0<span lang=\"CS\">kokkupuude kelmiga vabaneb vereringes\u00fcsteemist lemmiklooma suu\u00f5\u00f5nes oleva s\u00fclje kaudu<\/span>andes neile pehmendavaid omadusi, mis lahustavad hambaplaagi ja v\u00e4hendavad uue hambaplaagi tekkimise riski.<\/li>\n<li>Merivetikad sisaldavad ka olulisi vitamiine, mineraale ja mikroelemente, mis koos joodi ja seleeniga on v\u00e4ga kasulikud looma \u00fcldisele tervisele. Need mitte ainult ei tugevda koera immuunsust ja omavad antioks\u00fcdantseid omadusi, vaid aitavad ka ennetada degeneratiivseid protsesse.<\/li>\n<li>C-vitamiinil on positiivne m\u00f5ju igemetele, andes veresoonte seintele ja rakumembraanidele elastsust. See antioks\u00fcdantne vitamiin kaitseb teie lemmiklooma rakke keskkonna kahjulike m\u00f5jude eest, tugevdab immuuns\u00fcsteemi ja aitab v\u00e4ltida v\u00f5i v\u00e4hendada korduvat igemeverejooksu.<\/li>\n<li>Fitmin Purity Teeth &amp; Gums Coenzyme Q toidulisandis<sub>10\u00a0<\/sub>v\u00e4hendab p\u00f5letikulisi protsesse ja parodontaltaskute suurust ning aitab parandada nende seisundit.<\/li>\n<\/ul>","protected":false},"excerpt":{"rendered":"<p>Fitmin Purity Teeth &amp; Gums pa\u0161aro papildas \u0161unims sukurtas taip, jog pad\u0117t\u0173 i\u0161vengti apna\u0161\u0173 ir akmen\u0173 formavimosi bei nepageidaujam\u0173 bakterij\u0173 dauginimosi augintinio burnos ertm\u0117je. Kiekvien\u0105 kart\u0105 augintiniui \u0117dant ant dant\u0173 susiformuoja lipnios apna\u0161os, kurios reaguodamos \u012f nat\u016braliai augintinio seil\u0117se esan\u010dias druskas, pradeda kiet\u0117ti ir virsta dant\u0173 akmenimis.\u00a0Laiku nepasir\u016bpinus augintinio burnos ertm\u0117s sveikata\u00a0dantenos gali tapti skausmingos,&#8230;<\/p>","protected":false},"featured_media":18747,"comment_status":"closed","ping_status":"closed","template":"","meta":{"_acf_changed":false,"slim_seo":{"title":"Fitmin Purity Teeth & Gums maisto papildas \u0161unims 80 g - Zooprekes24","description":"Fitmin Purity Teeth &amp; Gums on toidulisand koertele, mis on loodud selleks, et v\u00e4ltida hambakivi ja hambakivi teket ning soovimatute bakterite kasvu."},"iawp_total_views":55},"product_brand":[],"product_cat":[9051,32,8999,31,9022],"product_tag":[1319,3354,1322,1331],"class_list":{"0":"post-22035","1":"product","2":"type-product","3":"status-publish","4":"has-post-thumbnail","6":"product_cat-fitmin-purity","7":"product_cat-kitos-sunu-prekes","8":"product_cat-sunims","9":"product_cat-sunu-prekiu-gamintojai","10":"product_cat-vitaminai-ir-papildai-sunims","11":"product_tag-fitmin-purity-papildai","12":"product_tag-fitmin-purity-papildas-suns-dantims","13":"product_tag-fitmin-vitaminai-suniui","14":"product_tag-vitaminai-senam-suniui","15":"pa_prekiu-zenklai-fitmin-purity","16":"pa_suns-amzius-jauniems","17":"pa_suns-amzius-senjorams","18":"pa_suns-amzius-suaugusiems","19":"pa_suns-amzius-visiems-amziams","20":"pa_veisles-dydis-didelems-veislems","21":"pa_veisles-dydis-mazoms-veislems","22":"pa_veisles-dydis-vidutinems-veislems","23":"pa_veisles-dydis-visu-dydziu-veislems","25":"first","26":"outofstock","27":"featured","28":"taxable","29":"shipping-taxable","30":"purchasable","31":"product-type-simple"},"acf":[],"_links":{"self":[{"href":"https:\/\/zooprekes24.lt\/et\/wp-json\/wp\/v2\/product\/22035","targetHints":{"allow":["GET"]}}],"collection":[{"href":"https:\/\/zooprekes24.lt\/et\/wp-json\/wp\/v2\/product"}],"about":[{"href":"https:\/\/zooprekes24.lt\/et\/wp-json\/wp\/v2\/types\/product"}],"replies":[{"embeddable":true,"href":"https:\/\/zooprekes24.lt\/et\/wp-json\/wp\/v2\/comments?post=22035"}],"wp:featuredmedia":[{"embeddable":true,"href":"https:\/\/zooprekes24.lt\/et\/wp-json\/wp\/v2\/media\/18747"}],"wp:attachment":[{"href":"https:\/\/zooprekes24.lt\/et\/wp-json\/wp\/v2\/media?parent=22035"}],"wp:term":[{"taxonomy":"product_brand","embeddable":true,"href":"https:\/\/zooprekes24.lt\/et\/wp-json\/wp\/v2\/product_brand?post=22035"},{"taxonomy":"product_cat","embeddable":true,"href":"https:\/\/zooprekes24.lt\/et\/wp-json\/wp\/v2\/product_cat?post=22035"},{"taxonomy":"product_tag","embeddable":true,"href":"https:\/\/zooprekes24.lt\/et\/wp-json\/wp\/v2\/product_tag?post=22035"}],"curies":[{"name":"wp","href":"https:\/\/api.w.org\/{rel}","templated":true}]}}