{"id":22034,"date":"2024-04-18T21:19:06","date_gmt":"2024-04-18T18:19:06","guid":{"rendered":"https:\/\/zooprekes24.lt\/produktas\/fitmin-purity-joints-prevention-sunims\/"},"modified":"2024-08-14T16:36:25","modified_gmt":"2024-08-14T13:36:25","slug":"fitmin-purity-jointide-ennetamine-sunims","status":"publish","type":"product","link":"https:\/\/zooprekes24.lt\/et\/produktas\/fitmin-purity-joints-prevention-sunims\/","title":{"rendered":"Fitmin Purity Joints &amp; Prevention toidulisand koertele 200 g"},"content":{"rendered":"<h3>Fitmin Purity Joints &amp; Prevention koerte toidulisand on koostatud looduslikest koostisosadest, mis on olulised teie lemmiklooma liikumiss\u00fcsteemi t\u00f5hususe ja efektiivsuse jaoks. Igap\u00e4evased jalutusk\u00e4igud, kiire kasv ja suurenev f\u00fc\u00fcsiline aktiivsus m\u00f5jutavad koera liigeste, sidemete ja k\u00f5\u00f5luste kvaliteeti. Kui lemmiklooma liigeste tervise eest ei hoolitseta \u00f5igeaegselt, v\u00f5ib see p\u00f5hjustada liikuvuse v\u00e4henemist, p\u00f5letikku, valu ja haigusi. On t\u00e4heldatud, et liigeste tervist halvendab tavaliselt \u00fclekaalulisus ning et noortel, kiiresti kasvavatel (suurtel ja hiiglast\u00f5ugudel) t\u00f5ugudel on samuti suurenenud risk liigeseprobleemide tekkeks, mitte ainult geneetilise eelsoodumuse, vaid ka vitamiinide ja mineraalide puudumise t\u00f5ttu.<\/h3>\n<ul style=\"font-weight: 400;\">\n<li>Fitmin Purity Joints &amp; Prevention on optimaalselt kohandatud noore koera vajadustele. Koostisosad valemis aitavad v\u00f5idelda h\u00e4irete vastu liigesek\u00f5hre ja luustiku arengus. Samuti pakub toidulisand toetavat toimet noorte ja t\u00e4iskasvanud koerte krooniliste luu- ja lihaskonna haiguste ravimisel.<\/li>\n<li>See on h\u00e4davajalik kiiresti kasvavate (suurte ja hiiglaslike) t\u00f5ugude ennetamiseks, samuti osteoartriidi, osteokondroosi (OCD) ning puusade ja k\u00fc\u00fcnarnukkide kondraalse d\u00fcsplaasia ennetamiseks. Toidulisandi toimeained toetavad noorte koerte liigeste taastumist ja kaitset ning liigesk\u00f5hre n\u00f5uetekohast arengut.<\/li>\n<li>Rikastatud h\u00fcdrol\u00fc\u00fcsitud kollageeniga (tuntud ka kui kollageenipeptiidid), mis on loomade luudest, nahast ja sidekoest toodetud \u017eelatiin. On t\u00f5estatud, et see tagab k\u00f5\u00f5luste elastsuse, stimuleerib k\u00f5hre s\u00fcnteesi ja regenereerimist ning soodustab s\u00fcnoviaalvedeliku eritumist.<\/li>\n<li>Fitmin Purity Joints &amp; Prevention'is sisalduv kondroitiinsulfaat parandab liigeste t\u00f5husust ja vastupidavust ning suurendab luude ja liigeste vastupidavust mikrokahjustustele.<\/li>\n<li>Gl\u00fckoosamiin v\u00e4hendab k\u00f5hre struktuurikahjustusi ja m\u00f5jub positiivselt osteoartriidi s\u00fcmptomitele, leevendades neid.<\/li>\n<li><a href=\"https:\/\/www.fitmin.cz\/doplnky-stravy\" target=\"_blank\" rel=\"noopener\">Fitmin Purity Liigesed ja ennetamine<\/a> Haluroonhape on \u00fcks peamisi molekulaarseid komponente liigesevedelikus, mida k\u00f5hrrakud eritavad looduslikult. H\u00fcaluroonhape aitab taastada liigesevedeliku viskoossust, m\u00e4\u00e4rdev\u00f5imet ja elastsust, samuti leevendab valu, parandab liikuvust ja taastab h\u00fcaluroonhappe loomulikku kaitsefunktsiooni liigestes.<\/li>\n<\/ul>","protected":false},"excerpt":{"rendered":"<p>Fitmin Purity Joints &amp; Prevention pa\u0161aro papildas \u0161unims sudarytas i\u0161 nat\u016brali\u0173 med\u017eiag\u0173, kurios yra b\u016btinos augintinio jud\u0117jimo sistemos veiksmingumui ir efektyvumui u\u017etikrinti. Kasdieniniai pasivaik\u0161\u010diojimai, greitas augimas ir did\u0117jantis fizinis kr\u016bvis turi \u012ftakos \u0161uns s\u0105nari\u0173, rai\u0161\u010di\u0173 bei sausgysli\u0173 kokybei. Laiku nepasir\u016bpinus augintinio s\u0105nari\u0173 sveikata\u00a0gali pasireik\u0161ti suma\u017e\u0117jas \u0161uns mobilumas, \u012fvair\u016bs u\u017edegimai, skausmai bei ligos. Pastebima, jog s\u0105nari\u0173&#8230;<\/p>","protected":false},"featured_media":18746,"comment_status":"closed","ping_status":"closed","template":"","meta":{"_acf_changed":false,"slim_seo":{"title":"Fitmin Purity Joints & Prevention maisto papildas \u0161unims 200 g - Zooprekes24","description":"Fitmin Purity Joints &amp; Prevention koerte toidulisand koosneb looduslikest ainetest, mis on olulised lemmiklooma liikumiss\u00fcsteemi t\u00f5hususe ja tervise jaoks."},"iawp_total_views":165},"product_brand":[],"product_cat":[9051,32,8999,31,9022],"product_tag":[1319,1507,1322,1519,1331],"class_list":{"0":"post-22034","1":"product","2":"type-product","3":"status-publish","4":"has-post-thumbnail","6":"product_cat-fitmin-purity","7":"product_cat-kitos-sunu-prekes","8":"product_cat-sunims","9":"product_cat-sunu-prekiu-gamintojai","10":"product_cat-vitaminai-ir-papildai-sunims","11":"product_tag-fitmin-purity-papildai","12":"product_tag-fitmin-purity-papildas-suns-sanariams","13":"product_tag-fitmin-vitaminai-suniui","14":"product_tag-papildai-suns-sanariams","15":"product_tag-vitaminai-senam-suniui","16":"pa_prekiu-zenklai-fitmin-purity","17":"pa_suns-amzius-jauniems","18":"pa_suns-amzius-senjorams","19":"pa_suns-amzius-suaugusiems","20":"pa_suns-amzius-visiems-amziams","21":"pa_veisles-dydis-didelems-veislems","22":"pa_veisles-dydis-mazoms-veislems","23":"pa_veisles-dydis-vidutinems-veislems","24":"pa_veisles-dydis-visu-dydziu-veislems","26":"first","27":"outofstock","28":"featured","29":"taxable","30":"shipping-taxable","31":"purchasable","32":"product-type-simple"},"acf":[],"_links":{"self":[{"href":"https:\/\/zooprekes24.lt\/et\/wp-json\/wp\/v2\/product\/22034","targetHints":{"allow":["GET"]}}],"collection":[{"href":"https:\/\/zooprekes24.lt\/et\/wp-json\/wp\/v2\/product"}],"about":[{"href":"https:\/\/zooprekes24.lt\/et\/wp-json\/wp\/v2\/types\/product"}],"replies":[{"embeddable":true,"href":"https:\/\/zooprekes24.lt\/et\/wp-json\/wp\/v2\/comments?post=22034"}],"wp:featuredmedia":[{"embeddable":true,"href":"https:\/\/zooprekes24.lt\/et\/wp-json\/wp\/v2\/media\/18746"}],"wp:attachment":[{"href":"https:\/\/zooprekes24.lt\/et\/wp-json\/wp\/v2\/media?parent=22034"}],"wp:term":[{"taxonomy":"product_brand","embeddable":true,"href":"https:\/\/zooprekes24.lt\/et\/wp-json\/wp\/v2\/product_brand?post=22034"},{"taxonomy":"product_cat","embeddable":true,"href":"https:\/\/zooprekes24.lt\/et\/wp-json\/wp\/v2\/product_cat?post=22034"},{"taxonomy":"product_tag","embeddable":true,"href":"https:\/\/zooprekes24.lt\/et\/wp-json\/wp\/v2\/product_tag?post=22034"}],"curies":[{"name":"wp","href":"https:\/\/api.w.org\/{rel}","templated":true}]}}