{"id":22033,"date":"2024-04-18T21:19:06","date_gmt":"2024-04-18T18:19:06","guid":{"rendered":"https:\/\/zooprekes24.lt\/produktas\/fitmin-purity-joints-relief-sunims\/"},"modified":"2024-08-14T16:37:11","modified_gmt":"2024-08-14T13:37:11","slug":"fitmin-purity-liigesed-reljeefne-sunims","status":"publish","type":"product","link":"https:\/\/zooprekes24.lt\/et\/produktas\/fitmin-purity-joints-relief-sunims\/","title":{"rendered":"Fitmin Purity Joints &amp; Relief toidulisand koertele 200 g"},"content":{"rendered":"<h3>Fitmin Purity Joints &amp; Relief koeratoidulisand sisaldab looduslikke aineid ja p\u00f5letikuvastaseid koostisosi, mis on olulised teie lemmiklooma liikumisaparaadi t\u00f5hususe ja efektiivsuse jaoks. Igap\u00e4evased jalutusk\u00e4igud ja liikumine m\u00f5jutavad koera liigeste, sidemete ja k\u00f5\u00f5luste kvaliteeti. Kui lemmiklooma liigeste tervise eest ei hoolitseta \u00f5igeaegselt, v\u00f5ib see p\u00f5hjustada liikuvuse v\u00e4henemist, p\u00f5letikku, valu ja haigusi. On t\u00e4heldatud, et liigeste tervist halvendab tavaliselt \u00fclekaalulisus ning ka vanematel koertel on suurenenud risk erinevate liigeste probleemide tekkeks, mis on tingitud keha loomulikest degeneratiivsetest taastumisprotsessidest.<\/h3>\n<ul>\n<li>Fitmin Purity Joints &amp; Relief <a href=\"https:\/\/zooprekes24.lt\/et\/kategorija\/prekes-sunims\/muud-koeratooted\/koera-tervis\/\" target=\"_blank\" rel=\"noopener\">t\u00e4iendus koertele<\/a>\u00a0sidekoe seisundi parandamiseks, taastumisv\u00f5ime edendamiseks ja (liikumisega seotud) valu leevendamiseks, mis on tingitud liigese-, sidemete v\u00f5i k\u00f5\u00f5luste probleemidest.<\/li>\n<li>Toote koostisesse on lisatud p\u00f5letikuvastane koostisosa: met\u00fc\u00fclsulfon\u00fc\u00fclmetaan ehk l\u00fchendatult MSM, mis on orgaaniline v\u00e4\u00e4vli\u00fchend. V\u00e4\u00e4vel on vajalik sidekoe t\u00e4iuslikuks seisundiks ja kollageeni moodustumiseks. MSM v\u00e4hendab liigesevalu ja p\u00f5letikku ning parandab vereringet. Uuringud on n\u00e4idanud, et see v\u00e4hendab koertel osteoartriidi s\u00fcmptomeid.<\/li>\n<li>Fitmin Purity Joints &amp; Relief on rikastatud h\u00fcdrol\u00fc\u00fcsitud kollageeniga (tuntud ka kui kollageenipeptiidid), mis on loomsetest luudest, nahast ja sidekoest toodetud \u017eelatiin. On t\u00f5estatud, et see aitab taastada liigeste paindlikkust, v\u00e4hendab liigesevalu, stimuleerib kondrots\u00fc\u00fcte kollageeni tootmiseks ja suurendab luumassi.<\/li>\n<li>Haluroonhape on \u00fcks peamisi molekulaarseid komponente liigesevedelikus, mida eraldavad looduslikult keha k\u00f5hrrakud. Lisaks liigesevedeliku viskoossuse, m\u00e4\u00e4rdev\u00f5ime ja elastsuse taastamisele aitab haluroonhape parandada teie lemmiklooma liikuvust ja taastada h\u00fcaluroonhappe loomulikku kaitsefunktsiooni liigestes.<\/li>\n<li>Fitmin Purity Joints &amp; Relief sisaldab gl\u00fckoosamiini ja kondroitiinsulfaati, et parandada k\u00f5hre tootmist ja kaitsta k\u00f5hre k\u00f5hre h\u00e4vitavate ens\u00fc\u00fcmide eest.<\/li>\n<li><a href=\"https:\/\/lt.wikipedia.org\/wiki\/Bosvelija\" target=\"_blank\" rel=\"noopener\">Filamentoosne Boswellia<\/a> Ekstraktil on kiire p\u00f5letikuvastane ja valuvaigistav toime, mis aitab v\u00e4hendada p\u00f5letikulisi protsesse, p\u00f5hjustamata k\u00f5rvalm\u00f5jusid lemmiklooma seedetraktile.<\/li>\n<\/ul>","protected":false},"excerpt":{"rendered":"<p>Fitmin Purity Joints &amp; Relief pa\u0161aro papildas \u0161unims sudarytas i\u0161 nat\u016brali\u0173 med\u017eiag\u0173 ir prie\u0161u\u017edegimini\u0173 ingredient\u0173, kurie yra b\u016btini augintinio jud\u0117jimo sistemos veiksmingumui ir efektyvumui u\u017etikrinti. Kasdieniniai pasivaik\u0161\u010diojimai ir fizinis kr\u016bvis turi \u012ftakos \u0161uns s\u0105nari\u0173, rai\u0161\u010di\u0173 bei sausgysli\u0173 kokybei. Laiku nepasir\u016bpinus augintinio s\u0105nari\u0173 sveikata\u00a0gali pasireik\u0161ti suma\u017e\u0117jas \u0161uns mobilumas, \u012fvair\u016bs u\u017edegimai, skausmai bei ligos. Pastebima, jog s\u0105nari\u0173&#8230;<\/p>","protected":false},"featured_media":18744,"comment_status":"closed","ping_status":"closed","template":"","meta":{"_acf_changed":false,"slim_seo":{"title":"Fitmin Purity Joints & Relief maisto papildas \u0161unims 200 g - Zooprekes24","description":"Fitmin Purity Joints &amp; Relief koerte toidulisand koosneb looduslikest ainetest ja p\u00f5letikuvastastest koostisosadest, mis on olulised lemmiklooma liikuvuse jaoks."},"iawp_total_views":211},"product_brand":[],"product_cat":[9051,32,8999,31,9022],"product_tag":[1319,1507,1322,1519,1331],"class_list":{"0":"post-22033","1":"product","2":"type-product","3":"status-publish","4":"has-post-thumbnail","6":"product_cat-fitmin-purity","7":"product_cat-kitos-sunu-prekes","8":"product_cat-sunims","9":"product_cat-sunu-prekiu-gamintojai","10":"product_cat-vitaminai-ir-papildai-sunims","11":"product_tag-fitmin-purity-papildai","12":"product_tag-fitmin-purity-papildas-suns-sanariams","13":"product_tag-fitmin-vitaminai-suniui","14":"product_tag-papildai-suns-sanariams","15":"product_tag-vitaminai-senam-suniui","16":"pa_prekiu-zenklai-fitmin-purity","17":"pa_suns-amzius-senjorams","18":"pa_suns-amzius-suaugusiems","19":"pa_veisles-dydis-didelems-veislems","20":"pa_veisles-dydis-mazoms-veislems","21":"pa_veisles-dydis-vidutinems-veislems","22":"pa_veisles-dydis-visu-dydziu-veislems","24":"first","25":"outofstock","26":"featured","27":"taxable","28":"shipping-taxable","29":"purchasable","30":"product-type-simple"},"acf":[],"_links":{"self":[{"href":"https:\/\/zooprekes24.lt\/et\/wp-json\/wp\/v2\/product\/22033","targetHints":{"allow":["GET"]}}],"collection":[{"href":"https:\/\/zooprekes24.lt\/et\/wp-json\/wp\/v2\/product"}],"about":[{"href":"https:\/\/zooprekes24.lt\/et\/wp-json\/wp\/v2\/types\/product"}],"replies":[{"embeddable":true,"href":"https:\/\/zooprekes24.lt\/et\/wp-json\/wp\/v2\/comments?post=22033"}],"wp:featuredmedia":[{"embeddable":true,"href":"https:\/\/zooprekes24.lt\/et\/wp-json\/wp\/v2\/media\/18744"}],"wp:attachment":[{"href":"https:\/\/zooprekes24.lt\/et\/wp-json\/wp\/v2\/media?parent=22033"}],"wp:term":[{"taxonomy":"product_brand","embeddable":true,"href":"https:\/\/zooprekes24.lt\/et\/wp-json\/wp\/v2\/product_brand?post=22033"},{"taxonomy":"product_cat","embeddable":true,"href":"https:\/\/zooprekes24.lt\/et\/wp-json\/wp\/v2\/product_cat?post=22033"},{"taxonomy":"product_tag","embeddable":true,"href":"https:\/\/zooprekes24.lt\/et\/wp-json\/wp\/v2\/product_tag?post=22033"}],"curies":[{"name":"wp","href":"https:\/\/api.w.org\/{rel}","templated":true}]}}