{"id":22032,"date":"2024-04-18T21:19:06","date_gmt":"2024-04-18T18:19:06","guid":{"rendered":"https:\/\/zooprekes24.lt\/produktas\/orijen-kitten-sausas-maistas\/"},"modified":"2026-03-31T16:00:48","modified_gmt":"2026-03-31T14:00:48","slug":"orijen-kasside-kuivtoit","status":"publish","type":"product","link":"https:\/\/zooprekes24.lt\/et\/produktas\/orijen-kitten-sausas-maistas\/","title":{"rendered":"Orijen Kitten sausas maistas ka\u010diukams"},"content":{"rendered":"<h3>Orijen Kitten - spetsiaalne kuivtoit t\u00e4ielikuks toitmiseks <a href=\"https:\/\/zooprekes24.lt\/et\/?s=kitten&amp;post_type=product&amp;product_cat=0\" target=\"_blank\" rel=\"noopener noreferrer\">kassipoeg<\/a> elu alustamiseks. See on t\u00e4is puurivaba kana ja kalkunit, loodusest p\u00fc\u00fctud l\u00f5het, makrelli, heeringat ja preeriafarmi mune Vaiksest ookeanist Vancouveri saare p\u00f5hjaosas. K\u00f5ik tarnitakse v\u00e4rskelt, et hoida <a href=\"https:\/\/orijen.ca\/en-CA\/orijen-about-fresh_regional_ingredients.html\" target=\"_blank\" rel=\"noopener\">WholePrey\u2122<\/a> m\u00f5iste (kogusaak).<\/h3>\n<p>Iga suut\u00e4is sisaldab rohkelt metsikust Brunswicki heeringast saadud Omega 3 (DHA, EPA), mis on kasulik teie kassipoegade immuunsuse ning suurep\u00e4rase naha ja karvkatte seisundi parandamiseks. Orgaanilised meretaimed ja marjad, sealhulgas kuivatatud merevetikad, v\u00e4rsked j\u00f5hvikad ja mustikad, parandavad teie kassipoegade ainevahetust ja toniseerivad seedetrakti. Orijen Kitten sisaldab rohkelt kana- ja kalaelundeid ning k\u00f5hre, pakkudes teie kassipoegadele k\u00f5ike, mida nad vajavad suurep\u00e4raseks ja t\u00e4ielikuks kasvuks. Valmistatud auhinnatud k\u00f6\u00f6kides parimatest ja v\u00e4rskeimatest koostisosadest, <a href=\"https:\/\/orijen.ca\/en-CA\/orijen-about-biologically_appropriate.html\" target=\"_blank\" rel=\"noopener\">Bioloogiliselt sobiv\u2122<\/a> (Bioloogiliselt sobiv) koostis tagab, et teie kassipoeg kasvab tervena ja \u00f5nnelikuna \u00fcles.<\/p>","protected":false},"excerpt":{"rendered":"<p>Orijen Kitten &#8211; ypatingas sausas maistas, pilnavertei ka\u010diuko gyvenimo prad\u017eiai. Sud\u0117tyje gausu ne narvuose u\u017eaugintos vi\u0161tienos ir kalakutienos, \u0160iaur\u0117s Vankuverio saloje i\u0161 Ramiojo vandenyno su\u017evejotos laukin\u0117s la\u0161i\u0161os, skumbr\u0117s, silk\u0117s bei prerijos \u016bki\u0173 lizduose pad\u0117t\u0173 kiau\u0161ini\u0173. Viskas pristatoma \u0161vie\u017eia laikantis WholePrey\u2122 (viso grobio) koncepcijos. Kiekviename pa\u0161aro k\u0105snelyje gausu\u00a0Omega 3 (DHA, EPA) i\u0161gaunamo i\u0161 laukini\u0173 Brunswick silki\u0173,&#8230;<\/p>","protected":false},"featured_media":18742,"comment_status":"closed","ping_status":"closed","template":"","meta":{"_acf_changed":false,"slim_seo":{"title":"Orijen Kitten sausas maistas ka\u010diukams - Zooprekes24","description":"Orijen Kitten - ypatingas sausas maistas, pilnavertei ka\u010diuko gyvenimo prad\u017eiai. Sud\u0117tyje gausu ne narvuose u\u017eaugintos vi\u0161tienos ir kalakutienos, \u0160iaur\u0117s Vankuv"},"iawp_total_views":275},"product_brand":[],"product_cat":[9027,72,83,25,9028,9016],"product_tag":[1671,1817,1675,1682,1696],"class_list":{"0":"post-22032","1":"product","2":"type-product","3":"status-publish","4":"has-post-thumbnail","6":"product_cat-begrudis-maistas-kaciu-maistas","7":"product_cat-kaciu-maistas","8":"product_cat-kaciu-prekiu-gamintojai","9":"product_cat-katems","10":"product_cat-orijen-kaciu-prekiu-gamintojai","11":"product_cat-sausas-maistas-kaciu-maistas","12":"product_tag-begrudis-kaciu-maistas","13":"product_tag-edalas-katems","14":"product_tag-kaciu-edalas","15":"product_tag-kaciu-maistas-super-premium-klases","16":"product_tag-super-premium-maistas-katems","17":"pa_pasaro-sudetis-darzoves","18":"pa_pasaro-sudetis-kalakutiena","19":"pa_pasaro-sudetis-kiausiniai","20":"pa_pasaro-sudetis-uogos","21":"pa_pasaro-sudetis-vaisiai","22":"pa_pasaro-sudetis-vistiena","23":"pa_pasaro-sudetis-zuvis","24":"pa_prekiu-zenklai-orijen","26":"first","27":"instock","28":"featured","29":"taxable","30":"shipping-taxable","31":"purchasable","32":"product-type-variable"},"acf":[],"_links":{"self":[{"href":"https:\/\/zooprekes24.lt\/et\/wp-json\/wp\/v2\/product\/22032","targetHints":{"allow":["GET"]}}],"collection":[{"href":"https:\/\/zooprekes24.lt\/et\/wp-json\/wp\/v2\/product"}],"about":[{"href":"https:\/\/zooprekes24.lt\/et\/wp-json\/wp\/v2\/types\/product"}],"replies":[{"embeddable":true,"href":"https:\/\/zooprekes24.lt\/et\/wp-json\/wp\/v2\/comments?post=22032"}],"wp:featuredmedia":[{"embeddable":true,"href":"https:\/\/zooprekes24.lt\/et\/wp-json\/wp\/v2\/media\/18742"}],"wp:attachment":[{"href":"https:\/\/zooprekes24.lt\/et\/wp-json\/wp\/v2\/media?parent=22032"}],"wp:term":[{"taxonomy":"product_brand","embeddable":true,"href":"https:\/\/zooprekes24.lt\/et\/wp-json\/wp\/v2\/product_brand?post=22032"},{"taxonomy":"product_cat","embeddable":true,"href":"https:\/\/zooprekes24.lt\/et\/wp-json\/wp\/v2\/product_cat?post=22032"},{"taxonomy":"product_tag","embeddable":true,"href":"https:\/\/zooprekes24.lt\/et\/wp-json\/wp\/v2\/product_tag?post=22032"}],"curies":[{"name":"wp","href":"https:\/\/api.w.org\/{rel}","templated":true}]}}