{"id":22030,"date":"2024-04-18T21:19:06","date_gmt":"2024-04-18T18:19:06","guid":{"rendered":"https:\/\/zooprekes24.lt\/produktas\/fitmin-purity-lasisu-aliejus-300ml\/"},"modified":"2025-08-25T12:17:16","modified_gmt":"2025-08-25T10:17:16","slug":"fitmin-purity-lassi-oli-300ml","status":"publish","type":"product","link":"https:\/\/zooprekes24.lt\/et\/produktas\/fitmin-purity-lasisu-aliejus-300ml\/","title":{"rendered":"Fitmin Purity l\u00f5he\u00f5li 300 ml"},"content":{"rendered":"<h3>Fitmin Purity l\u00f5he\u00f5li on looduslik s\u00f6\u00f6dalisand.<\/h3>\n<p>See \u00f5li on suurep\u00e4rane <a href=\"https:\/\/zooprekes24.lt\/et\/?s=omega+3&amp;post_type=product&amp;product_cat=0\" target=\"_blank\" rel=\"noopener noreferrer\">Omega 3<\/a> rasvhapete (EPA ja DHA) allikas, millel on positiivne m\u00f5ju paljudele ainevahetusprotsessidele koera organismis. EPA-l on looduslik p\u00f5letikuvastane toime ja DHA on seotud aju ja v\u00f5rkkesta struktuuriga. <a href=\"https:\/\/www.fitmin.com\/en\/ingredients\" target=\"_blank\" rel=\"noopener\">Fitmin Purity<\/a> L\u00f5he\u00f5li tasakaalustab suurep\u00e4raselt Omega 3 ja Omega 6 suhet, mille tulemuseks on vere kolesteroolisisalduse m\u00e4rkimisv\u00e4\u00e4rne v\u00e4henemine. L\u00f5he\u00f5li regulaarne kasutamine aitab muuta lemmiklooma karvkatte paksuks ja l\u00e4ikivaks.<\/p>\n<h3>\u00d5li kasutamine aitab ka m\u00f5nede terviseprobleemide puhul, n\u00e4iteks:<\/h3>\n<ul>\n<li>Kahjustatud juuksed ja intensiivne s\u00f6\u00f6tmine.<\/li>\n<li>Naha koorumine.<\/li>\n<li>Kuiv nahk.<\/li>\n<li>Nahap\u00f5letikud.<\/li>\n<li>S\u00fcgelev, s\u00fcgelev nahk.<\/li>\n<li>Allergiliste reaktsioonide eelsoodumus.<\/li>\n<li>L\u00f5hkumine.<\/li>\n<li>Ekseem.<\/li>\n<li>Pigmentatsiooniprobleemid.<\/li>\n<li>Immuuns\u00fcsteemi haigused.<\/li>\n<li>Reproduktiivsed probleemid.<\/li>\n<\/ul>","protected":false},"excerpt":{"rendered":"<p>Fitmin Purity la\u0161i\u0161\u0173 aliejus &#8211; nat\u016bralus pa\u0161ar\u0173 papildas. \u0160is aliejus tai puikus Omega 3 riebal\u0173 r\u016bg\u0161\u010di\u0173 (EPA ir DHA) \u0161altinis, turintis teigiam\u0105 poveik\u012f daugeliui \u0161uns med\u017eiag\u0173 apykaitos proces\u0173 organizme. EPA r\u016bg\u0161tis turi nat\u016bral\u0173 prie\u0161u\u017edegimin\u012f poveik\u012f, DHA dalyvauja smegen\u0173 ir tinklain\u0117s strukt\u016broje. Fitmin Purity la\u0161i\u0161\u0173 aliejus puikiai subalansuoja Omega 3 ir Omega 6 santyk\u012f tod\u0117l \u017eymiai&#8230;<\/p>","protected":false},"featured_media":18722,"comment_status":"closed","ping_status":"closed","template":"","meta":{"_acf_changed":false,"slim_seo":{"title":"Fitmin Purity la\u0161i\u0161\u0173 aliejus 300 ml - Zooprekes24","description":"Fitmin Purity l\u00f5he\u00f5li on looduslik s\u00f6\u00f6dalisand. See on suurep\u00e4rane Omega 3 rasvhapete (EPA ja DHA) allikas, millel on positiivne m\u00f5ju paljudele lihatoodetele."},"iawp_total_views":166},"product_brand":[],"product_cat":[9051,32,8999,31,9022],"product_tag":[],"class_list":{"0":"post-22030","1":"product","2":"type-product","3":"status-publish","4":"has-post-thumbnail","6":"product_cat-fitmin-purity","7":"product_cat-kitos-sunu-prekes","8":"product_cat-sunims","9":"product_cat-sunu-prekiu-gamintojai","10":"product_cat-vitaminai-ir-papildai-sunims","11":"pa_prekiu-zenklai-fitmin-purity","12":"pa_suns-amzius-jauniems","13":"pa_suns-amzius-senjorams","14":"pa_suns-amzius-suaugusiems","15":"pa_suns-amzius-visiems-amziams","16":"pa_veisles-dydis-didelems-veislems","17":"pa_veisles-dydis-mazoms-veislems","18":"pa_veisles-dydis-vidutinems-veislems","19":"pa_veisles-dydis-visu-dydziu-veislems","21":"first","22":"outofstock","23":"featured","24":"taxable","25":"shipping-taxable","26":"purchasable","27":"product-type-simple"},"acf":[],"_links":{"self":[{"href":"https:\/\/zooprekes24.lt\/et\/wp-json\/wp\/v2\/product\/22030","targetHints":{"allow":["GET"]}}],"collection":[{"href":"https:\/\/zooprekes24.lt\/et\/wp-json\/wp\/v2\/product"}],"about":[{"href":"https:\/\/zooprekes24.lt\/et\/wp-json\/wp\/v2\/types\/product"}],"replies":[{"embeddable":true,"href":"https:\/\/zooprekes24.lt\/et\/wp-json\/wp\/v2\/comments?post=22030"}],"wp:featuredmedia":[{"embeddable":true,"href":"https:\/\/zooprekes24.lt\/et\/wp-json\/wp\/v2\/media\/18722"}],"wp:attachment":[{"href":"https:\/\/zooprekes24.lt\/et\/wp-json\/wp\/v2\/media?parent=22030"}],"wp:term":[{"taxonomy":"product_brand","embeddable":true,"href":"https:\/\/zooprekes24.lt\/et\/wp-json\/wp\/v2\/product_brand?post=22030"},{"taxonomy":"product_cat","embeddable":true,"href":"https:\/\/zooprekes24.lt\/et\/wp-json\/wp\/v2\/product_cat?post=22030"},{"taxonomy":"product_tag","embeddable":true,"href":"https:\/\/zooprekes24.lt\/et\/wp-json\/wp\/v2\/product_tag?post=22030"}],"curies":[{"name":"wp","href":"https:\/\/api.w.org\/{rel}","templated":true}]}}