{"id":22029,"date":"2024-04-18T21:18:57","date_gmt":"2024-04-18T18:18:57","guid":{"rendered":"https:\/\/zooprekes24.lt\/produktas\/trixie-maiseliai-sunu-ismatoms\/"},"modified":"2025-07-28T11:07:36","modified_gmt":"2025-07-28T09:07:36","slug":"trixie-koerakotid","status":"publish","type":"product","link":"https:\/\/zooprekes24.lt\/et\/produktas\/trixie-maiseliai-sunu-ismatoms\/","title":{"rendered":"Trixie koerakotid, 1 rull"},"content":{"rendered":"<h3>Iga jalutusk\u00e4ik neljajalgse s\u00f5braga ei too kaasa f\u00fcsioloogilisi vajadusi, kuid loomaomanik peaks alati olema selleks valmis iga jalutusk\u00e4igu ajal. Trixie's koerakotid aitavad igas olukorras, tagades, et koera j\u00e4rel koristamisest saab lihtne rituaal ilma negatiivsete emotsioonideta :)<\/h3>\n<ul>\n<li>L\u00f5hnatu.<\/li>\n<li>Plastist, erinevad v\u00e4rvid.<\/li>\n<li>Universaalne suurus, mis sobib k\u00f5ikidele koerat\u00f5ugudele.<\/li>\n<li><a href=\"https:\/\/www.trixie.de\/en\" target=\"_blank\" rel=\"noopener\">Trixie<\/a> <a href=\"https:\/\/zooprekes24.lt\/et\/toode\/kong-handipod-koti-komplekt-koos-tarvikutega\/\" target=\"_blank\" rel=\"noopener\">koerakotid<\/a> lihtne lahti t\u00f5mmata, lihtne leida koti algus isegi k\u00fclma ilmaga.<\/li>\n<li>20 kotti rulli kohta.<\/li>\n<\/ul>","protected":false},"excerpt":{"rendered":"<p>Ne kiekvienas pasivaik\u0161\u010diojimas su keturkoju bi\u010diuliu baigiasi jo fiziologiniais poreikiais, ta\u010diau augintinio \u0161eimininkas visuomet turi b\u016bti tam pasiruo\u0161\u0119s kiekvieno pasivaik\u0161\u010diojimo metu. Trixie mai\u0161eliai \u0161un\u0173 i\u0161matoms rinkti pagelb\u0117s visomis situacijomis, u\u017etikrinant, jog valymas po \u0161uns taps lengvu ritualu be neigiam\u0173 emocij\u0173 :) Bekvapiai. Plastikiniai, \u012fvairi\u0173 spalv\u0173. Universalus dydis tinkantis \u012fvairi\u0173 veisli\u0173 \u0161unims. Trixie mai\u0161eliai \u0161un\u0173 i\u0161matoms&#8230;<\/p>","protected":false},"featured_media":18697,"comment_status":"closed","ping_status":"closed","template":"","meta":{"_acf_changed":false,"slim_seo":{"title":"Trixie mai\u0161eliai \u0161un\u0173 i\u0161matoms, 1 rulonas - Zooprekes24","description":"Iga jalutusk\u00e4ik neljajalgse s\u00f5braga ei l\u00f5pe lemmiklooma f\u00fcsioloogiliste vajadustega, kuid loomaomanik peaks selleks alati valmis olema."},"iawp_total_views":367},"product_brand":[],"product_cat":[9005,32,8999],"product_tag":[1239,1240,1245,1246],"class_list":{"0":"post-22029","1":"product","2":"type-product","3":"status-publish","4":"has-post-thumbnail","6":"product_cat-higienos-ir-valymo-priemones","7":"product_cat-kitos-sunu-prekes","8":"product_cat-sunims","9":"product_tag-fekaliju-maiseliai","10":"product_tag-ismatu-maiseliai","11":"product_tag-maiseliai-sunu-ekskrementams","12":"product_tag-maiseliai-sunu-ismatoms","13":"pa_prekiu-zenklai-trixie","14":"pa_suns-amzius-jauniems","15":"pa_suns-amzius-senjorams","16":"pa_suns-amzius-suaugusiems","17":"pa_suns-amzius-visiems-amziams","18":"pa_veisles-dydis-didelems-veislems","19":"pa_veisles-dydis-mazoms-veislems","20":"pa_veisles-dydis-vidutinems-veislems","21":"pa_veisles-dydis-visu-dydziu-veislems","23":"first","24":"instock","25":"featured","26":"taxable","27":"shipping-taxable","28":"purchasable","29":"product-type-simple"},"acf":[],"_links":{"self":[{"href":"https:\/\/zooprekes24.lt\/et\/wp-json\/wp\/v2\/product\/22029","targetHints":{"allow":["GET"]}}],"collection":[{"href":"https:\/\/zooprekes24.lt\/et\/wp-json\/wp\/v2\/product"}],"about":[{"href":"https:\/\/zooprekes24.lt\/et\/wp-json\/wp\/v2\/types\/product"}],"replies":[{"embeddable":true,"href":"https:\/\/zooprekes24.lt\/et\/wp-json\/wp\/v2\/comments?post=22029"}],"wp:featuredmedia":[{"embeddable":true,"href":"https:\/\/zooprekes24.lt\/et\/wp-json\/wp\/v2\/media\/18697"}],"wp:attachment":[{"href":"https:\/\/zooprekes24.lt\/et\/wp-json\/wp\/v2\/media?parent=22029"}],"wp:term":[{"taxonomy":"product_brand","embeddable":true,"href":"https:\/\/zooprekes24.lt\/et\/wp-json\/wp\/v2\/product_brand?post=22029"},{"taxonomy":"product_cat","embeddable":true,"href":"https:\/\/zooprekes24.lt\/et\/wp-json\/wp\/v2\/product_cat?post=22029"},{"taxonomy":"product_tag","embeddable":true,"href":"https:\/\/zooprekes24.lt\/et\/wp-json\/wp\/v2\/product_tag?post=22029"}],"curies":[{"name":"wp","href":"https:\/\/api.w.org\/{rel}","templated":true}]}}