{"id":21962,"date":"2024-04-18T21:18:28","date_gmt":"2024-04-18T18:18:28","guid":{"rendered":"https:\/\/zooprekes24.lt\/produktas\/animonda-grancarno-junior-jaut-kalakut\/"},"modified":"2024-06-19T13:43:44","modified_gmt":"2024-06-19T10:43:44","slug":"animonda-grancarno-junior-harja-turkey","status":"publish","type":"product","link":"https:\/\/zooprekes24.lt\/et\/produktas\/animonda-grancarno-junior-jaut-kalakut\/","title":{"rendered":"Animonda Grancarno Junior veise- ja kalkunis\u00fcdamikonserv 800 g"},"content":{"rendered":"<h3><a href=\"https:\/\/www.animonda.de\/en\/brands\/grancarno\" target=\"_blank\" rel=\"noopener noreferrer\">Animonda Grancarno<\/a> Junior konserveeritud veise- ja kalkunis\u00fcdamed on lihtne viis oma lemmiklooma ravimiseks. See ei sisalda soja- ega teraviljap\u00f5hiseid lisandeid, kunstlikke v\u00e4rvaineid ega maitsetugevdajaid.<\/h3>\n<ul>\n<li>Toidu valmistamiseks kasutatakse ainult naturaalset liha.<\/li>\n<li><a href=\"https:\/\/zooprekes24.lt\/et\/?s=konservai&amp;post_type=product&amp;product_cat=0\" target=\"_blank\" rel=\"noopener noreferrer\">Konservid<\/a> sobib noortele koertele, kellel on tundlik magu v\u00f5i toiduallergia.<\/li>\n<li>Toitainete ja valkude optimaalne imendumine t\u00e4nu hoolikalt valmistatud v\u00e4rsketele koostisosadele.<\/li>\n<li>Suletud, h\u00f5lpsasti kasutatav pakend s\u00e4ilitab suurep\u00e4raselt loomuliku maitse ja aroomi ning kaitseb mikroobide ja bakterite eest, mis v\u00f5ivad teie lemmiklooma kahjustada.<\/li>\n<\/ul>","protected":false},"excerpt":{"rendered":"<p>Animonda Grancarno Junior konservai su jautiena ir kalakut\u0173 \u0161irdimis lengvas b\u016bdas palepinti J\u016bs\u0173 augintin\u012f. Sud\u0117tyje n\u0117ra soj\u0173 ar gr\u016bd\u0173 priemai\u0161\u0173, dirbtini\u0173 da\u017eom\u0173j\u0173 med\u017eiag\u0173 bei skonio stiprikli\u0173. \u0116dalui gaminti naudojama tik nat\u016brali m\u0117sa. Konservai tinkami jauniems \u0161unims turintiems jautr\u0173 skrand\u012f ar maisto alergijas. Optimalus maistini\u0173 med\u017eiag\u0173 ir baltym\u0173 \u012fsisavinimas d\u0117ka kruop\u0161\u010diai paruo\u0161t\u0173 \u0161vie\u017ei\u0173 ingredient\u0173. Sandari, patogi&#8230;<\/p>","protected":false},"featured_media":18588,"comment_status":"closed","ping_status":"closed","template":"","meta":{"_acf_changed":false,"slim_seo":{"title":"Animonda Grancarno Junior konservai su jautiena ir kalakut\u0173 \u0161irdimis 800 g - Zooprekes24","description":"Animonda Grancarno Junior konserveeritud veiseliha ja kalkunis\u00fcdamed on lihtne viis oma lemmiklooma ravimiseks. Ei sisalda soja ega teravilja lisandeid, ei sisalda kunstlikke lisandeid, ei sisalda kunstlikke l\u00f5hna- ja maitseaineid ega kunstlikke koostisosi."},"iawp_total_views":30},"product_brand":[],"product_cat":[9007,9004,8999,29,31],"product_tag":[177,200],"class_list":{"0":"post-21962","1":"product","2":"type-product","3":"status-publish","4":"has-post-thumbnail","6":"product_cat-animonda-sunims","7":"product_cat-slapias-maistas","8":"product_cat-sunims","9":"product_cat-sunu-maistas","10":"product_cat-sunu-prekiu-gamintojai","11":"product_tag-edalas-sunims","12":"product_tag-super-premium-maistas-sunims","13":"pa_pasaro-sudetis-jautiena","14":"pa_pasaro-sudetis-sirdys","15":"pa_prekiu-zenklai-animonda","16":"pa_suns-amzius-jauniems","17":"pa_veisles-dydis-didelems-veislems","18":"pa_veisles-dydis-mazoms-veislems","19":"pa_veisles-dydis-vidutinems-veislems","20":"pa_veisles-dydis-visu-dydziu-veislems","22":"first","23":"outofstock","24":"featured","25":"taxable","26":"shipping-taxable","27":"purchasable","28":"product-type-simple"},"acf":[],"_links":{"self":[{"href":"https:\/\/zooprekes24.lt\/et\/wp-json\/wp\/v2\/product\/21962","targetHints":{"allow":["GET"]}}],"collection":[{"href":"https:\/\/zooprekes24.lt\/et\/wp-json\/wp\/v2\/product"}],"about":[{"href":"https:\/\/zooprekes24.lt\/et\/wp-json\/wp\/v2\/types\/product"}],"replies":[{"embeddable":true,"href":"https:\/\/zooprekes24.lt\/et\/wp-json\/wp\/v2\/comments?post=21962"}],"wp:featuredmedia":[{"embeddable":true,"href":"https:\/\/zooprekes24.lt\/et\/wp-json\/wp\/v2\/media\/18588"}],"wp:attachment":[{"href":"https:\/\/zooprekes24.lt\/et\/wp-json\/wp\/v2\/media?parent=21962"}],"wp:term":[{"taxonomy":"product_brand","embeddable":true,"href":"https:\/\/zooprekes24.lt\/et\/wp-json\/wp\/v2\/product_brand?post=21962"},{"taxonomy":"product_cat","embeddable":true,"href":"https:\/\/zooprekes24.lt\/et\/wp-json\/wp\/v2\/product_cat?post=21962"},{"taxonomy":"product_tag","embeddable":true,"href":"https:\/\/zooprekes24.lt\/et\/wp-json\/wp\/v2\/product_tag?post=21962"}],"curies":[{"name":"wp","href":"https:\/\/api.w.org\/{rel}","templated":true}]}}