{"id":21958,"date":"2024-04-18T21:18:28","date_gmt":"2024-04-18T18:18:28","guid":{"rendered":"https:\/\/zooprekes24.lt\/produktas\/churu-bites-chicken-tuna-scallop\/"},"modified":"2026-03-02T14:19:27","modified_gmt":"2026-03-02T12:19:27","slug":"churu-hammustab-kana-tuunikala-kammkarbonaadi","status":"publish","type":"product","link":"https:\/\/zooprekes24.lt\/et\/produktas\/churu-bites-chicken-tuna-scallop\/","title":{"rendered":"Churu Bites Chicken Tuna Scallop maiuspalad kassidele 30 g"},"content":{"rendered":"<h3>Churu Bites Chicken Tuna Scallop on pehme, padjakujuline looduslik kana-, tuunikala- ja kammkarbonaadi maiuspala rohelise tee ekstrakti ja E-vitamiiniga. Ei sisalda teravilja, s\u00e4ilitusaineid ega kunstlikke v\u00e4rvaineid. Iga pakend sisaldab kolme \u00fcksikut pakendit, et s\u00e4ilitada maksimaalne v\u00e4rskus.<\/h3>\n<ul>\n<li>V\u00e4hese kalorsusega.<\/li>\n<li>Seestpoolt maitsva kreemjas t\u00e4idis.<\/li>\n<li><a href=\"https:\/\/zooprekes24.lt\/et\/kategorija\/prekes-katems\/kulatoit\/pruunita-toit\/\" target=\"_blank\" rel=\"noopener\">Ilma teraviljata<\/a>, s\u00e4ilitusained ja kunstlikud v\u00e4rvained.<\/li>\n<li><a href=\"https:\/\/www.inabafoods.com\/\" target=\"_blank\" rel=\"noopener\">Interaktiivne viis oma lemmikloomaga aega veeta.<\/a><\/li>\n<li>Valmistatud 100% farmi kana ja loodusliku tuunikalaga.<\/li>\n<\/ul>","protected":false},"excerpt":{"rendered":"<p>Churu Bites Chicken Tuna Scallop yra mink\u0161ti pagalv\u0117s formos nat\u016bral\u016bs vi\u0161tienos, tuno ir \u0161uku\u010di\u0173 skan\u0117stai su \u017ealiosios arbatos ekstraktu ir vitaminu E. Be gr\u016bd\u0173, konservant\u0173 ir dirbtini\u0173 da\u017eikli\u0173. Kiekvienoje pakuot\u0117je yra trys atskiros pakuot\u0117s, kad b\u016bt\u0173 i\u0161laikytas maksimalus \u0161vie\u017eumas. Ma\u017eai kalorij\u0173. Gardus kreminis \u012fdaras viduje. Be gr\u016bd\u0173, konservant\u0173 ir dirbtini\u0173 da\u017eikli\u0173. Interaktyvus b\u016bdas praleisti laik\u0105&#8230;<\/p>","protected":false},"featured_media":29301,"comment_status":"closed","ping_status":"closed","template":"","meta":{"_acf_changed":false,"slim_seo":{"title":"Churu Bites Chicken Tuna Scallop skan\u0117stai kat\u0117ms 30 g - Zooprekes24","description":"Churu Bites Chicken Tuna Scallop on pehme padjakujuline looduslik kana-, tuunikala- ja kammkarbonaadi maiuspala rohelise tee ekstrakti ja E-vitamiiniga."},"iawp_total_views":91},"product_brand":[],"product_cat":[9027,9239,72,83,25,9018],"product_tag":[2008,2032],"class_list":{"0":"post-21958","1":"product","2":"type-product","3":"status-publish","4":"has-post-thumbnail","6":"product_cat-begrudis-maistas-kaciu-maistas","7":"product_cat-churu-katems","8":"product_cat-kaciu-maistas","9":"product_cat-kaciu-prekiu-gamintojai","10":"product_cat-katems","11":"product_cat-skanestai","12":"product_tag-kaciu-skanestai","13":"product_tag-skystas-kaciu-skanestas","14":"pa_pasaro-sudetis-juros-gerybes","15":"pa_pasaro-sudetis-tunas","16":"pa_pasaro-sudetis-vistiena","17":"pa_pasaro-sudetis-zuvis","18":"pa_prekiu-zenklai-churu","20":"first","21":"instock","22":"taxable","23":"shipping-taxable","24":"purchasable","25":"product-type-simple"},"acf":[],"_links":{"self":[{"href":"https:\/\/zooprekes24.lt\/et\/wp-json\/wp\/v2\/product\/21958","targetHints":{"allow":["GET"]}}],"collection":[{"href":"https:\/\/zooprekes24.lt\/et\/wp-json\/wp\/v2\/product"}],"about":[{"href":"https:\/\/zooprekes24.lt\/et\/wp-json\/wp\/v2\/types\/product"}],"replies":[{"embeddable":true,"href":"https:\/\/zooprekes24.lt\/et\/wp-json\/wp\/v2\/comments?post=21958"}],"wp:featuredmedia":[{"embeddable":true,"href":"https:\/\/zooprekes24.lt\/et\/wp-json\/wp\/v2\/media\/29301"}],"wp:attachment":[{"href":"https:\/\/zooprekes24.lt\/et\/wp-json\/wp\/v2\/media?parent=21958"}],"wp:term":[{"taxonomy":"product_brand","embeddable":true,"href":"https:\/\/zooprekes24.lt\/et\/wp-json\/wp\/v2\/product_brand?post=21958"},{"taxonomy":"product_cat","embeddable":true,"href":"https:\/\/zooprekes24.lt\/et\/wp-json\/wp\/v2\/product_cat?post=21958"},{"taxonomy":"product_tag","embeddable":true,"href":"https:\/\/zooprekes24.lt\/et\/wp-json\/wp\/v2\/product_tag?post=21958"}],"curies":[{"name":"wp","href":"https:\/\/api.w.org\/{rel}","templated":true}]}}