{"id":21949,"date":"2024-04-18T21:18:17","date_gmt":"2024-04-18T18:18:17","guid":{"rendered":"https:\/\/zooprekes24.lt\/produktas\/brit-care-calming-skanestai-katems-50g\/"},"modified":"2026-03-02T14:47:19","modified_gmt":"2026-03-02T12:47:19","slug":"brit-care-calming-skanestai-katems-50g","status":"publish","type":"product","link":"https:\/\/zooprekes24.lt\/et\/produktas\/brit-care-calming-skanestai-katems-50g\/","title":{"rendered":"Brit Care Rahustavad maiuspalad kassidele 50 g"},"content":{"rendered":"<h3>Brit Care Rahustav maiuspala kassidele, mis on rikastatud kassim\u00fcndi ja goji-marjadega.<\/h3>\n<ul>\n<li><a href=\"https:\/\/www.eumadesnacks.eu\/en\/\" target=\"_blank\" rel=\"noopener\">Nisu-, gluteeni-, GMO- ja suhkruvaba.<\/a><\/li>\n<li>Sobib ideaalselt preemiaks v\u00f5i maitsvaks vahepalaks.<\/li>\n<li>Funktsionaalsed teraviljavabad maiuspalad aitavad s\u00e4ilitada kassi head n\u00e4rvis\u00fcsteemi.<\/li>\n<li>Eriti h\u00f5rk aroom ja maitse rahuldavad ka k\u00f5ige n\u00f5udlikumaid maitseid. <a href=\"https:\/\/zooprekes24.lt\/et\/kategorija\/prekes-katems\/\" target=\"_blank\" rel=\"noopener\">kasside jaoks<\/a> gurmaanidele.<\/li>\n<\/ul>","protected":false},"excerpt":{"rendered":"<p>Brit Care Calming skan\u0117stai kat\u0117ms,\u00a0praturtinti kat\u017eole ir goji uogomis. Be kvie\u010di\u0173, glitimo, GMO ir cukraus. Tobulai tinka\u00a0atlygiui arba skaniai u\u017ek\u0105sti. Funkciniai begr\u016bd\u017eiai skan\u0117stai padeda palaikyti ger\u0105 kat\u0117s nerv\u0173 sistem\u0105. Ypatingai gardus kvapas ir skonis \u012ftiks net i\u0161rankiausioms kat\u0117ms gurman\u0117ms.<\/p>","protected":false},"featured_media":27577,"comment_status":"closed","ping_status":"closed","template":"","meta":{"_acf_changed":false,"slim_seo":{"title":"Brit Care Calming skan\u0117stai kat\u0117ms\u00a050 g - Zooprekes24","description":"Brit Care Calming skan\u0117stai kat\u0117ms,\u00a0praturtinti kat\u017eole ir goji uogomis. Be kvie\u010di\u0173, glitimo, GMO ir cukraus. Tobulai tinka\u00a0atlygiui arba skaniai u\u017ek\u0105sti. Funkc"},"iawp_total_views":75},"product_brand":[],"product_cat":[9027,9047,72,83,25,9018],"product_tag":[3512,2008,2023],"class_list":{"0":"post-21949","1":"product","2":"type-product","3":"status-publish","4":"has-post-thumbnail","6":"product_cat-begrudis-maistas-kaciu-maistas","7":"product_cat-brit-care-kaciu-prekiu-gamintojai","8":"product_cat-kaciu-maistas","9":"product_cat-kaciu-prekiu-gamintojai","10":"product_cat-katems","11":"product_cat-skanestai","12":"product_tag-brit-care-skanestai-katems-su-katzole","13":"product_tag-kaciu-skanestai","14":"product_tag-traskus-skanestai-katems","15":"pa_pasaro-sudetis-katzole","16":"pa_pasaro-sudetis-vaisiai","17":"pa_pasaro-sudetis-vistiena","18":"pa_prekiu-zenklai-brit-care","20":"first","21":"instock","22":"taxable","23":"shipping-taxable","24":"purchasable","25":"product-type-simple"},"acf":[],"_links":{"self":[{"href":"https:\/\/zooprekes24.lt\/et\/wp-json\/wp\/v2\/product\/21949","targetHints":{"allow":["GET"]}}],"collection":[{"href":"https:\/\/zooprekes24.lt\/et\/wp-json\/wp\/v2\/product"}],"about":[{"href":"https:\/\/zooprekes24.lt\/et\/wp-json\/wp\/v2\/types\/product"}],"replies":[{"embeddable":true,"href":"https:\/\/zooprekes24.lt\/et\/wp-json\/wp\/v2\/comments?post=21949"}],"wp:featuredmedia":[{"embeddable":true,"href":"https:\/\/zooprekes24.lt\/et\/wp-json\/wp\/v2\/media\/27577"}],"wp:attachment":[{"href":"https:\/\/zooprekes24.lt\/et\/wp-json\/wp\/v2\/media?parent=21949"}],"wp:term":[{"taxonomy":"product_brand","embeddable":true,"href":"https:\/\/zooprekes24.lt\/et\/wp-json\/wp\/v2\/product_brand?post=21949"},{"taxonomy":"product_cat","embeddable":true,"href":"https:\/\/zooprekes24.lt\/et\/wp-json\/wp\/v2\/product_cat?post=21949"},{"taxonomy":"product_tag","embeddable":true,"href":"https:\/\/zooprekes24.lt\/et\/wp-json\/wp\/v2\/product_tag?post=21949"}],"curies":[{"name":"wp","href":"https:\/\/api.w.org\/{rel}","templated":true}]}}