{"id":21946,"date":"2024-04-18T21:18:17","date_gmt":"2024-04-18T18:18:17","guid":{"rendered":"https:\/\/zooprekes24.lt\/produktas\/brit-care-superfruits-insect-skanestai\/"},"modified":"2026-04-01T14:29:45","modified_gmt":"2026-04-01T12:29:45","slug":"brit-care-superfruits-putukaskannerid","status":"publish","type":"product","link":"https:\/\/zooprekes24.lt\/et\/produktas\/brit-care-superfruits-insect-skanestai\/","title":{"rendered":"Brit Care Superfruits Insect treats allergilistele kassidele 100 g"},"content":{"rendered":"<h3>Brit Care Superfruits Insect treats kassidele, mis on maitsestatud putukate, kookosp\u00e4hkli ja kibuvitsaga ja mis on ideaalne toidutalumatusega lemmikloomadele.<\/h3>\n<ul>\n<li>Teraviljavaba preparaat maiuspalade jaoks.<\/li>\n<li><a href=\"https:\/\/www.eumadesnacks.eu\/en\/\" target=\"_blank\" rel=\"noopener\">Nisu-, gluteeni-, GMO- ja suhkruvaba.<\/a><\/li>\n<li>Sobib ideaalselt preemiaks v\u00f5i maitsvaks vahepalaks.<\/li>\n<li>Eriti h\u00f5rk aroom ja maitse rahuldavad ka k\u00f5ige n\u00f5udlikumaid maitseid. <a href=\"https:\/\/zooprekes24.lt\/et\/kategorija\/prekes-katems\/\" target=\"_blank\" rel=\"noopener\">kasside jaoks<\/a> gurmaanidele.<\/li>\n<\/ul>","protected":false},"excerpt":{"rendered":"<p>Brit Care Superfruits Insect skan\u0117stai kat\u0117ms, pagardinti\u00a0vabzd\u017eiais, kokosais ir er\u0161k\u0117tuog\u0117mis, kurios puikiai tinka augintiniams turintiems maisto netoleravimo problem\u0173. Begr\u016bd\u0117 skan\u0117st\u0173 formul\u0117. Be kvie\u010di\u0173, glitimo, GMO ir cukraus. Tobulai tinka\u00a0atlygiui arba skaniai u\u017ek\u0105sti. Ypatingai gardus kvapas ir skonis \u012ftiks net i\u0161rankiausioms kat\u0117ms gurman\u0117ms.<\/p>","protected":false},"featured_media":27830,"comment_status":"closed","ping_status":"closed","template":"","meta":{"_acf_changed":false,"slim_seo":{"title":"Brit Care Superfruits Insect skan\u0117stai alergi\u0161koms kat\u0117ms\u00a0100 g - Zooprekes24","description":"Brit Care Superfruits Insect treats kassidele, maitsestatud putukate, kookosp\u00e4hkli ja kibuvitsaga, ideaalne lemmikloomadele, kellel on toidutalumatus."},"iawp_total_views":93},"product_brand":[],"product_cat":[9027,9047,72,83,25,9018],"product_tag":[2008,2023],"class_list":{"0":"post-21946","1":"product","2":"type-product","3":"status-publish","4":"has-post-thumbnail","6":"product_cat-begrudis-maistas-kaciu-maistas","7":"product_cat-brit-care-kaciu-prekiu-gamintojai","8":"product_cat-kaciu-maistas","9":"product_cat-kaciu-prekiu-gamintojai","10":"product_cat-katems","11":"product_cat-skanestai","12":"product_tag-kaciu-skanestai","13":"product_tag-traskus-skanestai-katems","14":"pa_pasaro-sudetis-darzoves","15":"pa_pasaro-sudetis-katzole","16":"pa_pasaro-sudetis-uogos","17":"pa_pasaro-sudetis-vabzdziai","18":"pa_prekiu-zenklai-brit-care","20":"first","21":"instock","22":"taxable","23":"shipping-taxable","24":"purchasable","25":"product-type-simple"},"acf":[],"_links":{"self":[{"href":"https:\/\/zooprekes24.lt\/et\/wp-json\/wp\/v2\/product\/21946","targetHints":{"allow":["GET"]}}],"collection":[{"href":"https:\/\/zooprekes24.lt\/et\/wp-json\/wp\/v2\/product"}],"about":[{"href":"https:\/\/zooprekes24.lt\/et\/wp-json\/wp\/v2\/types\/product"}],"replies":[{"embeddable":true,"href":"https:\/\/zooprekes24.lt\/et\/wp-json\/wp\/v2\/comments?post=21946"}],"wp:featuredmedia":[{"embeddable":true,"href":"https:\/\/zooprekes24.lt\/et\/wp-json\/wp\/v2\/media\/27830"}],"wp:attachment":[{"href":"https:\/\/zooprekes24.lt\/et\/wp-json\/wp\/v2\/media?parent=21946"}],"wp:term":[{"taxonomy":"product_brand","embeddable":true,"href":"https:\/\/zooprekes24.lt\/et\/wp-json\/wp\/v2\/product_brand?post=21946"},{"taxonomy":"product_cat","embeddable":true,"href":"https:\/\/zooprekes24.lt\/et\/wp-json\/wp\/v2\/product_cat?post=21946"},{"taxonomy":"product_tag","embeddable":true,"href":"https:\/\/zooprekes24.lt\/et\/wp-json\/wp\/v2\/product_tag?post=21946"}],"curies":[{"name":"wp","href":"https:\/\/api.w.org\/{rel}","templated":true}]}}