{"id":21944,"date":"2024-04-18T21:18:17","date_gmt":"2024-04-18T18:18:17","guid":{"rendered":"https:\/\/zooprekes24.lt\/produktas\/anju-beaute-abricot\/"},"modified":"2024-09-10T16:01:24","modified_gmt":"2024-09-10T13:01:24","slug":"anju-beaute-abricot","status":"publish","type":"product","link":"https:\/\/zooprekes24.lt\/et\/produktas\/anju-beaute-abricot\/","title":{"rendered":"Anju Beaut\u00e9 Abricot tooniv \u0161ampoon 250 ml"},"content":{"rendered":"<h3>Anju Beaut\u00e9 Paris'i laboratoorium on kosmetoloogia uusimatele edusammudele tuginedes v\u00e4lja t\u00f6\u00f6tanud eksklusiivse valiku tippkvaliteediga iluhooldustooteid. Anju Beaut\u00e9 Abricot'i koostisained on taimep\u00f5hised, keskkonnas\u00f5bralikud ja dermatoloogiliselt sobivad ka k\u00f5ige tundlikumatele lemmikloomadele.<\/h3>\n<ul>\n<li>Made in France \ud83c\uddeb\ud83c\uddf7<\/li>\n<li><a href=\"https:\/\/www.youtube.com\/watch?v=AD0U3KNTpSA\" target=\"_blank\" rel=\"noopener\">Anju Beaut\u00e9 Abricot<\/a> Pro-vitamiinid mitte ainult ei suurenda karvade l\u00e4iget, vaid ka niisutavad lemmiklooma karvkatte.<\/li>\n<li>Koostises olev taimeekstrakt toniseerib ja stimuleerib looma nahka ning aitab reguleerida rasu tootmist.<\/li>\n<li>Tooniv kumulatiivne efekt - regulaarsel kasutamisel p\u00fcsib karvav\u00e4rvi intensiivsus kauem.<\/li>\n<li>V\u00e4rvi toovad v\u00e4lja jarrow'i aktiivsed osakesed, mis tungivad juukse sisse ja aitavad v\u00e4rvimolekulid pesemise ja kuivatamise ajal s\u00e4ilitada.<\/li>\n<li>Professionaalne Prantsuse kosmeetikasari kreemikat v\u00e4rvi koera- ja kassikarvadele paljudes erinevates toonides, alates peenest bee\u017eist kuni s\u00fcgava merevaigukollase v\u00e4rvini.<\/li>\n<li>Real <a href=\"https:\/\/zooprekes24.lt\/et\/?s=anju+%C5%A1amp%C5%ABnai&amp;post_type=product\" target=\"_blank\" rel=\"noopener\">iluhoolduse \u0161ampoon<\/a>Taime Yarrow aktiivne ekstrakt helendab ja elavdab kreemjas, kuldses, bee\u017eis, aprikoosi- ja merevaigukollases toonis karvu, andes teie lemmiklooma karvale lummava s\u00e4ra.<\/li>\n<\/ul>","protected":false},"excerpt":{"rendered":"<p>Anju Beaut\u00e9 Paris'i laboratoorium on kosmetoloogia uusimatele edusammudele tuginedes v\u00e4lja t\u00f6\u00f6tanud eksklusiivse valiku tippkvaliteediga iluhooldustooteid. Anju Beaut\u00e9 Abricot'i koostisained on taimep\u00f5hised, keskkonnas\u00f5bralikud ja dermatoloogiliselt sobivad ka k\u00f5ige tundlikumatele lemmikloomadele. Made in France \ud83c\uddeb\ud83c\uddf7 Anju Beaut\u00e9 Abricot's sisalduvad pro-vitamiinid mitte ainult ei suurenda karvade l\u00e4iget, vaid ka niisutavad lemmiklooma karvkatte. See sisaldab...<\/p>","protected":false},"featured_media":18550,"comment_status":"closed","ping_status":"closed","template":"","meta":{"_acf_changed":false,"slim_seo":{"title":"Anju Beaut\u00e9 Abricot tonuojantis \u0161amp\u016bnas 250 ml - Zooprekes24","description":"Anju Beaut\u00e9 Paris'i laboratoorium on kosmetoloogia uusimatele saavutustele tuginedes v\u00e4lja t\u00f6\u00f6tanud eksklusiivse valiku tippkvaliteediga iluhooldustooteid."},"iawp_total_views":178},"product_brand":[],"product_cat":[9045,9046,83,25,104,32,9026,9025,8999,31],"product_tag":[3720,1554,3724],"class_list":{"0":"post-21944","1":"product","2":"type-product","3":"status-publish","4":"has-post-thumbnail","6":"product_cat-anju-beaute-katems","7":"product_cat-anju-beaute-sunims","8":"product_cat-kaciu-prekiu-gamintojai","9":"product_cat-katems","10":"product_cat-kitos-kaciu-prekes","11":"product_cat-kitos-sunu-prekes","12":"product_cat-prieziuros-priemones-sunims","13":"product_cat-prieziuros-priemones-katems","14":"product_cat-sunims","15":"product_cat-sunu-prekiu-gamintojai","16":"product_tag-anju-rudo-kailio-suniui","17":"product_tag-kaciu-sampunas","18":"product_tag-rudo-kailio-sampunas","19":"pa_prekiu-zenklai-anju-beaute","20":"pa_suns-amzius-jauniems","21":"pa_suns-amzius-senjorams","22":"pa_suns-amzius-suaugusiems","23":"pa_suns-amzius-visiems-amziams","24":"pa_veisles-dydis-didelems-veislems","25":"pa_veisles-dydis-mazoms-veislems","26":"pa_veisles-dydis-vidutinems-veislems","27":"pa_veisles-dydis-visu-dydziu-veislems","29":"first","30":"instock","31":"featured","32":"taxable","33":"shipping-taxable","34":"purchasable","35":"product-type-simple"},"acf":[],"_links":{"self":[{"href":"https:\/\/zooprekes24.lt\/et\/wp-json\/wp\/v2\/product\/21944","targetHints":{"allow":["GET"]}}],"collection":[{"href":"https:\/\/zooprekes24.lt\/et\/wp-json\/wp\/v2\/product"}],"about":[{"href":"https:\/\/zooprekes24.lt\/et\/wp-json\/wp\/v2\/types\/product"}],"replies":[{"embeddable":true,"href":"https:\/\/zooprekes24.lt\/et\/wp-json\/wp\/v2\/comments?post=21944"}],"wp:featuredmedia":[{"embeddable":true,"href":"https:\/\/zooprekes24.lt\/et\/wp-json\/wp\/v2\/media\/18550"}],"wp:attachment":[{"href":"https:\/\/zooprekes24.lt\/et\/wp-json\/wp\/v2\/media?parent=21944"}],"wp:term":[{"taxonomy":"product_brand","embeddable":true,"href":"https:\/\/zooprekes24.lt\/et\/wp-json\/wp\/v2\/product_brand?post=21944"},{"taxonomy":"product_cat","embeddable":true,"href":"https:\/\/zooprekes24.lt\/et\/wp-json\/wp\/v2\/product_cat?post=21944"},{"taxonomy":"product_tag","embeddable":true,"href":"https:\/\/zooprekes24.lt\/et\/wp-json\/wp\/v2\/product_tag?post=21944"}],"curies":[{"name":"wp","href":"https:\/\/api.w.org\/{rel}","templated":true}]}}