{"id":21943,"date":"2024-04-18T21:18:17","date_gmt":"2024-04-18T18:18:17","guid":{"rendered":"https:\/\/zooprekes24.lt\/produktas\/anju-beaute-diamant\/"},"modified":"2024-09-10T16:04:47","modified_gmt":"2024-09-10T13:04:47","slug":"anju-beaute-teemant","status":"publish","type":"product","link":"https:\/\/zooprekes24.lt\/et\/produktas\/anju-beaute-diamant\/","title":{"rendered":"Anju Beaut\u00e9 Diamant tooniv \u0161ampoon 250 ml"},"content":{"rendered":"<h3>Anju Beaut\u00e9 Paris'i laboratoorium on kosmetoloogia uusimatele edusammudele tuginedes v\u00e4lja t\u00f6\u00f6tanud eksklusiivse valiku tippkvaliteediga iluhooldustooteid. Anju Beaut\u00e9 Diamant'i koostisained on taimep\u00f5hised, keskkonnas\u00f5bralikud ja dermatoloogiliselt sobivad ka k\u00f5ige tundlikumatele lemmikloomadele.<\/h3>\n<ul>\n<li>Made in France \ud83c\uddeb\ud83c\uddf7<\/li>\n<li><a href=\"https:\/\/www.youtube.com\/watch?v=AD0U3KNTpSA\" target=\"_blank\" rel=\"noopener\">Anju Beaut\u00e9 Diamant<\/a> Pro-vitamiinid mitte ainult ei suurenda karvade l\u00e4iget, vaid ka niisutavad lemmiklooma karvkatte.<\/li>\n<li>Professionaalne Prantsuse kosmeetikasari koertele ja kassidele helehalli, halli, sinise, h\u00f5bedase ja lilla tooniga karvkattega.<\/li>\n<li>V\u00e4rvi tugevdavad amfoteerilised niisutavad osakesed, mis aitavad juustel s\u00e4ilitada v\u00e4rvimolekule pesemise ja kuivatamise ajal.<\/li>\n<li>Tooni kumulatiivne toime - \u0161ampooni regulaarne kasutamine neutraliseerib t\u00e4ielikult soovimatu kollase ja pruunika karvkatte tooni.<\/li>\n<li>Real <a href=\"https:\/\/zooprekes24.lt\/et\/?s=anju+%C5%A1amp%C5%ABnai&amp;post_type=product\" target=\"_blank\" rel=\"noopener\">iluhoolduse \u0161ampoon<\/a>Aktiivne kummeli ekstrakt helendab ja elavdab heledat, halli, sinist, h\u00f5bedast ja lillat v\u00e4rvi karvu, andes teie lemmiklooma karvale lummava s\u00e4ra.<\/li>\n<\/ul>","protected":false},"excerpt":{"rendered":"<p>Remdamiesi naujausiais kosmetologijos pasiekimais Anju Beaut\u00e9 Paris laboratorija suk\u016br\u0117 i\u0161skirtin\u012f auk\u0161\u010diausios kokyb\u0117s gro\u017eio prie\u017ei\u016bros produkt\u0173 asortiment\u0105. Anju Beaut\u00e9 Diamant sud\u0117tyje esantys ingredientai yra augalin\u0117s kilm\u0117s, draugi\u0161ki aplinkai ir dermatologi\u0161kai tinkami net ir patiems jautriausiems augintiniams. Pagaminta Pranc\u016bzijoje \ud83c\uddeb\ud83c\uddf7 Anju Beaut\u00e9 Diamant sud\u0117tyje esantys provitaminai\u00a0ne tik stiprina plauko blizges\u012f bet ir dr\u0117kina augintinio kail\u012f. Profesionali pranc\u016bzi\u0161kos&#8230;<\/p>","protected":false},"featured_media":18546,"comment_status":"closed","ping_status":"closed","template":"","meta":{"_acf_changed":false,"slim_seo":{"title":"Anju Beaut\u00e9 Diamant tonuojantis \u0161amp\u016bnas 250 ml - Zooprekes24","description":"Anju Beaut\u00e9 Paris'i laboratoorium on kosmetoloogia uusimatele saavutustele tuginedes v\u00e4lja t\u00f6\u00f6tanud eksklusiivse valiku tippkvaliteediga iluhooldustooteid."},"iawp_total_views":93},"product_brand":[],"product_cat":[9046,9045,83,25,104,32,9025,9026,8999,31],"product_tag":[3694,3701,1554,3711,3716,3718,3719],"class_list":{"0":"post-21943","1":"product","2":"type-product","3":"status-publish","4":"has-post-thumbnail","6":"product_cat-anju-beaute-sunims","7":"product_cat-anju-beaute-katems","8":"product_cat-kaciu-prekiu-gamintojai","9":"product_cat-katems","10":"product_cat-kitos-kaciu-prekes","11":"product_cat-kitos-sunu-prekes","12":"product_cat-prieziuros-priemones-katems","13":"product_cat-prieziuros-priemones-sunims","14":"product_cat-sunims","15":"product_cat-sunu-prekiu-gamintojai","16":"product_tag-anju-baltakailiams","17":"product_tag-baltakailiams","18":"product_tag-kaciu-sampunas","19":"product_tag-sampunas-baltakailiui-suniui","20":"product_tag-sampunas-pageltusiam-kailiui","21":"product_tag-sampunas-samojedui","22":"product_tag-sampunas-vakaru-skotijos-terjerui","23":"pa_prekiu-zenklai-anju-beaute","24":"pa_suns-amzius-jauniems","25":"pa_suns-amzius-senjorams","26":"pa_suns-amzius-suaugusiems","27":"pa_suns-amzius-visiems-amziams","28":"pa_veisles-dydis-didelems-veislems","29":"pa_veisles-dydis-mazoms-veislems","30":"pa_veisles-dydis-vidutinems-veislems","31":"pa_veisles-dydis-visu-dydziu-veislems","33":"first","34":"instock","35":"featured","36":"taxable","37":"shipping-taxable","38":"purchasable","39":"product-type-simple"},"acf":[],"_links":{"self":[{"href":"https:\/\/zooprekes24.lt\/et\/wp-json\/wp\/v2\/product\/21943","targetHints":{"allow":["GET"]}}],"collection":[{"href":"https:\/\/zooprekes24.lt\/et\/wp-json\/wp\/v2\/product"}],"about":[{"href":"https:\/\/zooprekes24.lt\/et\/wp-json\/wp\/v2\/types\/product"}],"replies":[{"embeddable":true,"href":"https:\/\/zooprekes24.lt\/et\/wp-json\/wp\/v2\/comments?post=21943"}],"wp:featuredmedia":[{"embeddable":true,"href":"https:\/\/zooprekes24.lt\/et\/wp-json\/wp\/v2\/media\/18546"}],"wp:attachment":[{"href":"https:\/\/zooprekes24.lt\/et\/wp-json\/wp\/v2\/media?parent=21943"}],"wp:term":[{"taxonomy":"product_brand","embeddable":true,"href":"https:\/\/zooprekes24.lt\/et\/wp-json\/wp\/v2\/product_brand?post=21943"},{"taxonomy":"product_cat","embeddable":true,"href":"https:\/\/zooprekes24.lt\/et\/wp-json\/wp\/v2\/product_cat?post=21943"},{"taxonomy":"product_tag","embeddable":true,"href":"https:\/\/zooprekes24.lt\/et\/wp-json\/wp\/v2\/product_tag?post=21943"}],"curies":[{"name":"wp","href":"https:\/\/api.w.org\/{rel}","templated":true}]}}