{"id":21924,"date":"2024-04-18T21:18:06","date_gmt":"2024-04-18T18:18:06","guid":{"rendered":"https:\/\/zooprekes24.lt\/produktas\/fitmin-mini-performance-sunims\/"},"modified":"2026-02-05T13:45:36","modified_gmt":"2026-02-05T11:45:36","slug":"fitmin-mini-performance-sunims","status":"publish","type":"product","link":"https:\/\/zooprekes24.lt\/et\/produktas\/fitmin-mini-performance-sunims\/","title":{"rendered":"Fitmin Mini Performance sausas maistas \u0161unims 2.5 kg"},"content":{"rendered":"<h3>Fitmin Mini Performance &#8211; visavertis sausas maistas aktyviems ma\u017e\u0173 veisli\u0173 (iki 13 kg) suaugusiems \u0161unims nuo 10 m\u0117nesi\u0173 iki 11 met\u0173 am\u017eiaus. Nesvarbu ar \u0161uo varin\u0117ja avi\u0173 band\u0105 ar \u0161okin\u0117ja gaudydamas skraidant\u012f kamuol\u012f, sportuojantiems \u0161unims reikalinga dieta kurioje b\u016bt\u0173 daug \u0161vie\u017eios m\u0117sos, baltym\u0173 ir riebal\u0173 aktyviai j\u0173 veiklai ir i\u0161tvermei.<\/h3>\n<ul>\n<li>Spetsiaalne Fitmin toidu koostis, <a href=\"https:\/\/www.youtube.com\/watch?v=1yoQTbErEss\">mis sisaldavad kuni 80 % loomset valku<\/a>, tugevdades koera loomulikku kaitset.<\/li>\n<li><a href=\"https:\/\/zooprekes24.lt\/et\/toode\/dr-clauders-barf-lassi-oli\/\">L\u00f5he\u00f5li<\/a> on suurep\u00e4rane Omega-3-rasvhapete (EPA ja DHA) allikas, mis toidavad, pehmendavad ja niisutavad koera karvkatte ja nahka.<\/li>\n<li>C-vitamiin aitab s\u00e4ilitada liigeste, k\u00f5hrede, sidemete ja k\u00f5\u00f5luste optimaalset paindlikkust.<\/li>\n<li>See sisaldab looduslikku antioks\u00fcdantide kompleksi, mis kaitseb rakke vabade radikaalide kahjuliku m\u00f5ju eest, ning hambaravikompleksi, mis kaitseb teie lemmiklooma terveid hambaid.<\/li>\n<li>Fitmin Mini Performance'i k\u00f5rge k\u00fcllastumata rasvade ja h\u00e4sti seeditava kanavalgu sisaldus hoiab teie lemmiklooma lihasmassi k\u00f5hnana ning v\u00e4iksemad portsjonid annavad energiat, koormamata seedes\u00fcsteemi.<\/li>\n<li>Spetsiaalne koostis, mis on kohandatud ainult v\u00e4ga aktiivsete, palju energiat ja vastupidavust n\u00f5udvate koerte vajadustele.<\/li>\n<li>Rosmariiniekstrakt stimuleerib maksafunktsiooni ja parandab seedes\u00fcsteemi.<\/li>\n<li>Fitmin Mini Performance ei sisalda nisu, soja ega GMOsid.<\/li>\n<\/ul>","protected":false},"excerpt":{"rendered":"<p>Fitmin Mini Performance &#8211; visavertis sausas maistas aktyviems ma\u017e\u0173 veisli\u0173 (iki 13 kg) suaugusiems \u0161unims nuo 10 m\u0117nesi\u0173 iki 11 met\u0173 am\u017eiaus. Nesvarbu ar \u0161uo varin\u0117ja avi\u0173 band\u0105 ar \u0161okin\u0117ja gaudydamas skraidant\u012f kamuol\u012f, sportuojantiems \u0161unims reikalinga dieta kurioje b\u016bt\u0173 daug \u0161vie\u017eios m\u0117sos, baltym\u0173 ir riebal\u0173 aktyviai j\u0173 veiklai ir i\u0161tvermei. Speciali Fitmin maisto formul\u0117, kurioje&#8230;<\/p>","protected":false},"featured_media":45395,"comment_status":"closed","ping_status":"closed","template":"","meta":{"_acf_changed":false,"slim_seo":{"title":"Fitmin Mini Performance sausas maistas \u0161unims 2.5 kg - Zooprekes24","description":"Fitmin Mini Performance - visavertis sausas maistas aktyviems ma\u017e\u0173 veisli\u0173 (iki 13 kg) suaugusiems \u0161unims nuo 10 m\u0117nesi\u0173 iki 11 met\u0173 am\u017eiaus. Nesvarbu ar \u0161uo va"},"iawp_total_views":40},"product_brand":[],"product_cat":[9044,9002,8999,29,31],"product_tag":[177,436,427,442,443],"class_list":{"0":"post-21924","1":"product","2":"type-product","3":"status-publish","4":"has-post-thumbnail","6":"product_cat-fitmin-nutritional-programme","7":"product_cat-sausas-maistas","8":"product_cat-sunims","9":"product_cat-sunu-maistas","10":"product_cat-sunu-prekiu-gamintojai","11":"product_tag-edalas-sunims","12":"product_tag-fitmin-aktyviam-suniui","13":"product_tag-fitmin-edalas-sunims","14":"product_tag-fitmin-sausas-maistas-aktyviam-suniui","15":"product_tag-padidintos-energetines-vertes-sunu-maistas","16":"pa_pasaro-sudetis-ryziai","17":"pa_pasaro-sudetis-vistiena","18":"pa_pasaro-sudetis-zuvis","19":"pa_prekiu-zenklai-fitmin-nutritional-programme","20":"pa_suns-amzius-suaugusiems","21":"pa_veisles-dydis-mazoms-veislems","23":"first","24":"outofstock","25":"taxable","26":"shipping-taxable","27":"purchasable","28":"product-type-simple"},"acf":[],"_links":{"self":[{"href":"https:\/\/zooprekes24.lt\/et\/wp-json\/wp\/v2\/product\/21924","targetHints":{"allow":["GET"]}}],"collection":[{"href":"https:\/\/zooprekes24.lt\/et\/wp-json\/wp\/v2\/product"}],"about":[{"href":"https:\/\/zooprekes24.lt\/et\/wp-json\/wp\/v2\/types\/product"}],"replies":[{"embeddable":true,"href":"https:\/\/zooprekes24.lt\/et\/wp-json\/wp\/v2\/comments?post=21924"}],"wp:featuredmedia":[{"embeddable":true,"href":"https:\/\/zooprekes24.lt\/et\/wp-json\/wp\/v2\/media\/45395"}],"wp:attachment":[{"href":"https:\/\/zooprekes24.lt\/et\/wp-json\/wp\/v2\/media?parent=21924"}],"wp:term":[{"taxonomy":"product_brand","embeddable":true,"href":"https:\/\/zooprekes24.lt\/et\/wp-json\/wp\/v2\/product_brand?post=21924"},{"taxonomy":"product_cat","embeddable":true,"href":"https:\/\/zooprekes24.lt\/et\/wp-json\/wp\/v2\/product_cat?post=21924"},{"taxonomy":"product_tag","embeddable":true,"href":"https:\/\/zooprekes24.lt\/et\/wp-json\/wp\/v2\/product_tag?post=21924"}],"curies":[{"name":"wp","href":"https:\/\/api.w.org\/{rel}","templated":true}]}}