{"id":21923,"date":"2024-04-18T21:18:06","date_gmt":"2024-04-18T18:18:06","guid":{"rendered":"https:\/\/zooprekes24.lt\/produktas\/fitmin-maxi-senior-sausas-maistas\/"},"modified":"2026-04-03T15:59:35","modified_gmt":"2026-04-03T13:59:35","slug":"fitmin-maxi-senior-sausas-maistas","status":"publish","type":"product","link":"https:\/\/zooprekes24.lt\/et\/produktas\/fitmin-maxi-senior-sausas-maistas\/","title":{"rendered":"Fitmin Maxi Senior kuivtoit koertele 12 kg"},"content":{"rendered":"<h3>Fitmin Maxi Senior &#8211; visavertis sausas maistas dideli\u0173 veisli\u0173 (nuo 35 kg) vyresnio am\u017eiaus \u0161unims nuo 7 met\u0173. Lengvai vir\u0161kinamas, praturtintas organiniu selenu ir vitaminu E tam, kad sul\u0117tintu sen\u0117jimo procesus, suma\u017eintu apsivalgymo rizik\u0105 bei minimalizuotu galimas \u0161uns vir\u0161kinimo problemas. Sud\u0117tyje esantis ma\u017eesnis riebal\u0173 kiekis apsaugo augintin\u012f nuo nutukimo.<\/h3>\n<ul>\n<li>Spetsiaalne Fitmin toidu koostis, <a href=\"https:\/\/www.youtube.com\/watch?v=1yoQTbErEss\">mis sisaldavad kuni 73 % loomset valku<\/a>, tugevdades koera loomulikku kaitset.<\/li>\n<li><a href=\"https:\/\/zooprekes24.lt\/et\/toode\/dr-clauders-barf-lassi-oli\/\">L\u00f5he\u00f5li<\/a> on suurep\u00e4rane Omega-3-rasvhapete (EPA ja DHA) allikas, mis toidavad ja niisutavad teie koera karvkatte ja nahka. EPA-l on looduslik p\u00f5letikuvastane toime, DHA aga osaleb aju ja v\u00f5rkkesta \u00fclesehituses.<\/li>\n<li>Selles sisalduv vitamiin B12 ja foolhape aitavad s\u00e4ilitada s\u00fcdame tervislikku talitlust ja v\u00e4hendada s\u00fcdame-veresoonkonna haiguste riski.<\/li>\n<li>Kondroitiin ja gl\u00fckoosamiin tugevdavad teie lemmiklooma k\u00f5hre, k\u00f5\u00f5luseid ja sidemeteid.<\/li>\n<li>Madal gl\u00fckeemiline indeks aitab s\u00e4ilitada optimaalset veresuhkru taset ja v\u00e4hendab \u00fclekaalulisuse riski.<\/li>\n<li>Fitmin Maxi Senior sisaldab rosmariini ekstrakti, mis stimuleerib maksafunktsiooni ja parandab seedes\u00fcsteemi.<\/li>\n<li>Toit ei sisalda: nisu, soja ega GMOsid.<\/li>\n<\/ul>","protected":false},"excerpt":{"rendered":"<p>Fitmin Maxi Senior &#8211; visavertis sausas maistas dideli\u0173 veisli\u0173 (nuo 35 kg) vyresnio am\u017eiaus \u0161unims nuo 7 met\u0173. Lengvai vir\u0161kinamas, praturtintas organiniu selenu ir vitaminu E tam, kad sul\u0117tintu sen\u0117jimo procesus, suma\u017eintu apsivalgymo rizik\u0105 bei minimalizuotu galimas \u0161uns vir\u0161kinimo problemas. Sud\u0117tyje esantis ma\u017eesnis riebal\u0173 kiekis apsaugo augintin\u012f nuo nutukimo. Speciali Fitmin maisto formul\u0117, kurioje yra&#8230;<\/p>","protected":false},"featured_media":45394,"comment_status":"closed","ping_status":"closed","template":"","meta":{"_acf_changed":false,"slim_seo":{"title":"Fitmin Maxi Senior sausas maistas \u0161unims 12 kg - Zooprekes24","description":"Fitmin Maxi Senior - visavertis sausas maistas dideli\u0173 veisli\u0173 (nuo 35 kg) vyresnio am\u017eiaus \u0161unims nuo 7 met\u0173. Lengvai vir\u0161kinamas, praturtintas organiniu selen"},"iawp_total_views":70},"product_brand":[],"product_cat":[9044,9002,8999,29,31],"product_tag":[177,427,1664,1665],"class_list":{"0":"post-21923","1":"product","2":"type-product","3":"status-publish","4":"has-post-thumbnail","6":"product_cat-fitmin-nutritional-programme","7":"product_cat-sausas-maistas","8":"product_cat-sunims","9":"product_cat-sunu-maistas","10":"product_cat-sunu-prekiu-gamintojai","11":"product_tag-edalas-sunims","12":"product_tag-fitmin-edalas-sunims","13":"product_tag-fitmin-maistas-seniems-sunims","14":"product_tag-fitmin-senam-suniui","15":"pa_pasaro-sudetis-ryziai","16":"pa_pasaro-sudetis-vistiena","17":"pa_pasaro-sudetis-zuvis","18":"pa_prekiu-zenklai-fitmin-nutritional-programme","19":"pa_suns-amzius-senjorams","20":"pa_veisles-dydis-didelems-veislems","22":"first","23":"instock","24":"taxable","25":"shipping-taxable","26":"purchasable","27":"product-type-simple"},"acf":[],"_links":{"self":[{"href":"https:\/\/zooprekes24.lt\/et\/wp-json\/wp\/v2\/product\/21923","targetHints":{"allow":["GET"]}}],"collection":[{"href":"https:\/\/zooprekes24.lt\/et\/wp-json\/wp\/v2\/product"}],"about":[{"href":"https:\/\/zooprekes24.lt\/et\/wp-json\/wp\/v2\/types\/product"}],"replies":[{"embeddable":true,"href":"https:\/\/zooprekes24.lt\/et\/wp-json\/wp\/v2\/comments?post=21923"}],"wp:featuredmedia":[{"embeddable":true,"href":"https:\/\/zooprekes24.lt\/et\/wp-json\/wp\/v2\/media\/45394"}],"wp:attachment":[{"href":"https:\/\/zooprekes24.lt\/et\/wp-json\/wp\/v2\/media?parent=21923"}],"wp:term":[{"taxonomy":"product_brand","embeddable":true,"href":"https:\/\/zooprekes24.lt\/et\/wp-json\/wp\/v2\/product_brand?post=21923"},{"taxonomy":"product_cat","embeddable":true,"href":"https:\/\/zooprekes24.lt\/et\/wp-json\/wp\/v2\/product_cat?post=21923"},{"taxonomy":"product_tag","embeddable":true,"href":"https:\/\/zooprekes24.lt\/et\/wp-json\/wp\/v2\/product_tag?post=21923"}],"curies":[{"name":"wp","href":"https:\/\/api.w.org\/{rel}","templated":true}]}}