{"id":21921,"date":"2024-04-18T21:18:06","date_gmt":"2024-04-18T18:18:06","guid":{"rendered":"https:\/\/zooprekes24.lt\/produktas\/fitmin-for-life-salmon-mini-stripes-70g\/"},"modified":"2024-05-22T17:32:57","modified_gmt":"2024-05-22T14:32:57","slug":"fitmin-for-life-lohe-mini-triibud-70g","status":"publish","type":"product","link":"https:\/\/zooprekes24.lt\/et\/produktas\/fitmin-for-life-salmon-mini-stripes-70g\/","title":{"rendered":"Fitmin for Life l\u00f5he Mini Stripes maiuspalad 70 g"},"content":{"rendered":"<h3>Fitmin for Life Salmon Mini Stripes - l\u00f5he maiuspalad igale vanusele <a href=\"https:\/\/zooprekes24.lt\/et\/kategorija\/prekes-katems\/\" target=\"_blank\" rel=\"noopener\">kasside jaoks<\/a> ja koertele kvaliteetse valgu ja madala rasvasisaldusega. H\u00f5rgutised on l\u00f5igatud v\u00e4ikesteks ribadeks, mis s\u00e4ilitavad kassidele ja koertele eriti maitsva maitse ja v\u00e4rske l\u00f5he ahvatleva l\u00f5hna.<\/h3>\n<ul>\n<li>See sisaldab 81,8% liha, mis aitab s\u00e4ilitada teie lemmiklooma energiat ja heaolu.<\/li>\n<li>T\u00e4nu oma koostisele ja maitsvale maitsele on l\u00f5he maiuspalad ka k\u00f5ige n\u00f5udlikumate loomade lemmikud.<\/li>\n<li>Pakendatud kasutajas\u00f5bralikku, taaskohustatavasse kotti, mida saab avada ja uuesti sulgeda, nii et need p\u00fcsivad kaua v\u00e4rskena.<\/li>\n<li>Fitmin for Life Salmon Mini Stripes maiuspalad sobivad ideaalselt preemiaks v\u00f5i maitsvaks vahepalaks.<\/li>\n<li><a href=\"https:\/\/www.fitmin.cz\/p\/ffl-dog-cat-treat-duck-jerky-70g?backlink=172do%3Dsortproductsdo%3Dsortproducts#tabs-4\" target=\"_blank\" rel=\"noopener\">H\u00f5rgutised ei sisalda v\u00e4rvaineid, l\u00f5hna- ja maitseaineid ega teravilja.<\/a>.<\/li>\n<\/ul>","protected":false},"excerpt":{"rendered":"<p>Fitmin for Life Salmon Mini Stripes &#8211; la\u0161isos skan\u0117stai vis\u0173 am\u017eiaus grupi\u0173 kat\u0117ms ir \u0161unims su daug kokybi\u0161k\u0173 baltym\u0173 ir ma\u017eai riebal\u0173. Skan\u0117stai supjaustyti ma\u017eomis juostel\u0117mis, kurios i\u0161laiko ypatingai gard\u0173 skon\u012f bei kates ir \u0161unis viliojanti \u0161vie\u017eios la\u0161i\u0161os kvap\u0105. Sud\u0117tyje &#8211; 81,8 proc. m\u0117sos, kuri gali pad\u0117ti palaikyti augintinio energij\u0105 ir ger\u0105 savijaut\u0105. D\u0117l savo&#8230;<\/p>","protected":false},"featured_media":18373,"comment_status":"closed","ping_status":"closed","template":"","meta":{"_acf_changed":false,"slim_seo":{"title":"Fitmin for Life Salmon Mini Stripes skan\u0117stai 70 g - Zooprekes24","description":"Fitmin for Life Salmon Mini Stripes - kvaliteetse valgu ja madala rasvasisaldusega tilgak\u00fcpsetused igas vanuses kassidele ja koertele. H\u00f5rgutised on l\u00f5igatud m"},"iawp_total_views":99},"product_brand":[],"product_cat":[9042,9043,72,83,25,9030,9010,9018,8999,31,30],"product_tag":[1618,3559,1623,2008,2013,2023],"class_list":{"0":"post-21921","1":"product","2":"type-product","3":"status-publish","4":"has-post-thumbnail","6":"product_cat-fitmin-for-life-katems","7":"product_cat-fitmin-for-life-sunims","8":"product_cat-kaciu-maistas","9":"product_cat-kaciu-prekiu-gamintojai","10":"product_cat-katems","11":"product_cat-minksti-kramtalai","12":"product_cat-naturalus-skanestai","13":"product_cat-skanestai","14":"product_cat-sunims","15":"product_cat-sunu-prekiu-gamintojai","16":"product_cat-sunu-skanestai","17":"product_tag-fitmin-for-life-naturalus-skanestai","18":"product_tag-fitmin-for-life-skanukai-katei","19":"product_tag-fitmin-skanestai-sunims","20":"product_tag-kaciu-skanestai","21":"product_tag-naturalus-skanestai-katems","22":"product_tag-traskus-skanestai-katems","23":"pa_pasaro-sudetis-lasisa","24":"pa_pasaro-sudetis-vistiena","25":"pa_pasaro-sudetis-zuvis","26":"pa_prekiu-zenklai-fitmin-for-life","27":"pa_suns-amzius-jauniems","28":"pa_suns-amzius-senjorams","29":"pa_suns-amzius-suaugusiems","30":"pa_suns-amzius-visiems-amziams","31":"pa_veisles-dydis-mazoms-veislems","33":"first","34":"outofstock","35":"featured","36":"taxable","37":"shipping-taxable","38":"purchasable","39":"product-type-simple"},"acf":[],"_links":{"self":[{"href":"https:\/\/zooprekes24.lt\/et\/wp-json\/wp\/v2\/product\/21921","targetHints":{"allow":["GET"]}}],"collection":[{"href":"https:\/\/zooprekes24.lt\/et\/wp-json\/wp\/v2\/product"}],"about":[{"href":"https:\/\/zooprekes24.lt\/et\/wp-json\/wp\/v2\/types\/product"}],"replies":[{"embeddable":true,"href":"https:\/\/zooprekes24.lt\/et\/wp-json\/wp\/v2\/comments?post=21921"}],"wp:featuredmedia":[{"embeddable":true,"href":"https:\/\/zooprekes24.lt\/et\/wp-json\/wp\/v2\/media\/18373"}],"wp:attachment":[{"href":"https:\/\/zooprekes24.lt\/et\/wp-json\/wp\/v2\/media?parent=21921"}],"wp:term":[{"taxonomy":"product_brand","embeddable":true,"href":"https:\/\/zooprekes24.lt\/et\/wp-json\/wp\/v2\/product_brand?post=21921"},{"taxonomy":"product_cat","embeddable":true,"href":"https:\/\/zooprekes24.lt\/et\/wp-json\/wp\/v2\/product_cat?post=21921"},{"taxonomy":"product_tag","embeddable":true,"href":"https:\/\/zooprekes24.lt\/et\/wp-json\/wp\/v2\/product_tag?post=21921"}],"curies":[{"name":"wp","href":"https:\/\/api.w.org\/{rel}","templated":true}]}}