{"id":21920,"date":"2024-04-18T21:18:06","date_gmt":"2024-04-18T18:18:06","guid":{"rendered":"https:\/\/zooprekes24.lt\/produktas\/fitmin-for-life-rabbit-jerky-70g\/"},"modified":"2024-06-07T15:05:58","modified_gmt":"2024-06-07T12:05:58","slug":"fitmin-for-life-rabbit-jerky-70g","status":"publish","type":"product","link":"https:\/\/zooprekes24.lt\/et\/produktas\/fitmin-for-life-rabbit-jerky-70g\/","title":{"rendered":"Fitmin for Life Rabbit Jerky kasside maiuspalad 70 g"},"content":{"rendered":"<h3>Fitmin for Life Rabbit Jerky &#8211; triu\u0161ienos m\u0117sos skan\u0117stai vis\u0173 am\u017eiaus grupi\u0173 <a href=\"https:\/\/zooprekes24.lt\/et\/kategorija\/prekes-katems\/\" target=\"_blank\" rel=\"noopener\">kasside jaoks<\/a> k\u00f5rge valgusisaldusega ja madala rasvasisaldusega. H\u00f5rgutised on l\u00f5igatud v\u00e4ikesteks ribadeks, mis s\u00e4ilitavad eriti maitsva maitse ja v\u00e4rske kana ahvatleva l\u00f5hna.<\/h3>\n<ul>\n<li>Sud\u0117tyje &#8211; 79,8 proc. m\u0117sos, kuri gali pad\u0117ti palaikyti kat\u0117s energij\u0105 ir ger\u0105 savijaut\u0105.<\/li>\n<li>T\u00e4nu oma koostisele ja maitsvale maitsele on k\u00fc\u00fclikuliha maiuspalad isegi k\u00f5ige valivamate kasside lemmikud.<\/li>\n<li>Pakendatud kasutajas\u00f5bralikku, taaskohustatavasse kotti, mida saab avada ja uuesti sulgeda, nii et need p\u00fcsivad kaua v\u00e4rskena.<\/li>\n<li>Fitmin for Life Rabbit Jerky maiuspalad kassidele sobivad suurep\u00e4raselt preemiaks v\u00f5i maitsvaks vahepalaks.<\/li>\n<li><a href=\"https:\/\/www.fitmin.cz\/p\/ffl-dog-cat-treat-duck-jerky-70g?backlink=172do%3Dsortproductsdo%3Dsortproducts#tabs-4\" target=\"_blank\" rel=\"noopener\">H\u00f5rgutised ei sisalda v\u00e4rvaineid, l\u00f5hna- ja maitseaineid ega teravilja.<\/a>.<\/li>\n<\/ul>","protected":false},"excerpt":{"rendered":"<p>Fitmin for Life Rabbit Jerky &#8211; triu\u0161ienos m\u0117sos skan\u0117stai vis\u0173 am\u017eiaus grupi\u0173 kat\u0117ms su daug kokybi\u0161k\u0173 baltym\u0173 ir ma\u017eai riebal\u0173. Skan\u0117stai supjaustyti ma\u017eomis juostel\u0117mis, kurios i\u0161laiko ypatingai gard\u0173 skon\u012f ir kates viliojanti \u0161vie\u017eios vi\u0161tienos kvap\u0105. Sud\u0117tyje &#8211; 79,8 proc. m\u0117sos, kuri gali pad\u0117ti palaikyti kat\u0117s energij\u0105 ir ger\u0105 savijaut\u0105. D\u0117l savo sud\u0117ties ir gardaus skonio,&#8230;<\/p>","protected":false},"featured_media":18371,"comment_status":"closed","ping_status":"closed","template":"","meta":{"_acf_changed":false,"slim_seo":{"title":"Fitmin for Life Rabbit Jerky skan\u0117stai kat\u0117ms 70 g - Zooprekes24","description":"Fitmin for Life Rabbit Jerky - triu\u0161ienos m\u0117sos skan\u0117stai vis\u0173 am\u017eiaus grupi\u0173 kat\u0117ms su daug kokybi\u0161k\u0173 baltym\u0173 ir ma\u017eai riebal\u0173. Skan\u0117stai supjaustyti ma\u017eomis j"},"iawp_total_views":43},"product_brand":[],"product_cat":[9042,72,83,25,9018],"product_tag":[1618,3559,2008,2013,2023],"class_list":{"0":"post-21920","1":"product","2":"type-product","3":"status-publish","4":"has-post-thumbnail","6":"product_cat-fitmin-for-life-katems","7":"product_cat-kaciu-maistas","8":"product_cat-kaciu-prekiu-gamintojai","9":"product_cat-katems","10":"product_cat-skanestai","11":"product_tag-fitmin-for-life-naturalus-skanestai","12":"product_tag-fitmin-for-life-skanukai-katei","13":"product_tag-kaciu-skanestai","14":"product_tag-naturalus-skanestai-katems","15":"product_tag-traskus-skanestai-katems","16":"pa_pasaro-sudetis-triusiena","17":"pa_pasaro-sudetis-zuvis","18":"pa_prekiu-zenklai-fitmin-for-life","20":"first","21":"outofstock","22":"featured","23":"taxable","24":"shipping-taxable","25":"purchasable","26":"product-type-simple"},"acf":[],"_links":{"self":[{"href":"https:\/\/zooprekes24.lt\/et\/wp-json\/wp\/v2\/product\/21920","targetHints":{"allow":["GET"]}}],"collection":[{"href":"https:\/\/zooprekes24.lt\/et\/wp-json\/wp\/v2\/product"}],"about":[{"href":"https:\/\/zooprekes24.lt\/et\/wp-json\/wp\/v2\/types\/product"}],"replies":[{"embeddable":true,"href":"https:\/\/zooprekes24.lt\/et\/wp-json\/wp\/v2\/comments?post=21920"}],"wp:featuredmedia":[{"embeddable":true,"href":"https:\/\/zooprekes24.lt\/et\/wp-json\/wp\/v2\/media\/18371"}],"wp:attachment":[{"href":"https:\/\/zooprekes24.lt\/et\/wp-json\/wp\/v2\/media?parent=21920"}],"wp:term":[{"taxonomy":"product_brand","embeddable":true,"href":"https:\/\/zooprekes24.lt\/et\/wp-json\/wp\/v2\/product_brand?post=21920"},{"taxonomy":"product_cat","embeddable":true,"href":"https:\/\/zooprekes24.lt\/et\/wp-json\/wp\/v2\/product_cat?post=21920"},{"taxonomy":"product_tag","embeddable":true,"href":"https:\/\/zooprekes24.lt\/et\/wp-json\/wp\/v2\/product_tag?post=21920"}],"curies":[{"name":"wp","href":"https:\/\/api.w.org\/{rel}","templated":true}]}}