{"id":21913,"date":"2024-04-18T21:18:06","date_gmt":"2024-04-18T18:18:06","guid":{"rendered":"https:\/\/zooprekes24.lt\/produktas\/tauro-pro-line-pure-nature-nourishes\/"},"modified":"2024-09-09T14:25:55","modified_gmt":"2024-09-09T11:25:55","slug":"tauro-pro-line-puhas-loodus-toidab-2","status":"publish","type":"product","link":"https:\/\/zooprekes24.lt\/et\/produktas\/tauro-pro-line-pure-nature-nourishes\/","title":{"rendered":"Tauro Pro Line Pure Nature Nourishes &amp; Restores Foot Balm 75 ml"},"content":{"rendered":"<h3>Tauro Pro Line Pure Nature Nourishes &amp; Restores on ainulaadne toode, mis on iga lemmikloomaomaniku ravimikapis h\u00e4davajalik. See looduslik toode kaitseb loomade jalgu talvel soola ja mustuse eest ning suvel kuuma asfaldipinna eest. Palsamil on antibakteriaalsed, niisutavad ja tundlikku nahka hooldavad omadused.<\/h3>\n<ul>\n<li><strong>Kaitse igal aastaajal. <\/strong>Balsam <a href=\"https:\/\/zooprekes24.lt\/et\/?s=biocos&amp;post_type=product\" target=\"_blank\" rel=\"noopener\">kaitseb jalgu<\/a> aastaringselt - kaitseb kahjulike keskkonnategurite (kuum asfalt, liiv, soolad) eest, niisutab ja tagab nahale kaitsva barj\u00e4\u00e4ri.<\/li>\n<li><strong>Koos\u00a0<\/strong><strong>kanepi\u00f5li ja aloe verav\u00f5i - niisutab ja parandab. <\/strong>Tauro Pro Line Pure Nature Nourishes &amp; Restores spetsiaalne koostis kanepi\u00f5li ja aloe vera v\u00f5iga rahustab ja taastab kahjustatud nahka, niisutab ja kaitseb.<\/li>\n<li><strong>Antibakteriaalne. <\/strong>Palsam sisaldab lavendli ja t\u00fc\u00fcmiani eeterlikke \u00f5lisid, millel on antibakteriaalsed ja rahustavad omadused.<\/li>\n<li><strong>Looduslik koostis. <\/strong><a href=\"https:\/\/www.youtube.com\/watch?v=Iu7ThGOSO5I\" target=\"_blank\" rel=\"noopener\">Sisaldab 97 % looduslikke koostisosi<\/a>. Samuti ei sisalda see parabeene, sulfaate, silikoone ega lisatud v\u00e4rvaineid.<\/li>\n<li><strong>Sobib tundlikele lemmikloomadele. <\/strong>Tauro Pro Line Pure Nature Nourishes &amp; Restores sobib t\u00e4nu oma \u00fclimalt \u00f5rnale koostisele kasutamiseks ka tundlikele lemmikloomadele.<\/li>\n<li><strong>Lihtne kasutada. <\/strong>Palsam on v\u00e4ga lihtne kasutada: masseerige palsamit lemmiklooma jalgadele v\u00f5i nina pinnale \u00f5rnade ringjate liigutustega. Parima tulemuse saavutamiseks kandke palsamit enne \u00f5ue minekut v\u00f5i p\u00e4rast jalutusk\u00e4iku. Kasutage perioodiliselt ebasoodsates tingimustes, nagu j\u00e4\u00e4, lumi, sool v\u00f5i v\u00e4ga kuumad pinnad. Kuiva naha puhul kandke palsamit 2-3 korda p\u00e4evas. Selleks, et palsam imenduks sisse, p\u00fc\u00fcdke oma lemmikloomale m\u00f5neks minutiks t\u00e4helepanu juhtida m\u00f5nuga.<\/li>\n<\/ul>","protected":false},"excerpt":{"rendered":"<p>Tauro Pro Line Pure Nature Nourishes &amp; Restores \u2013 unikali priemon\u0117, kuri privalo atsirasti kiekvieno gyv\u016bn\u0173 augintojo vaistin\u0117l\u0117je. \u0160is nat\u016bralios sud\u0117ties produktas \u017eiem\u0105 apsaugo gyv\u016bn\u0173 p\u0117dutes nuo barstom\u0173 drusk\u0173 bei purvo, o vasar\u0105 \u2013 nuo \u012fkaitusio asfalto pavir\u0161iaus. Balzamas pasi\u017eymi antibakterin\u0117mis, dr\u0117kinamosiomis ir jautri\u0105 od\u0105 puosel\u0117jan\u010diomis savyb\u0117mis. Apsauga visais met\u0173 laikais. Balzamas suteikia apsaug\u0105 p\u0117dut\u0117ms&#8230;<\/p>","protected":false},"featured_media":30075,"comment_status":"closed","ping_status":"closed","template":"","meta":{"_acf_changed":false,"slim_seo":{"title":"Tauro Pro Line Pure Nature Nourishes & Restores balzamas p\u0117dut\u0117ms 75 ml - Zooprekes24","description":"Tauro Pro Line Pure Nature Nourishes &amp; Restores on ainulaadne toode, mis on iga lemmikloomaomaniku ravimikapis h\u00e4davajalik. See looduslik koostis"},"iawp_total_views":159},"product_brand":[],"product_cat":[32,9026,8999],"product_tag":[3663,3668],"class_list":{"0":"post-21913","1":"product","2":"type-product","3":"status-publish","4":"has-post-thumbnail","6":"product_cat-kitos-sunu-prekes","7":"product_cat-prieziuros-priemones-sunims","8":"product_cat-sunims","9":"product_tag-balzamas-suns-pedutems","10":"product_tag-peduciu-kremas","11":"pa_prekiu-zenklai-tauro-pro-line","12":"pa_suns-amzius-jauniems","13":"pa_suns-amzius-senjorams","14":"pa_suns-amzius-suaugusiems","15":"pa_suns-amzius-visiems-amziams","16":"pa_veisles-dydis-didelems-veislems","17":"pa_veisles-dydis-mazoms-veislems","18":"pa_veisles-dydis-vidutinems-veislems","19":"pa_veisles-dydis-visu-dydziu-veislems","21":"first","22":"instock","23":"featured","24":"taxable","25":"shipping-taxable","26":"purchasable","27":"product-type-simple"},"acf":[],"_links":{"self":[{"href":"https:\/\/zooprekes24.lt\/et\/wp-json\/wp\/v2\/product\/21913","targetHints":{"allow":["GET"]}}],"collection":[{"href":"https:\/\/zooprekes24.lt\/et\/wp-json\/wp\/v2\/product"}],"about":[{"href":"https:\/\/zooprekes24.lt\/et\/wp-json\/wp\/v2\/types\/product"}],"replies":[{"embeddable":true,"href":"https:\/\/zooprekes24.lt\/et\/wp-json\/wp\/v2\/comments?post=21913"}],"wp:featuredmedia":[{"embeddable":true,"href":"https:\/\/zooprekes24.lt\/et\/wp-json\/wp\/v2\/media\/30075"}],"wp:attachment":[{"href":"https:\/\/zooprekes24.lt\/et\/wp-json\/wp\/v2\/media?parent=21913"}],"wp:term":[{"taxonomy":"product_brand","embeddable":true,"href":"https:\/\/zooprekes24.lt\/et\/wp-json\/wp\/v2\/product_brand?post=21913"},{"taxonomy":"product_cat","embeddable":true,"href":"https:\/\/zooprekes24.lt\/et\/wp-json\/wp\/v2\/product_cat?post=21913"},{"taxonomy":"product_tag","embeddable":true,"href":"https:\/\/zooprekes24.lt\/et\/wp-json\/wp\/v2\/product_tag?post=21913"}],"curies":[{"name":"wp","href":"https:\/\/api.w.org\/{rel}","templated":true}]}}