{"id":21911,"date":"2024-04-18T21:18:06","date_gmt":"2024-04-18T18:18:06","guid":{"rendered":"https:\/\/zooprekes24.lt\/produktas\/tauro-pro-line-pure-nature-hydrates\/"},"modified":"2024-09-26T12:52:22","modified_gmt":"2024-09-26T09:52:22","slug":"tauro-pro-line-pure-nature-hudraadid","status":"publish","type":"product","link":"https:\/\/zooprekes24.lt\/et\/produktas\/tauro-pro-line-pure-nature-hydrates\/","title":{"rendered":"Tauro Pro Line Pure Nature niisutab ja niisutab nina ja jalgu 75 ml"},"content":{"rendered":"<h3>Tauro Pro Line Pure Nature Hydrates &amp; Moisturizes on ainulaadne toode, mis on iga lemmikloomaomaniku ravimikapis h\u00e4davajalik. See looduslik toode kaitseb loomade jalgu talvel soola ja mustuse eest ning suvel kuuma asfaldipinna eest. See sobib ideaalselt ka teie lemmiklooma nina hooldamiseks.<\/h3>\n<ul>\n<li><strong>Kaitse igal aastaajal. <\/strong>Palsam kaitseb jalgu ja nina aastaringselt - see kaitseb kahjulike keskkonnategurite (kuum asfalt, liiv, soolad) eest, niisutab ja annab nahale kaitsva barj\u00e4\u00e4ri.<\/li>\n<li><strong>Magusate mandlite ja kookosega\u00a0<\/strong><strong>\u00d5lid - niisutavad ja kaitsevad. <\/strong>Tauro Pro Line Pure Nature Hydrates &amp; Moisturizes balsami eriline koostis magusmandli- ja kookos\u00f5liga niisutab s\u00fcgavuti, <a href=\"https:\/\/zooprekes24.lt\/et\/?s=biocos&amp;post_type=product\" target=\"_blank\" rel=\"noopener\">kaitseb ja toidab nahka<\/a>. Palsam aitab parandada l\u00f5henenud nahka jalgadel v\u00f5i ninas. Lisaks kaitseb palsam t\u00f5husalt nahka kuivuse ja sellest tuleneva s\u00fcgeluse eest.<\/li>\n<li><strong>Looduslik koostis. <\/strong><a href=\"https:\/\/www.youtube.com\/watch?v=Iu7ThGOSO5I\" target=\"_blank\" rel=\"noopener\">Sisaldab 97 % looduslikke koostisosi<\/a>. Samuti ei sisalda see parabeene, sulfaate, silikoone ega lisatud v\u00e4rvaineid.<\/li>\n<li><strong>Sobib tundlikele lemmikloomadele. <\/strong>Tauro Pro Line Pure Nature Hydrates &amp; Moisturizes Balm on l\u00f5hnatu ja \u00e4\u00e4rmiselt mahe, mist\u00f5ttu sobib see kasutamiseks isegi tundliku l\u00f5hna- v\u00f5i nahatundlikkusega lemmikloomadele.<\/li>\n<li><strong>Lihtne kasutada. <\/strong>Palsam on v\u00e4ga lihtne kasutada: masseerige palsamit lemmiklooma jalgadele v\u00f5i nina pinnale \u00f5rnade ringjate liigutustega. Parima tulemuse saavutamiseks kandke palsamit enne \u00f5ue minekut v\u00f5i p\u00e4rast jalutusk\u00e4iku. Kasutage perioodiliselt ebasoodsates tingimustes, nagu j\u00e4\u00e4, lumi, sool v\u00f5i v\u00e4ga kuumad pinnad. Kuiva naha puhul kandke palsamit 2-3 korda p\u00e4evas. Selleks, et palsam imenduks sisse, p\u00fc\u00fcdke oma lemmikloomale m\u00f5neks minutiks t\u00e4helepanu juhtida m\u00f5nuga.<\/li>\n<\/ul>","protected":false},"excerpt":{"rendered":"<p>Tauro Pro Line Pure Nature Hydrates &amp; Moisturizes \u2013 unikali priemon\u0117, kuri privalo atsirasti kiekvieno gyv\u016bn\u0173 augintojo vaistin\u0117l\u0117je. \u0160is nat\u016bralios sud\u0117ties produktas \u017eiem\u0105 apsaugo gyv\u016bn\u0173 p\u0117dutes nuo barstom\u0173 drusk\u0173 bei purvo, o vasar\u0105 \u2013 nuo \u012fkaitusio asfalto pavir\u0161iaus. Be to, \u0161i priemon\u0117 puikiai tinka ir augintinio nosyt\u0117s prie\u017ei\u016brai. Apsauga visais met\u0173 laikais. Balzamas suteikia apsaug\u0105&#8230;<\/p>","protected":false},"featured_media":30074,"comment_status":"closed","ping_status":"closed","template":"","meta":{"_acf_changed":false,"slim_seo":{"title":"Tauro Pro Line Pure Nature Hydrates & Moisturizes balzamas nosyt\u0117ms ir p\u0117dut\u0117ms 75 ml - Zooprekes24","description":"Tauro Pro Line Pure Nature Hydrates &amp; Moisturizes on ainulaadne toode, mis on iga lemmikloomaomaniku ravimikapis h\u00e4davajalik. See looduslik koostis"},"iawp_total_views":256},"product_brand":[],"product_cat":[32,9026,8999],"product_tag":[3663,3668],"class_list":{"0":"post-21911","1":"product","2":"type-product","3":"status-publish","4":"has-post-thumbnail","6":"product_cat-kitos-sunu-prekes","7":"product_cat-prieziuros-priemones-sunims","8":"product_cat-sunims","9":"product_tag-balzamas-suns-pedutems","10":"product_tag-peduciu-kremas","11":"pa_prekiu-zenklai-tauro-pro-line","12":"pa_suns-amzius-jauniems","13":"pa_suns-amzius-senjorams","14":"pa_suns-amzius-suaugusiems","15":"pa_suns-amzius-visiems-amziams","16":"pa_veisles-dydis-didelems-veislems","17":"pa_veisles-dydis-mazoms-veislems","18":"pa_veisles-dydis-vidutinems-veislems","19":"pa_veisles-dydis-visu-dydziu-veislems","21":"first","22":"instock","23":"featured","24":"taxable","25":"shipping-taxable","26":"purchasable","27":"product-type-simple"},"acf":[],"_links":{"self":[{"href":"https:\/\/zooprekes24.lt\/et\/wp-json\/wp\/v2\/product\/21911","targetHints":{"allow":["GET"]}}],"collection":[{"href":"https:\/\/zooprekes24.lt\/et\/wp-json\/wp\/v2\/product"}],"about":[{"href":"https:\/\/zooprekes24.lt\/et\/wp-json\/wp\/v2\/types\/product"}],"replies":[{"embeddable":true,"href":"https:\/\/zooprekes24.lt\/et\/wp-json\/wp\/v2\/comments?post=21911"}],"wp:featuredmedia":[{"embeddable":true,"href":"https:\/\/zooprekes24.lt\/et\/wp-json\/wp\/v2\/media\/30074"}],"wp:attachment":[{"href":"https:\/\/zooprekes24.lt\/et\/wp-json\/wp\/v2\/media?parent=21911"}],"wp:term":[{"taxonomy":"product_brand","embeddable":true,"href":"https:\/\/zooprekes24.lt\/et\/wp-json\/wp\/v2\/product_brand?post=21911"},{"taxonomy":"product_cat","embeddable":true,"href":"https:\/\/zooprekes24.lt\/et\/wp-json\/wp\/v2\/product_cat?post=21911"},{"taxonomy":"product_tag","embeddable":true,"href":"https:\/\/zooprekes24.lt\/et\/wp-json\/wp\/v2\/product_tag?post=21911"}],"curies":[{"name":"wp","href":"https:\/\/api.w.org\/{rel}","templated":true}]}}