{"id":21894,"date":"2024-04-18T21:17:56","date_gmt":"2024-04-18T18:17:56","guid":{"rendered":"https:\/\/zooprekes24.lt\/produktas\/royal-canin-skin-care-sunims\/"},"modified":"2025-07-28T18:48:03","modified_gmt":"2025-07-28T16:48:03","slug":"royal-canin-skin-care-sunims","status":"publish","type":"product","link":"https:\/\/zooprekes24.lt\/et\/produktas\/royal-canin-skin-care-sunims\/","title":{"rendered":"Royal Canin Skin Care kuivtoit koertele 2 kg"},"content":{"rendered":"<h3>Royal Canin Skin Care on veterinaarne kuivtoit t\u00e4iskasvanud ja vanematele koertele keskmise ja suurekasvuliste t\u00f5ugude (alates 10 kg) jaoks. H\u00fcpoallergeenne veterinaars\u00f6\u00f6t, mis on kohandatud atoopilise v\u00f5i allergilise dermatiidiga koertele, kellel on s\u00fcgelev dermatoos, tugev karvkadu ja muud naha- ja karvaprobleemid. Dieeti manustatakse nahahaiguse esimeste tunnuste ilmnemisel kahe kuu jooksul kuni n\u00e4htavate tulemuste saavutamiseni.<\/h3>\n<ul>\n<li>Royal Canin Skin Care sisaldab suurenenud <a href=\"https:\/\/zooprekes24.lt\/et\/toode\/canina-biotin-forte-tabletid\/\">biotiin<\/a>Niatsiini, niatsiini ja pantenooli sisaldus koos tsingi ja linoolhappe kompleksiga tugevdab lemmiklooma naha kaitsebarj\u00e4\u00e4ri funktsioone ja hoiab \u00e4ra naha liigse kuivuse, mis v\u00f5ib p\u00f5hjustada tugevat s\u00fcgelust.<\/li>\n<li>\u00d5lidest (linaseemnetest, sojaubadest, boraagist, kala\u00f5list) saadud asendamatute rasvhapete kombinatsioon tugevdab naha loomulikku kaitsev\u00f5imet ja aitab v\u00e4hendada nahapatoloogiate ilmnemist.<\/li>\n<li>Omega-3 rasvhapete kaks peamist t\u00fc\u00fcpi on j\u00e4rgmised. <a href=\"https:\/\/omegamarine.lt\/apie-omega3\/\" target=\"_blank\" rel=\"noopener\">EPA (eikosapentaeenhape) ja DHA (dokosaheksaeenhape).<\/a> leidub looduslikult sellistes rasvastes merekalades nagu l\u00f5he, makrell, heeringas, tuunikala ja sardiinid. Need toiduainetes sisalduvad happed aitavad reguleerida naha allergiareaktsioone.<\/li>\n<li>V\u00e4ga h\u00e4sti seeditavate valkude, prebiootikumide, peedimassi, riisi ja kala\u00f5li kombinatsioon tasakaalustab koera soolestiku mikrofloora ning soodustab ja taastab seedetrakti n\u00f5uetekohase toimimise.<\/li>\n<li><a href=\"https:\/\/www.youtube.com\/watch?v=e_BUgKozqZw\" target=\"_blank\" rel=\"noopener\">S\u00fcnergistlik antioks\u00fcdantide kompleks<\/a> Royal Canin Skin Care'i toidus sisalduv toimeaine v\u00e4hendab oks\u00fcdatiivset stressi ja aitab neutraliseerida vabu radikaale.<\/li>\n<\/ul>\n<h3><span style=\"color: #408ca3; font-size: 14px;\"><strong>Toit on tarbimisk\u00f5lblik, kui:<\/strong><\/span><\/h3>\n<ul>\n<li>Atoopiline dermatiit<\/li>\n<li>P\u00fcodermatiit<\/li>\n<li>V\u00e4line otiit<\/li>\n<li>Iht\u00fcoos<\/li>\n<li>Kontaktallergiline dermatiit (sh p\u00e4rast kirpude hammustamist)<\/li>\n<li>Vajalik naha funktsioonide s\u00e4ilitamiseks (dermatoos, juuste v\u00e4ljalangemine).<\/li>\n<li>Nahakahjustuste paranemisperiood<\/li>\n<\/ul>\n<h3><span style=\"font-size: 14px; color: #408ca3;\"><strong>Toitu ei tohiks kasutada:<\/strong><\/span><\/h3>\n<ul>\n<li>Raseduse, imetamise, kasvu ajal<\/li>\n<\/ul>\n<p><img loading=\"lazy\" decoding=\"async\" class=\"alignnone wp-image-18860\" src=\"https:\/\/zooprekes24.lt\/wp-content\/uploads\/hypoallergic-logo.png\" alt=\"Royal Canin Adult Medium koerte kuivtoit koertele\" width=\"300\" height=\"312\" srcset=\"https:\/\/zooprekes24.lt\/wp-content\/uploads\/hypoallergic-logo.png 1600w, https:\/\/zooprekes24.lt\/wp-content\/uploads\/hypoallergic-logo-288x300.png 288w, https:\/\/zooprekes24.lt\/wp-content\/uploads\/hypoallergic-logo-984x1024.png 984w, https:\/\/zooprekes24.lt\/wp-content\/uploads\/hypoallergic-logo-600x624.png 600w, https:\/\/zooprekes24.lt\/wp-content\/uploads\/hypoallergic-logo-577x600.png 577w, https:\/\/zooprekes24.lt\/wp-content\/uploads\/hypoallergic-logo-1384x1440.png 1384w\" sizes=\"auto, (max-width: 300px) 100vw, 300px\" \/><\/p>","protected":false},"excerpt":{"rendered":"<p>Royal Canin Skin Care &#8211; veterinarinis vidutini\u0173 ir dideli\u0173 veisli\u0173 (nuo 10 kg) suaugusi\u0173 ir vyresnio am\u017eiaus \u0161un\u0173 sausas maistas. Hipoalergin\u0117, veterinarin\u0117 dieta pritaikyta \u0161unims sergantiems atopiniu arba alerginiu dermatitu su nie\u017etin\u010diomis dermatoz\u0117mis, patyriantiems stipr\u0173 kailio slinkim\u0105 bei kitas odos ir kailio problemas. Dieta skiriama atsiradus pirmiesiems odos lig\u0173 po\u017eymiams dviej\u0173 m\u0117nesi\u0173 laikotarpiui, kol bus&#8230;<\/p>","protected":false},"featured_media":18307,"comment_status":"closed","ping_status":"closed","template":"","meta":{"_acf_changed":false,"slim_seo":{"title":"Royal Canin Skin Care sausas maistas \u0161unims 2 kg - Zooprekes24","description":"Royal Canin Skin Care - veterinarinis vidutini\u0173 ir dideli\u0173 veisli\u0173 (nuo 10 kg) suaugusi\u0173 ir vyresnio am\u017eiaus \u0161un\u0173 sausas maistas. Hipoalergin\u0117, veterinarin\u0117 die"},"iawp_total_views":137},"product_brand":[],"product_cat":[9241,9002,8999,29,31,9035],"product_tag":[177,4285,4286,200],"class_list":{"0":"post-21894","1":"product","2":"type-product","3":"status-publish","4":"has-post-thumbnail","6":"product_cat-royal-canin-veterinary-diets-sunims","7":"product_cat-sausas-maistas","8":"product_cat-sunims","9":"product_cat-sunu-maistas","10":"product_cat-sunu-prekiu-gamintojai","11":"product_cat-veterinarine-dieta","12":"product_tag-edalas-sunims","13":"product_tag-royal-canin-alergiskam-suniui","14":"product_tag-royal-canin-alergiskiems-sunims","15":"product_tag-super-premium-maistas-sunims","16":"pa_pasaro-sudetis-ryziai","17":"pa_pasaro-sudetis-vistiena","18":"pa_prekiu-zenklai-royal-canin-veterinary-diets","19":"pa_suns-amzius-senjorams","20":"pa_suns-amzius-suaugusiems","21":"pa_veisles-dydis-didelems-veislems","22":"pa_veisles-dydis-vidutinems-veislems","24":"first","25":"instock","26":"taxable","27":"shipping-taxable","28":"purchasable","29":"product-type-simple"},"acf":[],"_links":{"self":[{"href":"https:\/\/zooprekes24.lt\/et\/wp-json\/wp\/v2\/product\/21894","targetHints":{"allow":["GET"]}}],"collection":[{"href":"https:\/\/zooprekes24.lt\/et\/wp-json\/wp\/v2\/product"}],"about":[{"href":"https:\/\/zooprekes24.lt\/et\/wp-json\/wp\/v2\/types\/product"}],"replies":[{"embeddable":true,"href":"https:\/\/zooprekes24.lt\/et\/wp-json\/wp\/v2\/comments?post=21894"}],"wp:featuredmedia":[{"embeddable":true,"href":"https:\/\/zooprekes24.lt\/et\/wp-json\/wp\/v2\/media\/18307"}],"wp:attachment":[{"href":"https:\/\/zooprekes24.lt\/et\/wp-json\/wp\/v2\/media?parent=21894"}],"wp:term":[{"taxonomy":"product_brand","embeddable":true,"href":"https:\/\/zooprekes24.lt\/et\/wp-json\/wp\/v2\/product_brand?post=21894"},{"taxonomy":"product_cat","embeddable":true,"href":"https:\/\/zooprekes24.lt\/et\/wp-json\/wp\/v2\/product_cat?post=21894"},{"taxonomy":"product_tag","embeddable":true,"href":"https:\/\/zooprekes24.lt\/et\/wp-json\/wp\/v2\/product_tag?post=21894"}],"curies":[{"name":"wp","href":"https:\/\/api.w.org\/{rel}","templated":true}]}}