{"id":21892,"date":"2024-04-18T21:17:56","date_gmt":"2024-04-18T18:17:56","guid":{"rendered":"https:\/\/zooprekes24.lt\/produktas\/royal-canin-hepatic-katems\/"},"modified":"2025-07-28T18:43:59","modified_gmt":"2025-07-28T16:43:59","slug":"royal-canin-hepatic-katems","status":"publish","type":"product","link":"https:\/\/zooprekes24.lt\/et\/produktas\/royal-canin-hepatic-katems\/","title":{"rendered":"Royal Canin Hepatic kasside kuivtoit 2 kg"},"content":{"rendered":"<h3>Royal Canin Hepatic on veterinaarne t\u00e4istoit kassidele, mida kasutatakse kasside maksahaiguste tervikliku ravi t\u00e4iendava osana. Ainulaadne koostis on m\u00f5eldud optimaalse maksafunktsiooni s\u00e4ilitamiseks kroonilise maksapuudulikkuse korral ja vase sisalduse v\u00e4hendamiseks maksas. Piiratud kvaliteetse valgu sisaldus. K\u00f5rge essentsiaalsete rasvhapete ja h\u00e4sti seeditavate s\u00fcsivesikute sisaldus.<\/h3>\n<ul>\n<li>Royal Canin Hepatic'i toidu madal vasesisaldus piirab kolestaasi korral vase kumulatiivset m\u00f5ju maksarakkudes ja rakusiseseid kahjustusi.<\/li>\n<li><a href=\"https:\/\/www.youtube.com\/watch?v=ZNkLuqzf8nc\" target=\"_blank\" rel=\"noopener\">\u00d5ige kogus energiat<\/a> rahuldab kasside vajadusi ilma nende k\u00f5htu koormamata, v\u00f5imaldades piirata toiduportsioone ja v\u00e4hendada seedetrakti koormust.<\/li>\n<li>Patenteeritud s\u00fcnergiline antioks\u00fcdantide kompleks aitab neutraliseerida vabu radikaale ja aeglustab hepatots\u00fc\u00fctide (maksarakkude) lagunemist.<\/li>\n<li>Maksahaigusega kassidel on sageli v\u00e4henenud s\u00f6\u00f6giisu ja nad kaotavad kehakaalu. Maitsev koostis mitte ainult ei rahulda v\u00e4henenud v\u00f5i v\u00e4ga n\u00f5udlikku s\u00f6\u00f6giisu, vaid stimuleerib ka toidu tarbimist ja taastumist.<\/li>\n<li><a href=\"https:\/\/zooprekes24.lt\/et\/kategorija\/prekes-katems\/parditoodete-tootjad\/royal-canin-katems\/\" target=\"_blank\" rel=\"noopener\">Royal Canin<\/a> Hepatic'i toidu koostis vastab maksapatoloogilise haigusega kassi f\u00fcsioloogilistele vajadustele (k\u00f5rge energia- ja optimaalne valgusisaldus, kohandatud mineraalainete ja vitamiinide kompleks).<\/li>\n<li>Toidu ainulaadne koostis aitab v\u00e4hendada maksafunktsiooni h\u00e4ire korral tekkivaid t\u00fcsistusi (optimaalne k\u00f5rgelt seeditavate valkude ja taimsete valkude sisaldus, k\u00e4\u00e4rsoole pH langetamine, piiratud naatriumisisaldus).<\/li>\n<\/ul>\n<h3><span style=\"font-size: 14px; color: #7a5449;\"><strong>Toit on tarbimisk\u00f5lblik, kui:<\/strong><\/span><\/h3>\n<div id=\"&quot;product_title_strong&quot;\">\n<ul>\n<li>Koolangiit (kolangiohepatiit)<\/li>\n<li>Kolestaas<\/li>\n<li>Portokavali man\u00f6\u00f6verdamine<\/li>\n<li>Hepaatiline entsefalopaatia<\/li>\n<li>Maksapuudulikkus<\/li>\n<li>Vase ainevahetuse h\u00e4ired<\/li>\n<\/ul>\n<h3><span style=\"font-size: 14px; color: #7a5449;\"><strong>Toitu ei tohi kasutada, kui olete haige:<\/strong><\/span><\/h3>\n<div id=\"&quot;product_title_strong&quot;\">\n<ul>\n<li>H\u00fcperlipideemia<\/li>\n<li>kasside maksa lipiidoos (v\u00e4lja arvatud maksaentsefalopaatia korral).<\/li>\n<li>Raseduse, imetamise, kasvu ajal<\/li>\n<\/ul>\n<\/div>\n<\/div>\n<p><img loading=\"lazy\" decoding=\"async\" class=\"alignnone wp-image-17963\" src=\"https:\/\/zooprekes24.lt\/wp-content\/uploads\/vhn-all-territories-packaging-emblematic-all-adult-cat.png\" alt=\"\" width=\"300\" height=\"320\" srcset=\"https:\/\/zooprekes24.lt\/wp-content\/uploads\/vhn-all-territories-packaging-emblematic-all-adult-cat.png 1600w, https:\/\/zooprekes24.lt\/wp-content\/uploads\/vhn-all-territories-packaging-emblematic-all-adult-cat-281x300.png 281w, https:\/\/zooprekes24.lt\/wp-content\/uploads\/vhn-all-territories-packaging-emblematic-all-adult-cat-960x1024.png 960w, https:\/\/zooprekes24.lt\/wp-content\/uploads\/vhn-all-territories-packaging-emblematic-all-adult-cat-600x640.png 600w, https:\/\/zooprekes24.lt\/wp-content\/uploads\/vhn-all-territories-packaging-emblematic-all-adult-cat-563x600.png 563w, https:\/\/zooprekes24.lt\/wp-content\/uploads\/vhn-all-territories-packaging-emblematic-all-adult-cat-1351x1440.png 1351w\" sizes=\"auto, (max-width: 300px) 100vw, 300px\" \/><\/p>","protected":false},"excerpt":{"rendered":"<p>Royal Canin Hepatic tai visavertis veterinarinis \u0117dalas kat\u0117ms skirtas naudoti kaip papildoma kompleksinio gydymo dalis esant ka\u010di\u0173 kepen\u0173 fukcij\u0173 sutrikimams. Unikali \u0117dalo formul\u0117 sukurta palaikyti optimali\u0105 kepen\u0173 funkcijos b\u016bkl\u0119 l\u0117tinio kepen\u0173 nepakankamumo atveju ir suma\u017einti vario kiek\u012f kepenyse. Ribotas auk\u0161tos kokyb\u0117s baltym\u0173 kiekis. Didelis svarbi\u0173 riebi\u0173j\u0173 r\u016bg\u0161\u010di\u0173 ir labai lengvai vir\u0161kinam\u0173 angliavandeni\u0173 kiekis. Royal Canin&#8230;<\/p>","protected":false},"featured_media":18300,"comment_status":"closed","ping_status":"closed","template":"","meta":{"_acf_changed":false,"slim_seo":{"title":"Royal Canin Hepatic sausas maistas kat\u0117ms 2 kg - Zooprekes24","description":"Royal Canin Hepatic tai visavertis veterinarinis \u0117dalas kat\u0117ms skirtas naudoti kaip papildoma kompleksinio gydymo dalis esant ka\u010di\u0173 kepen\u0173 fukcij\u0173 sutrikimams."},"iawp_total_views":273},"product_brand":[],"product_cat":[72,83,25,9242,9016,9037],"product_tag":[2322,1817,1675,1682,1696],"class_list":{"0":"post-21892","1":"product","2":"type-product","3":"status-publish","4":"has-post-thumbnail","6":"product_cat-kaciu-maistas","7":"product_cat-kaciu-prekiu-gamintojai","8":"product_cat-katems","9":"product_cat-royal-canin-veterinary-diets-katems","10":"product_cat-sausas-maistas-kaciu-maistas","11":"product_cat-veterinarine-dieta-kaciu-maistas","12":"product_tag-dietinis-edalas-katems","13":"product_tag-edalas-katems","14":"product_tag-kaciu-edalas","15":"product_tag-kaciu-maistas-super-premium-klases","16":"product_tag-super-premium-maistas-katems","17":"pa_pasaro-sudetis-ryziai","18":"pa_pasaro-sudetis-vistiena","19":"pa_prekiu-zenklai-royal-canin-veterinary-diets","21":"first","22":"instock","23":"featured","24":"taxable","25":"shipping-taxable","26":"purchasable","27":"product-type-simple"},"acf":[],"_links":{"self":[{"href":"https:\/\/zooprekes24.lt\/et\/wp-json\/wp\/v2\/product\/21892","targetHints":{"allow":["GET"]}}],"collection":[{"href":"https:\/\/zooprekes24.lt\/et\/wp-json\/wp\/v2\/product"}],"about":[{"href":"https:\/\/zooprekes24.lt\/et\/wp-json\/wp\/v2\/types\/product"}],"replies":[{"embeddable":true,"href":"https:\/\/zooprekes24.lt\/et\/wp-json\/wp\/v2\/comments?post=21892"}],"wp:featuredmedia":[{"embeddable":true,"href":"https:\/\/zooprekes24.lt\/et\/wp-json\/wp\/v2\/media\/18300"}],"wp:attachment":[{"href":"https:\/\/zooprekes24.lt\/et\/wp-json\/wp\/v2\/media?parent=21892"}],"wp:term":[{"taxonomy":"product_brand","embeddable":true,"href":"https:\/\/zooprekes24.lt\/et\/wp-json\/wp\/v2\/product_brand?post=21892"},{"taxonomy":"product_cat","embeddable":true,"href":"https:\/\/zooprekes24.lt\/et\/wp-json\/wp\/v2\/product_cat?post=21892"},{"taxonomy":"product_tag","embeddable":true,"href":"https:\/\/zooprekes24.lt\/et\/wp-json\/wp\/v2\/product_tag?post=21892"}],"curies":[{"name":"wp","href":"https:\/\/api.w.org\/{rel}","templated":true}]}}