{"id":21891,"date":"2024-04-18T21:17:56","date_gmt":"2024-04-18T18:17:56","guid":{"rendered":"https:\/\/zooprekes24.lt\/produktas\/royal-canin-gastrointestinal-moderate\/"},"modified":"2025-07-28T19:32:33","modified_gmt":"2025-07-28T17:32:33","slug":"royal-canin-gastrointestinal-moderate","status":"publish","type":"product","link":"https:\/\/zooprekes24.lt\/et\/produktas\/royal-canin-gastrointestinal-moderate\/","title":{"rendered":"Royal Canin Gastrointestinal M\u00f5\u00f5dukas kalorsusega kuivtoit kassidele 400 g"},"content":{"rendered":"<h3>Royal Canin Gastrointestinal Moderate Calorie on kohandatud m\u00f5\u00f5duka kalorsusega t\u00e4istoit \u00fclekaalulistele kassidele. Ainulaadne koostis on m\u00f5eldud tundliku k\u00f5huga ja seedeh\u00e4iretega kassidele. See aitab v\u00e4hendada \u00e4gedaid soolestikuh\u00e4ireid, soodustab toitumise taastumist ja paranemist ning aitab s\u00e4ilitada kassi optimaalset kehakaalu.<\/h3>\n<ul>\n<li>Toitained <a href=\"https:\/\/zooprekes24.lt\/et\/toode\/royal-canin-gastrointestinal-cat\/\" target=\"_blank\" rel=\"noopener\">toetab tasakaalustatud seedes\u00fcsteemi<\/a>.<\/li>\n<li>\u00d5ige kogus energiat, et rahuldada kassi vajadusi, koormamata seejuures k\u00f5htu \u00fcle.<\/li>\n<li>Maitsev koostis ja kohandatud energiasisaldus rahuldavad v\u00e4henenud v\u00f5i v\u00e4ga n\u00f5udliku s\u00f6\u00f6giisu.<\/li>\n<li>Dvi pagrindin\u0117s Royal Canin Gastrointestinal Moderate Calorie sud\u0117tyje esan\u010dios Omega-3 riebal\u0173 r\u016bg\u0161\u010di\u0173 r\u016b\u0161ys &#8211; <a href=\"https:\/\/omegamarine.lt\/apie-omega3\/\" target=\"_blank\" rel=\"noopener\">EPA (eikosapentaeenhape) ja DHA (dokosaheksaeenhape).<\/a> leidub looduslikult sellistes rasvastes merekalades nagu l\u00f5he, makrell, heeringas, tuunikala ja sardiinid. Need toidus olevad happed aitavad reguleerida soolestiku reaktsioone, toidavad lemmiklooma karvu ja soodustavad nende taastumist ning osalevad soolestiku limaskesta rakkude ehituses.<\/li>\n<li>Royal Canin Gastrointestinal M\u00f5\u00f5duka kalorsusega <a href=\"https:\/\/www.youtube.com\/watch?v=H0j9gJANw08\" target=\"_blank\" rel=\"noopener\">toit aitab kontrollida kastreeritud v\u00f5i \u00fclekaaluliste kasside kehakaalu.<\/a>, mist\u00f5ttu on seda soovitatav kasutada pankreatiidi korral.<\/li>\n<\/ul>\n<h3><span style=\"font-size: 14px; color: #7a5449;\"><strong>Toit on tarbimisk\u00f5lblik, kui:<\/strong><\/span><\/h3>\n<div id=\"&quot;product_title_strong&quot;\">\n<ul>\n<li>Kehv seedimine ja toitainete imendumine<\/li>\n<li>Bakterite kasvamine peensooles<\/li>\n<li>\u00c4ge ja krooniline k\u00f5hulahtisus<\/li>\n<li>Krooniline soolep\u00f5letik<\/li>\n<li>Eksudatiivne enteropaatia<\/li>\n<li>Pankreatiit<\/li>\n<li>Gastriit<\/li>\n<li>Koliit<\/li>\n<\/ul>\n<h3><span style=\"font-size: 14px; color: #7a5449;\"><strong>Toitu ei tohi kasutada, kui olete haige:<\/strong><\/span><\/h3>\n<div id=\"&quot;product_title_strong&quot;\">\n<ul>\n<li>T\u00e4pseid piiranguid ei ole.<\/li>\n<\/ul>\n<\/div>\n<\/div>\n<p><img loading=\"lazy\" decoding=\"async\" class=\"alignnone wp-image-17963\" src=\"https:\/\/zooprekes24.lt\/wp-content\/uploads\/vhn-all-territories-packaging-emblematic-all-adult-cat.png\" alt=\"\" width=\"300\" height=\"320\" srcset=\"https:\/\/zooprekes24.lt\/wp-content\/uploads\/vhn-all-territories-packaging-emblematic-all-adult-cat.png 1600w, https:\/\/zooprekes24.lt\/wp-content\/uploads\/vhn-all-territories-packaging-emblematic-all-adult-cat-281x300.png 281w, https:\/\/zooprekes24.lt\/wp-content\/uploads\/vhn-all-territories-packaging-emblematic-all-adult-cat-960x1024.png 960w, https:\/\/zooprekes24.lt\/wp-content\/uploads\/vhn-all-territories-packaging-emblematic-all-adult-cat-600x640.png 600w, https:\/\/zooprekes24.lt\/wp-content\/uploads\/vhn-all-territories-packaging-emblematic-all-adult-cat-563x600.png 563w, https:\/\/zooprekes24.lt\/wp-content\/uploads\/vhn-all-territories-packaging-emblematic-all-adult-cat-1351x1440.png 1351w\" sizes=\"auto, (max-width: 300px) 100vw, 300px\" \/><\/p>","protected":false},"excerpt":{"rendered":"<p>Royal Canin Gastrointestinal Moderate Calorie tai visavertis \u0117dalas kat\u0117ms turin\u010dioms antsvorio su pritaikytu vidutiniu kaloriju kiekiu. Unikali maisto formul\u0117 skirta jautr\u0173 skrand\u012f ir vir\u0161kinimo sutrikimus turin\u010dioms kat\u0117ms. Maistas padeda suma\u017einti \u016bmius \u017earnyno sutrikimus, skatinta mitybos atk\u016brim\u0105 ir sveikim\u0105 bei padeda palaikyti optimal\u0173 kat\u0117s k\u016bno svor\u012f. Maistin\u0117s med\u017eiagos palaiko subalansuot\u0105 vir\u0161kinimo sistem\u0105. Tinkamas energijos kiekis atitinka&#8230;<\/p>","protected":false},"featured_media":18296,"comment_status":"closed","ping_status":"closed","template":"","meta":{"_acf_changed":false,"slim_seo":{"title":"Royal Canin Gastrointestinal Moderate Calorie sausas maistas kat\u0117ms 400 g - Zooprekes24","description":"Royal Canin Gastrointestinal Moderate Calorie tai visavertis \u0117dalas kat\u0117ms turin\u010dioms antsvorio su pritaikytu vidutiniu kaloriju kiekiu. Unikali maisto formul\u0117"},"iawp_total_views":571},"product_brand":[],"product_cat":[72,83,25,9242,9016,9037],"product_tag":[1671,2322,1817,3296,1675,1682,3297,1696],"class_list":{"0":"post-21891","1":"product","2":"type-product","3":"status-publish","4":"has-post-thumbnail","6":"product_cat-kaciu-maistas","7":"product_cat-kaciu-prekiu-gamintojai","8":"product_cat-katems","9":"product_cat-royal-canin-veterinary-diets-katems","10":"product_cat-sausas-maistas-kaciu-maistas","11":"product_cat-veterinarine-dieta-kaciu-maistas","12":"product_tag-begrudis-kaciu-maistas","13":"product_tag-dietinis-edalas-katems","14":"product_tag-edalas-katems","15":"product_tag-gastro-intential-maistas-katei","16":"product_tag-kaciu-edalas","17":"product_tag-kaciu-maistas-super-premium-klases","18":"product_tag-maistas-katei-jautriam-skrandziui","19":"product_tag-super-premium-maistas-katems","20":"pa_pasaro-sudetis-ryziai","21":"pa_pasaro-sudetis-vistiena","22":"pa_prekiu-zenklai-royal-canin-veterinary-diets","24":"first","25":"instock","26":"featured","27":"taxable","28":"shipping-taxable","29":"purchasable","30":"product-type-simple"},"acf":[],"_links":{"self":[{"href":"https:\/\/zooprekes24.lt\/et\/wp-json\/wp\/v2\/product\/21891","targetHints":{"allow":["GET"]}}],"collection":[{"href":"https:\/\/zooprekes24.lt\/et\/wp-json\/wp\/v2\/product"}],"about":[{"href":"https:\/\/zooprekes24.lt\/et\/wp-json\/wp\/v2\/types\/product"}],"replies":[{"embeddable":true,"href":"https:\/\/zooprekes24.lt\/et\/wp-json\/wp\/v2\/comments?post=21891"}],"wp:featuredmedia":[{"embeddable":true,"href":"https:\/\/zooprekes24.lt\/et\/wp-json\/wp\/v2\/media\/18296"}],"wp:attachment":[{"href":"https:\/\/zooprekes24.lt\/et\/wp-json\/wp\/v2\/media?parent=21891"}],"wp:term":[{"taxonomy":"product_brand","embeddable":true,"href":"https:\/\/zooprekes24.lt\/et\/wp-json\/wp\/v2\/product_brand?post=21891"},{"taxonomy":"product_cat","embeddable":true,"href":"https:\/\/zooprekes24.lt\/et\/wp-json\/wp\/v2\/product_cat?post=21891"},{"taxonomy":"product_tag","embeddable":true,"href":"https:\/\/zooprekes24.lt\/et\/wp-json\/wp\/v2\/product_tag?post=21891"}],"curies":[{"name":"wp","href":"https:\/\/api.w.org\/{rel}","templated":true}]}}