{"id":21890,"date":"2024-04-18T21:17:56","date_gmt":"2024-04-18T18:17:56","guid":{"rendered":"https:\/\/zooprekes24.lt\/produktas\/kong-handipod-maiseliu-rinkinys-su-priedais\/"},"modified":"2024-08-23T14:47:09","modified_gmt":"2024-08-23T11:47:09","slug":"kong-handipod-koti-komplekt-koos-tarvikutega","status":"publish","type":"product","link":"https:\/\/zooprekes24.lt\/et\/produktas\/kong-handipod-maiseliu-rinkinys-su-priedais\/","title":{"rendered":"KONG HandiPOD vahetatav kotikomplekt koos tarvikutega"},"content":{"rendered":"<h3>KONG HandiPODi omadused <a title=\"https:\/\/zooprekes24.lt\/?s=auksta+kokybe&amp;post_type=product\" href=\"https:\/\/zooprekes24.lt\/et\/?s=auksta+kokybe&amp;post_type=product\" target=\"_blank\" rel=\"noopener\">k\u00f5rge kvaliteet<\/a> ja ulatuslik funktsionaalsus. Komplekt koosneb 3 rullist biolagunevatest k\u00e4epidemetega kottidest ja kahest eraldi osast, mida saab kruvida p\u00f5hitaldrikule ja kasutada vastavalt vajadusele. <a href=\"https:\/\/www.youtube.com\/watch?v=xOasf6g6fvM\" target=\"_blank\" rel=\"noopener\">Saate valida taskulambi ja antibakteriaalse geeli vahel.<\/a>M\u00f5lemat on lihtne kinnitada ja lahti v\u00f5tta p\u00f5hitaldrikust. K\u00e4tepuhastusgeel tapab kuni 99,9% bakterid.<\/h3>\n<ul>\n<li>Ohutu ja h\u00fcgieeniline kasutamine.<\/li>\n<li>Karabiiniga h\u00f5lpsasti kinnitatav p\u00f5hiholster.<\/li>\n<li>Taskulamp, mis on kasulik pimedal ajal jalutusk\u00e4ikudel.<\/li>\n<li>V\u00f5imalus desinfitseerida k\u00e4si p\u00e4rast m\u00e4ngimist v\u00f5i v\u00e4ljaheidete kogumist.<\/li>\n<li>KONG HandiPODi komplektis kasutatakse biolagunevaid k\u00e4epidemetega kotte.<\/li>\n<\/ul>","protected":false},"excerpt":{"rendered":"<p>KONG HandiPOD pasi\u017eymi auk\u0161ta kokybe ir pla\u010diu funkcionalumu. Rinkinio komplekt\u0105 sudaro 3 vnt biologi\u0161kai suyran\u010diu mai\u0161eli\u0173 ritini\u0173 su rankenomis, bei dvi atskiros dalys kurias galima prisukti ant pagrindinio d\u0117klo ir naudoti pagal poreik\u012f. Galite rinktis tarp \u017eibintuv\u0117lio ir antibakterinio gelio, abu lengvai tvirtinasi bei nusiima nuo pagrindinio d\u0117klo. Rank\u0173 valymo gelis naikina iki 99,9% bakterij\u0173&#8230;.<\/p>","protected":false},"featured_media":18291,"comment_status":"closed","ping_status":"closed","template":"","meta":{"_acf_changed":false,"slim_seo":{"title":"KONG HandiPOD kei\u010diamas mai\u0161eli\u0173 rinkinys su priedais - Zooprekes24","description":"KONG HandiPODi iseloomustab k\u00f5rge kvaliteet ja ulatuslik funktsionaalsus. Komplekti kuuluvad 3 biolagunevat kotirulli koos k\u00e4epidemetega ja kaks eraldi"},"iawp_total_views":30},"product_brand":[],"product_cat":[9005,32,9036,8999,31],"product_tag":[1239,1240,4388,4389,4390,1245,1246,4398],"class_list":{"0":"post-21890","1":"product","2":"type-product","3":"status-publish","4":"has-post-thumbnail","6":"product_cat-higienos-ir-valymo-priemones","7":"product_cat-kitos-sunu-prekes","8":"product_cat-kong","9":"product_cat-sunims","10":"product_cat-sunu-prekiu-gamintojai","11":"product_tag-fekaliju-maiseliai","12":"product_tag-ismatu-maiseliai","13":"product_tag-maisai-suns-ekskrementams","14":"product_tag-maisai-suns-fekalijoms","15":"product_tag-maisai-suns-ismatoms-rinkti","16":"product_tag-maiseliai-sunu-ekskrementams","17":"product_tag-maiseliai-sunu-ismatoms","18":"product_tag-maiselis-fekalijoms","19":"pa_prekiu-zenklai-kong","20":"pa_suns-amzius-jauniems","21":"pa_suns-amzius-senjorams","22":"pa_suns-amzius-suaugusiems","23":"pa_suns-amzius-visiems-amziams","24":"pa_veisles-dydis-didelems-veislems","25":"pa_veisles-dydis-mazoms-veislems","26":"pa_veisles-dydis-vidutinems-veislems","27":"pa_veisles-dydis-visu-dydziu-veislems","29":"first","30":"instock","31":"featured","32":"taxable","33":"shipping-taxable","34":"purchasable","35":"product-type-simple"},"acf":[],"_links":{"self":[{"href":"https:\/\/zooprekes24.lt\/et\/wp-json\/wp\/v2\/product\/21890","targetHints":{"allow":["GET"]}}],"collection":[{"href":"https:\/\/zooprekes24.lt\/et\/wp-json\/wp\/v2\/product"}],"about":[{"href":"https:\/\/zooprekes24.lt\/et\/wp-json\/wp\/v2\/types\/product"}],"replies":[{"embeddable":true,"href":"https:\/\/zooprekes24.lt\/et\/wp-json\/wp\/v2\/comments?post=21890"}],"wp:featuredmedia":[{"embeddable":true,"href":"https:\/\/zooprekes24.lt\/et\/wp-json\/wp\/v2\/media\/18291"}],"wp:attachment":[{"href":"https:\/\/zooprekes24.lt\/et\/wp-json\/wp\/v2\/media?parent=21890"}],"wp:term":[{"taxonomy":"product_brand","embeddable":true,"href":"https:\/\/zooprekes24.lt\/et\/wp-json\/wp\/v2\/product_brand?post=21890"},{"taxonomy":"product_cat","embeddable":true,"href":"https:\/\/zooprekes24.lt\/et\/wp-json\/wp\/v2\/product_cat?post=21890"},{"taxonomy":"product_tag","embeddable":true,"href":"https:\/\/zooprekes24.lt\/et\/wp-json\/wp\/v2\/product_tag?post=21890"}],"curies":[{"name":"wp","href":"https:\/\/api.w.org\/{rel}","templated":true}]}}