{"id":21889,"date":"2024-04-18T21:17:46","date_gmt":"2024-04-18T18:17:46","guid":{"rendered":"https:\/\/zooprekes24.lt\/produktas\/naturali-jaucio-penio-lazdele-12cm\/"},"modified":"2025-08-12T11:33:26","modified_gmt":"2025-08-12T09:33:26","slug":"loodusliku-pulli-peenise-varras-12cm","status":"publish","type":"product","link":"https:\/\/zooprekes24.lt\/et\/produktas\/naturali-jaucio-penio-lazdele-12cm\/","title":{"rendered":"Looduslik pulli peenisepulk 12 cm"},"content":{"rendered":"<h3>Looduslik h\u00e4rg peenisepulk on maitsev ja lihtne viis oma lemmiklooma ravimiseks<\/h3>\n<ul>\n<li>Suurep\u00e4rane \u00fche valgu allikas.<\/li>\n<li><a href=\"https:\/\/www.redbarn.com\/are-bully-sticks-good-for-dogs\/\" target=\"_blank\" rel=\"noopener noreferrer\">Klassikaline<\/a> 12 sentimeetri pikkune maitsek\u00fcllane pulk meeldib ka k\u00f5ige n\u00f5udlikumatele gurmaanidele.<\/li>\n<li>T\u00e4ielikult looduslik - ei sisalda kunstlikke lisandeid, s\u00e4ilitusaineid, gluteeni ega laktoosi.<\/li>\n<li>Looduslik pullikepp pikkusega \u00b112 cm sobib ideaalselt v\u00e4ikestele ja keskmise suurusega koertele.<\/li>\n<li>Looduslik <a href=\"https:\/\/zooprekes24.lt\/et\/kategorija\/sunims\/sunu-maistas-ir-skanestai\/koera-degusteerijad\/\" target=\"_blank\" rel=\"noopener noreferrer\">delikatess<\/a> v\u00e4hendab hambakivi tekkimise v\u00f5imalust ja tagab optimaalse suuh\u00fcgieeni.<\/li>\n<li>Palun pange t\u00e4hele, et tegemist on t\u00e4iesti loodusliku tootega, seega v\u00f5ivad suurus, kuju ja v\u00e4rvus erineda pildil kujutatust.<\/li>\n<li>See on kuivatatud spetsiaalse tehnoloogia abil, mis muudab selle l\u00f5hnavabaks ja sobilikuks siseruumides n\u00e4rimiseks ilma ebameeldivaid l\u00f5hnu tekitamata.<\/li>\n<\/ul>","protected":false},"excerpt":{"rendered":"<p>Nat\u016brali jau\u010dio penio lazdel\u0117 skanus ir lengvas b\u016bdas palepinti J\u016bs\u0173 augintin\u012f Puikus vieno baltymo \u0161altinis. Klasikin\u0117 12 centimetr\u0173 gardi lazdel\u0117 patiks net i\u0161rankiausiems skonio gurmanams. Visi\u0161kai nat\u016bralus produktas &#8211; be dirbtini\u0173 pried\u0173, konservant\u0173, glitimo ar laktoz\u0117s. Nat\u016brali jau\u010dio penio lazdel\u0117, kurios ilgis \u00b112 cm idealiai tiks ma\u017e\u0173 ir vidutini\u0173 veisli\u0173 \u0161unims. Nat\u016bralus skan\u0117stas ma\u017eina dant\u0173&#8230;<\/p>","protected":false},"featured_media":20131,"comment_status":"closed","ping_status":"closed","template":"","meta":{"_acf_changed":false,"slim_seo":{"title":"Nat\u016brali jau\u010dio penio lazdel\u0117 12 cm - Zooprekes24","description":"Nat\u016brali jau\u010dio penio lazdel\u0117 skanus ir lengvas b\u016bdas palepinti J\u016bs\u0173 augintin\u012f Puikus vieno baltymo \u0161altinis. Klasikin\u0117 12 centimetr\u0173 gardi lazdel\u0117 patiks net i"},"iawp_total_views":161},"product_brand":[],"product_cat":[9010,8999,30],"product_tag":[1583,1585,1586,1591,1593,792,386],"class_list":{"0":"post-21889","1":"product","2":"type-product","3":"status-publish","4":"has-post-thumbnail","6":"product_cat-naturalus-skanestai","7":"product_cat-sunims","8":"product_cat-sunu-skanestai","9":"product_tag-dziovintas-jaucio-penis","10":"product_tag-galviju-peniai-sunims","11":"product_tag-jaucio-peniai-sunims","12":"product_tag-jautienos-penis","13":"product_tag-jautienos-skanestai-sunims","14":"product_tag-naturalus-skanestai-sunims","15":"product_tag-skanukai-sunims","16":"pa_pasaro-sudetis-jautiena","17":"pa_suns-amzius-jauniems","18":"pa_suns-amzius-senjorams","19":"pa_suns-amzius-suaugusiems","20":"pa_suns-amzius-visiems-amziams","21":"pa_veisles-dydis-mazoms-veislems","22":"pa_veisles-dydis-vidutinems-veislems","24":"first","25":"instock","26":"featured","27":"taxable","28":"shipping-taxable","29":"purchasable","30":"product-type-simple"},"acf":[],"_links":{"self":[{"href":"https:\/\/zooprekes24.lt\/et\/wp-json\/wp\/v2\/product\/21889","targetHints":{"allow":["GET"]}}],"collection":[{"href":"https:\/\/zooprekes24.lt\/et\/wp-json\/wp\/v2\/product"}],"about":[{"href":"https:\/\/zooprekes24.lt\/et\/wp-json\/wp\/v2\/types\/product"}],"replies":[{"embeddable":true,"href":"https:\/\/zooprekes24.lt\/et\/wp-json\/wp\/v2\/comments?post=21889"}],"wp:featuredmedia":[{"embeddable":true,"href":"https:\/\/zooprekes24.lt\/et\/wp-json\/wp\/v2\/media\/20131"}],"wp:attachment":[{"href":"https:\/\/zooprekes24.lt\/et\/wp-json\/wp\/v2\/media?parent=21889"}],"wp:term":[{"taxonomy":"product_brand","embeddable":true,"href":"https:\/\/zooprekes24.lt\/et\/wp-json\/wp\/v2\/product_brand?post=21889"},{"taxonomy":"product_cat","embeddable":true,"href":"https:\/\/zooprekes24.lt\/et\/wp-json\/wp\/v2\/product_cat?post=21889"},{"taxonomy":"product_tag","embeddable":true,"href":"https:\/\/zooprekes24.lt\/et\/wp-json\/wp\/v2\/product_tag?post=21889"}],"curies":[{"name":"wp","href":"https:\/\/api.w.org\/{rel}","templated":true}]}}