{"id":21888,"date":"2024-04-18T21:17:46","date_gmt":"2024-04-18T18:17:46","guid":{"rendered":"https:\/\/zooprekes24.lt\/produktas\/royal-canin-hypoallergenic-moderate-cal\/"},"modified":"2025-07-28T19:32:21","modified_gmt":"2025-07-28T17:32:21","slug":"royal-canin-hypoallergeenne-moodukas-kalorsusega","status":"publish","type":"product","link":"https:\/\/zooprekes24.lt\/et\/produktas\/royal-canin-hypoallergenic-moderate-cal\/","title":{"rendered":"Royal Canin Hypoallergenic M\u00f5\u00f5duka kalorsusega kuivtoit koertele 1,5 kg"},"content":{"rendered":"<h3>Royal Canin Hypoallergenic Moderate Calorie on veterinaarne kuivtoit t\u00e4iskasvanud koertele kaaluga 5-40 kg. Kohandatud m\u00f5\u00f5duka kalorsusega h\u00fcpoallergeenne veterinaars\u00f6\u00f6t \u00fclekaalulistele koertele, kroonilise s\u00fcgeleva nahahaigusega koertele, toiduallergiale v\u00f5i toidutalumatusele kalduvatele koertele. Ainulaadne koostisosa- ja toitainete talumatuse v\u00e4hendamiseks ning optimaalse kehakaalu s\u00e4ilitamiseks m\u00f5eldud koostisosa- ja toitainete talumatuse v\u00e4hendamiseks.<\/h3>\n<ul>\n<li>Royal Canini h\u00fcpoallergeenne m\u00f5\u00f5dukate kalorite koostis koosneb valguisolaadist ja taimse toidukiu h\u00fcdrol\u00fcsaadist. Need koosnevad madala molekulmassiga peptiididest, mis muudavad toidu kergesti seeditavaks ja allergiliste koerte seedes\u00fcsteemile h\u00e4sti talutavaks.<\/li>\n<li>Sisaldab suurenenud <a href=\"https:\/\/zooprekes24.lt\/et\/toode\/canina-biotin-forte-tabletid\/\" target=\"_blank\" rel=\"noopener\">biotiin<\/a>Niatsiini, niatsiini ja pantenooli sisaldus koos tsingi ja linoolhappe kompleksiga tugevdab lemmiklooma naha kaitsebarj\u00e4\u00e4ri funktsioone ja hoiab \u00e4ra naha liigse kuivuse, mis v\u00f5ib p\u00f5hjustada tugevat s\u00fcgelust.<\/li>\n<li>Royal Canin Hypoallergenic Moderate Calorie'i fermenteeritavad kiudained (peedimass, frukto-oligosahhariidid) tasakaalustavad koera soolestiku mikrofloorat ning stimuleerivad ja taastavad seedetrakti n\u00f5uetekohase toimimise.<\/li>\n<li>Omega-3 rasvhapete kaks peamist t\u00fc\u00fcpi on j\u00e4rgmised. <a href=\"https:\/\/omegamarine.lt\/apie-omega3\/\" target=\"_blank\" rel=\"noopener\">EPA (eikosapentaeenhape) ja DHA (dokosaheksaeenhape).<\/a> leidub looduslikult sellistes rasvastes merekalades nagu l\u00f5he, makrell, heeringas, tuunikala ja sardiinid. Need toiduainetes sisalduvad happed aitavad reguleerida naha reaktsioone allergiatele ja osalevad ka soolestiku limaskesta rakkude ehituses.<\/li>\n<li><a href=\"https:\/\/www.youtube.com\/watch?v=e_BUgKozqZw\" target=\"_blank\" rel=\"noopener\">Royal Canin Hypoallergenic m\u00f5\u00f5dukalt kaloriline<\/a> Ainulaadne toiduvalmistis, mis on valmistatud hoolikalt tasakaalustatud retsepti j\u00e4rgi ja sisaldab v\u00e4\u00e4rtuslikke mikroelemente ja vitamiine. Toidu keskmine kalorsus tagab teie lemmikloomale optimaalse energia, s\u00e4ilitab lihasmassi ja aitab v\u00f5idelda \u00fclekaalulisuse vastu.<\/li>\n<li>Toit takistab oksalaat- ja struviitkristallide teket, luues nende moodustumiseks ebasoodsa taimestiku, mis on eriti oluline vananevatele v\u00f5i kastreeritud koertele, kes on kalduvus urogenitaals\u00fcsteemi haigustele.<\/li>\n<\/ul>\n<h3><span style=\"color: #408ca3; font-size: 14px;\"><strong>Toit on tarbimisk\u00f5lblik, kui:<\/strong><\/span><\/h3>\n<ul>\n<li>Seedetrakti iseloomuga allergiad koos naha ja\/v\u00f5i seedetrakti h\u00e4iretega.<\/li>\n<li>Atoopiline dermatiit koos kroonilise s\u00fcgelusega (kerged juhud)<\/li>\n<li>Bakterite kasvamine peensooles (SIBO)<\/li>\n<li>Eksokriinset pankrease puudulikkust (EPI)<\/li>\n<li>Toitainete talumatus<\/li>\n<li>Krooniline p\u00f5letikuline soolehaigus (IBD)<\/li>\n<li>Pankrease ens\u00fc\u00fcmi puudulikkus<\/li>\n<li>Krooniline k\u00f5hulahtisus<\/li>\n<li>H\u00e4ired soolestiku mikroflooras<\/li>\n<\/ul>\n<h3><span style=\"font-size: 14px; color: #408ca3;\"><strong>Toitu ei tohi kasutada, kui olete haige:<\/strong><\/span><\/h3>\n<ul>\n<li>Pankreatiit (sealhulgas varem edastatud)<\/li>\n<li>Aktiivse kasvu, raseduse ja imetamise ajal<\/li>\n<\/ul>\n<p><img loading=\"lazy\" decoding=\"async\" class=\"alignnone wp-image-18860\" src=\"https:\/\/zooprekes24.lt\/wp-content\/uploads\/hypoallergic-logo.png\" alt=\"Royal Canin Adult Medium koerte kuivtoit koertele\" width=\"300\" height=\"312\" srcset=\"https:\/\/zooprekes24.lt\/wp-content\/uploads\/hypoallergic-logo.png 1600w, https:\/\/zooprekes24.lt\/wp-content\/uploads\/hypoallergic-logo-288x300.png 288w, https:\/\/zooprekes24.lt\/wp-content\/uploads\/hypoallergic-logo-984x1024.png 984w, https:\/\/zooprekes24.lt\/wp-content\/uploads\/hypoallergic-logo-600x624.png 600w, https:\/\/zooprekes24.lt\/wp-content\/uploads\/hypoallergic-logo-577x600.png 577w, https:\/\/zooprekes24.lt\/wp-content\/uploads\/hypoallergic-logo-1384x1440.png 1384w\" sizes=\"auto, (max-width: 300px) 100vw, 300px\" \/><\/p>","protected":false},"excerpt":{"rendered":"<p>Royal Canin Hypoallergenic Moderate Calorie &#8211; veterinarinis veisli\u0173 sverian\u010di\u0173 nuo 5-40 kg suaugusi\u0173 \u0161un\u0173 sausas maistas. Hipoalergin\u0117 veterinarin\u0117 dieta su pritaikytu vidutiniu kaloriju kiekiu skirta \u0161unims turintiems antsvorio,\u00a0 sergantiems l\u0117tin\u0117mis nie\u017etin\u010diomis dermatoz\u0117mis, linkusiems \u012f maisto alergijas ar netoleruojantiems maisto produkt\u0173. Unikali maisto formul\u0117 skirta ingredient\u0173 ir maistini\u0173 med\u017eiag\u0173 netoleravimo ma\u017einimui bei optimalaus k\u016bno svorio palaikymui&#8230;.<\/p>","protected":false},"featured_media":18287,"comment_status":"closed","ping_status":"closed","template":"","meta":{"_acf_changed":false,"slim_seo":{"title":"Royal Canin Hypoallergenic Moderate Calorie sausas maistas \u0161unims 1.5 kg - Zooprekes24","description":"Royal Canin Hypoallergenic Moderate Calorie on veterinaarne kuivtoit t\u00e4iskasvanud koertele kaaluga 5-40 kg. Hypoallergeenne veterinaars\u00f6\u00f6t pri"},"iawp_total_views":203},"product_brand":[],"product_cat":[9241,9002,8999,29,31,9035],"product_tag":[177,4285,4286,4288,4300,200],"class_list":{"0":"post-21888","1":"product","2":"type-product","3":"status-publish","4":"has-post-thumbnail","6":"product_cat-royal-canin-veterinary-diets-sunims","7":"product_cat-sausas-maistas","8":"product_cat-sunims","9":"product_cat-sunu-maistas","10":"product_cat-sunu-prekiu-gamintojai","11":"product_cat-veterinarine-dieta","12":"product_tag-edalas-sunims","13":"product_tag-royal-canin-alergiskam-suniui","14":"product_tag-royal-canin-alergiskiems-sunims","15":"product_tag-royal-canin-hypoalergic-sausas-maistas-sunims","16":"product_tag-suns-letinis-viduriavimas","17":"product_tag-super-premium-maistas-sunims","18":"pa_pasaro-sudetis-ryziai","19":"pa_prekiu-zenklai-royal-canin-veterinary-diets","20":"pa_suns-amzius-senjorams","21":"pa_suns-amzius-suaugusiems","22":"pa_veisles-dydis-didelems-veislems","23":"pa_veisles-dydis-mazoms-veislems","24":"pa_veisles-dydis-vidutinems-veislems","25":"pa_veisles-dydis-visu-dydziu-veislems","27":"first","28":"instock","29":"taxable","30":"shipping-taxable","31":"purchasable","32":"product-type-simple"},"acf":[],"_links":{"self":[{"href":"https:\/\/zooprekes24.lt\/et\/wp-json\/wp\/v2\/product\/21888","targetHints":{"allow":["GET"]}}],"collection":[{"href":"https:\/\/zooprekes24.lt\/et\/wp-json\/wp\/v2\/product"}],"about":[{"href":"https:\/\/zooprekes24.lt\/et\/wp-json\/wp\/v2\/types\/product"}],"replies":[{"embeddable":true,"href":"https:\/\/zooprekes24.lt\/et\/wp-json\/wp\/v2\/comments?post=21888"}],"wp:featuredmedia":[{"embeddable":true,"href":"https:\/\/zooprekes24.lt\/et\/wp-json\/wp\/v2\/media\/18287"}],"wp:attachment":[{"href":"https:\/\/zooprekes24.lt\/et\/wp-json\/wp\/v2\/media?parent=21888"}],"wp:term":[{"taxonomy":"product_brand","embeddable":true,"href":"https:\/\/zooprekes24.lt\/et\/wp-json\/wp\/v2\/product_brand?post=21888"},{"taxonomy":"product_cat","embeddable":true,"href":"https:\/\/zooprekes24.lt\/et\/wp-json\/wp\/v2\/product_cat?post=21888"},{"taxonomy":"product_tag","embeddable":true,"href":"https:\/\/zooprekes24.lt\/et\/wp-json\/wp\/v2\/product_tag?post=21888"}],"curies":[{"name":"wp","href":"https:\/\/api.w.org\/{rel}","templated":true}]}}