{"id":21885,"date":"2024-04-18T21:17:46","date_gmt":"2024-04-18T18:17:46","guid":{"rendered":"https:\/\/zooprekes24.lt\/produktas\/royal-canin-sporting-life-agility-15kg\/"},"modified":"2025-07-14T17:15:23","modified_gmt":"2025-07-14T15:15:23","slug":"royal-canin-sporting-life-agility-15kg","status":"publish","type":"product","link":"https:\/\/zooprekes24.lt\/et\/produktas\/royal-canin-sporting-life-agility-15kg\/","title":{"rendered":"Royal Canin Sporting Life Agility kuivtoit koertele 15 kg"},"content":{"rendered":"<h3>Royal Canin Sporting Life Agility &#8211;\u00a0<a href=\"https:\/\/www.royalcanin.com\/lt\/tailored-nutrition\" target=\"_blank\" rel=\"noopener\">specialiai subalansuotas<\/a> didelio dyd\u017eio veisli\u0173 (nuo 11 kg) \u0161un\u0173 sausas maistas nuo 1 met\u0173 am\u017eiaus. Unikali maisto formul\u0117 skirta \u0161unims u\u017esiimantiems sportine veikla. Padidintos energetin\u0117s vert\u0117s maistas i\u0161laiko sveikus dideli\u0173 \u0161un\u0173 s\u0105narius, u\u017etikrina puiki\u0105 vir\u0161kinimo veikl\u0105 bei palaiko augintinio gyvybingum\u0105 apr\u016bpindamas auk\u0161tu energijos kiekiu.<\/h3>\n<ul>\n<li>Sud\u0117tyje yra didelis angliavandeni\u0173 kiekis (40%), kuris labai greitai \u012fsisavinamas, tad sportini\u0173 rung\u010di\u0173 ir parod\u0173 metu \u0161uns organizmas b\u016bna apr\u016bpintas maksimaliu energijos kiekiu.<\/li>\n<li><a href=\"https:\/\/zooprekes24.lt\/kategorija\/prekes-sunims\/sunu-maistas\/sausas-maistas-sunims\/?filters=paskirtis[651]\" target=\"_blank\" rel=\"noopener\">Spotuojantiems \u0161unims<\/a> yra svarbu b\u016bti sveikiems ir pasiekti kuo geresni\u0173 sportini\u0173 rezultat\u0173. Maiste yra i\u0161skirtinis maistini\u0173 med\u017eiag\u0173 derinys, kuris stiprina s\u0105narius, vir\u0161kinimo sistem\u0105 (itin lengvai vir\u0161kinami L.I.P baltymai, specialios skaidulos). Specialus kompleksas (vitaminai C ir E, liuteinas bei taurinas) padeda neutralizuoti laisvuosius radikalus.<\/li>\n<li>D\u0117l sud\u0117tyje esan\u010di\u0173 tinkam\u0173 baltym\u0173 ir riebal\u0173 r\u016bg\u0161\u010di\u0173 kiekio, <a href=\"https:\/\/www.youtube.com\/watch?v=zUtWMpV4q4c\" target=\"_blank\" rel=\"noopener\">unikali maisto formul\u0117<\/a> padeda palaikyti idealu sportuojan\u010dio \u0161uns k\u016bno svor\u012f.<\/li>\n<li>Royal Canin Sporting Life Agility maiste esantys mineralai palaiko optimali\u0105 labai aktyvi\u0173 \u0161un\u0173 s\u0105nari\u0173 b\u016bkl\u0119, patirian\u010di\u0173 dideles apkrovas.<\/li>\n<\/ul>\n<p><img loading=\"lazy\" decoding=\"async\" class=\"alignnone wp-image-18278 \" src=\"https:\/\/zooprekes24.lt\/wp-content\/uploads\/sporting-life.png\" alt=\"\" width=\"300\" height=\"283\" srcset=\"https:\/\/zooprekes24.lt\/wp-content\/uploads\/sporting-life.png 916w, https:\/\/zooprekes24.lt\/wp-content\/uploads\/sporting-life-300x283.png 300w, https:\/\/zooprekes24.lt\/wp-content\/uploads\/sporting-life-600x567.png 600w\" sizes=\"auto, (max-width: 300px) 100vw, 300px\" \/><\/p>\n","protected":false},"excerpt":{"rendered":"<p>Royal Canin Sporting Life Agility &#8211;\u00a0specialiai subalansuotas didelio dyd\u017eio veisli\u0173 (nuo 11 kg) \u0161un\u0173 sausas maistas nuo 1 met\u0173 am\u017eiaus. Unikali maisto formul\u0117 skirta \u0161unims u\u017esiimantiems sportine veikla. Padidintos energetin\u0117s vert\u0117s maistas i\u0161laiko sveikus dideli\u0173 \u0161un\u0173 s\u0105narius, u\u017etikrina puiki\u0105 vir\u0161kinimo veikl\u0105 bei palaiko augintinio gyvybingum\u0105 apr\u016bpindamas auk\u0161tu energijos kiekiu. Sud\u0117tyje yra didelis angliavandeni\u0173 kiekis (40%),&#8230;<\/p>","protected":false},"featured_media":18279,"comment_status":"closed","ping_status":"closed","template":"","meta":{"_acf_changed":false,"slim_seo":{"title":"Royal Canin Sporting Life Agility sausas maistas \u0161unims 15 kg - Zooprekes24","description":"Royal Canin Sporting Life Agility on spetsiaalselt tasakaalustatud kuivtoit suurtele t\u00f5ugudele (alates 11 kg) alates 1 aasta vanusest. Ainulaadne toidu koostis"},"iawp_total_views":30},"product_brand":[],"product_cat":[9012,9002,8999,29,31],"product_tag":[176,177,762,770,200],"class_list":{"0":"post-21885","1":"product","2":"type-product","3":"status-publish","4":"has-post-thumbnail","6":"product_cat-royal-canin","7":"product_cat-sausas-maistas","8":"product_cat-sunims","9":"product_cat-sunu-maistas","10":"product_cat-sunu-prekiu-gamintojai","11":"product_tag-begrudis-sunu-maistas","12":"product_tag-edalas-sunims","13":"product_tag-royal-canin-aviganiui","14":"product_tag-royal-canin-vokieciu-aviganiui","15":"product_tag-super-premium-maistas-sunims","16":"pa_pasaro-sudetis-ryziai","17":"pa_pasaro-sudetis-vistiena","18":"pa_prekiu-zenklai-royal-canin","19":"pa_suns-amzius-suaugusiems","20":"pa_veisles-dydis-didelems-veislems","21":"pa_veisles-dydis-vidutinems-veislems","23":"first","24":"instock","25":"taxable","26":"shipping-taxable","27":"purchasable","28":"product-type-simple"},"acf":[],"_links":{"self":[{"href":"https:\/\/zooprekes24.lt\/et\/wp-json\/wp\/v2\/product\/21885","targetHints":{"allow":["GET"]}}],"collection":[{"href":"https:\/\/zooprekes24.lt\/et\/wp-json\/wp\/v2\/product"}],"about":[{"href":"https:\/\/zooprekes24.lt\/et\/wp-json\/wp\/v2\/types\/product"}],"replies":[{"embeddable":true,"href":"https:\/\/zooprekes24.lt\/et\/wp-json\/wp\/v2\/comments?post=21885"}],"wp:featuredmedia":[{"embeddable":true,"href":"https:\/\/zooprekes24.lt\/et\/wp-json\/wp\/v2\/media\/18279"}],"wp:attachment":[{"href":"https:\/\/zooprekes24.lt\/et\/wp-json\/wp\/v2\/media?parent=21885"}],"wp:term":[{"taxonomy":"product_brand","embeddable":true,"href":"https:\/\/zooprekes24.lt\/et\/wp-json\/wp\/v2\/product_brand?post=21885"},{"taxonomy":"product_cat","embeddable":true,"href":"https:\/\/zooprekes24.lt\/et\/wp-json\/wp\/v2\/product_cat?post=21885"},{"taxonomy":"product_tag","embeddable":true,"href":"https:\/\/zooprekes24.lt\/et\/wp-json\/wp\/v2\/product_tag?post=21885"}],"curies":[{"name":"wp","href":"https:\/\/api.w.org\/{rel}","templated":true}]}}