{"id":21881,"date":"2024-04-18T21:17:46","date_gmt":"2024-04-18T18:17:46","guid":{"rendered":"https:\/\/zooprekes24.lt\/produktas\/brit-premium-turkey-peas-desra-sunims\/"},"modified":"2024-07-11T14:12:09","modified_gmt":"2024-07-11T11:12:09","slug":"brit-premium-kalkuniherned-desra-sunims","status":"publish","type":"product","link":"https:\/\/zooprekes24.lt\/et\/produktas\/brit-premium-turkey-peas-desra-sunims\/","title":{"rendered":"Brit Premium Turkey &amp; Peas vorst koertele 800 g"},"content":{"rendered":"<h3>Brit Premium Turkey &amp; Peas vorst koertele kalkuni ja hernestega on ainulaadne liha ja pasteedi kombinatsioon, mis j\u00e4tab ka k\u00f5ige n\u00f5udlikumad s\u00f6\u00f6jad rahule. Kvaliteetsete loomsete toodete suur sisaldus koostises tagab teie lemmikloomale t\u00e4iusliku maitse ja hea seedimise.<\/h3>\n<ul>\n<li><a href=\"https:\/\/brit-petfood.com\/lt\/kodel-grain-free\" target=\"_blank\" rel=\"noopener\">Teraviljavaba - soolavaba - GMO-vaba.<\/a><\/li>\n<li>Sisaldab koguni 95% maitsvat liha.<\/li>\n<li>Mitmesugused maitsed igap\u00e4evase t\u00e4isv\u00e4\u00e4rtusliku toitumise jaoks.<\/li>\n<li>Spetsiaalne koostis n\u00f5udlikele koertele.<\/li>\n<\/ul>","protected":false},"excerpt":{"rendered":"<p>Brit Premium Turkey &amp; Peas de\u0161ra \u0161unims su kalakutiena ir \u017eirneliais yra unikalus m\u0117sos ir pa\u0161teto derinys nepaliekantis abejing\u0173 net i\u0161rankiausi\u0173 valgytoj\u0173. Didelis auk\u0161tos kokyb\u0117s gyv\u016bnin\u0117s kilm\u0117s produkt\u0173 kiekis esantis sud\u0117tyje u\u017etikrina tobul\u0105 skon\u012f bei ger\u0105 augintinio vir\u0161kinim\u0105. Be gr\u016bd\u0173 &#8211; be druskos &#8211; be GMO. Sud\u0117tyje net 95% gard\u017eios m\u0117sos. Skoni\u0173 \u012fvairov\u0117 visavertei kasdieninei&#8230;<\/p>","protected":false},"featured_media":18246,"comment_status":"closed","ping_status":"closed","template":"","meta":{"_acf_changed":false,"slim_seo":{"title":"Brit Premium Turkey & Peas de\u0161ra \u0161unims 800 g - Zooprekes24","description":"Brit Premium Turkey &amp; Peas vorst koertele kalkuni ja hernestega on ainulaadne liha ja pasteedi kombinatsioon, mis j\u00e4tab ka k\u00f5ige n\u00f5udlikumad s\u00f6\u00f6jad rahule."},"iawp_total_views":51},"product_brand":[],"product_cat":[9006,9004,8999,29,31],"product_tag":[730,418],"class_list":{"0":"post-21881","1":"product","2":"type-product","3":"status-publish","4":"has-post-thumbnail","6":"product_cat-brit-premium","7":"product_cat-slapias-maistas","8":"product_cat-sunims","9":"product_cat-sunu-maistas","10":"product_cat-sunu-prekiu-gamintojai","11":"product_tag-brit-premium-slapias-maistas","12":"product_tag-konservuotas-maistas-sunims","13":"pa_pasaro-sudetis-darzoves","14":"pa_pasaro-sudetis-kalakutiena","15":"pa_prekiu-zenklai-brit-premium","16":"pa_suns-amzius-suaugusiems","17":"pa_veisles-dydis-didelems-veislems","18":"pa_veisles-dydis-mazoms-veislems","19":"pa_veisles-dydis-vidutinems-veislems","20":"pa_veisles-dydis-visu-dydziu-veislems","22":"first","23":"instock","24":"featured","25":"taxable","26":"shipping-taxable","27":"purchasable","28":"product-type-simple"},"acf":[],"_links":{"self":[{"href":"https:\/\/zooprekes24.lt\/et\/wp-json\/wp\/v2\/product\/21881","targetHints":{"allow":["GET"]}}],"collection":[{"href":"https:\/\/zooprekes24.lt\/et\/wp-json\/wp\/v2\/product"}],"about":[{"href":"https:\/\/zooprekes24.lt\/et\/wp-json\/wp\/v2\/types\/product"}],"replies":[{"embeddable":true,"href":"https:\/\/zooprekes24.lt\/et\/wp-json\/wp\/v2\/comments?post=21881"}],"wp:featuredmedia":[{"embeddable":true,"href":"https:\/\/zooprekes24.lt\/et\/wp-json\/wp\/v2\/media\/18246"}],"wp:attachment":[{"href":"https:\/\/zooprekes24.lt\/et\/wp-json\/wp\/v2\/media?parent=21881"}],"wp:term":[{"taxonomy":"product_brand","embeddable":true,"href":"https:\/\/zooprekes24.lt\/et\/wp-json\/wp\/v2\/product_brand?post=21881"},{"taxonomy":"product_cat","embeddable":true,"href":"https:\/\/zooprekes24.lt\/et\/wp-json\/wp\/v2\/product_cat?post=21881"},{"taxonomy":"product_tag","embeddable":true,"href":"https:\/\/zooprekes24.lt\/et\/wp-json\/wp\/v2\/product_tag?post=21881"}],"curies":[{"name":"wp","href":"https:\/\/api.w.org\/{rel}","templated":true}]}}