{"id":21879,"date":"2024-04-18T21:17:46","date_gmt":"2024-04-18T18:17:46","guid":{"rendered":"https:\/\/zooprekes24.lt\/produktas\/brit-premium-by-nature-senior-l-xl\/"},"modified":"2026-04-03T16:15:35","modified_gmt":"2026-04-03T14:15:35","slug":"brit-premium-by-nature-senior-l-xl","status":"publish","type":"product","link":"https:\/\/zooprekes24.lt\/et\/produktas\/brit-premium-by-nature-senior-l-xl\/","title":{"rendered":"Brit Premium by Nature Senior L\/XL kuivtoit koertele 15kg"},"content":{"rendered":"<h3>Brit Premium by Nature Senior L\/XL, mis on spetsiaalselt koostatud suurte ja v\u00e4ga suurte t\u00f5ugude (25-90 kg) vanemate koerte (7-aastased ja vanemad) jaoks, omab j\u00e4rgmisi koerte tervist ja seisundit m\u00f5jutavaid omadusi:<\/h3>\n<ul>\n<li>Vananemisvastane tegur. Selles koeratoidus sisalduv E-vitamiin ja orgaaniline seleen aeglustavad vananemist ja kaitsevad rakke vabade radikaalide eest.<\/li>\n<li>Suurep\u00e4rane seedimine. See koeratoit sisaldab kergesti seeditavaid valke ja rasvu.<\/li>\n<li>Terve luustik. Optimaalne kaltsiumi ja fosfori suhe tagab terved luud ja terve skeleti.<\/li>\n<li>Terve s\u00fcda. Omega-3-rasvad ja looduslikud antioks\u00fcdandid tugevdavad s\u00fcdant.<\/li>\n<\/ul>\n<h3>5 taime- ja puuviljaekstrakti (rosmariin, viinamarjade pressimisj\u00e4\u00e4k, kurkum, tsitrusviljad ja nelk), mis sisalduvad j\u00e4rgmistes ainetes <a href=\"https:\/\/brit-petfood.com\/en\/products\/264819-brit-premium-by-nature-senior-l-xl\" target=\"_blank\" rel=\"noopener\">Brit Premium by Nature Senior L\/XL<\/a> koeratoidus, m\u00f5ju koera tervisele ja v\u00e4limusele:<\/h3>\n<ul>\n<li>Parandab toidu maitset ja atraktiivsust.<\/li>\n<li>Suurep\u00e4rane antioks\u00fcdantide ja ens\u00fc\u00fcmide allikas, mis kaitseb rakke kahjustuste eest.<\/li>\n<li>Aitab parandada E-vitamiini imendumist ja kaitseb organismi vabade radikaalide eest.<\/li>\n<li>Aitab parandada rasvhapete imendumist toidust, nii et\u00a0<a href=\"https:\/\/zooprekes24.lt\/et\/toode\/brit-care-lassi-oli\/\" target=\"_blank\" rel=\"noopener\">parandab naha, karvkatte ja liigeste tervist<\/a>. Suurendab vananemisvastast toimet.<\/li>\n<\/ul>","protected":false},"excerpt":{"rendered":"<p>\u0160un\u0173 maistas Brit Premium by Nature Senior L\/XL,\u00a0sukurtas specialiai dideli\u0173 ir labai dideli\u0173 veisli\u0173 (25-90 kg) vyresnio am\u017eiaus (nuo 7 met\u0173 ) \u0161unims,\u00a0pasi\u017eymi tokiomis savyb\u0117mis, turin\u010diomis \u012ftakos \u0161un\u0173 sveikatai ir b\u016bklei: Anti-sen\u0117jimo veiksnys.\u00a0Vitaminas E ir organinis selenas, esantys \u0161io maisto \u0161unims sud\u0117tyje, l\u0117tina sen\u0117jim\u0105, saugo l\u0105steles nuo laisv\u0173j\u0173 radikal\u0173. Puikus vir\u0161kinimas.\u00a0\u0160io maisto \u0161unims sud\u0117tyje yra&#8230;<\/p>","protected":false},"featured_media":18241,"comment_status":"closed","ping_status":"closed","template":"","meta":{"_acf_changed":false,"slim_seo":{"title":"Brit Premium by Nature Senior L\/XL sausas maistas \u0161unims 15kg - Zooprekes24","description":"Brit Premium by Nature Senior L\/XL, mis on spetsiaalselt koostatud suurte ja eriti suurte t\u00f5ugude (25-90 kg) vanemate koerte (7-aastased ja vanemad) jaoks, on"},"iawp_total_views":42},"product_brand":[],"product_cat":[9006,9002,8999,29,31],"product_tag":[353,177,200],"class_list":{"0":"post-21879","1":"product","2":"type-product","3":"status-publish","4":"has-post-thumbnail","6":"product_cat-brit-premium","7":"product_cat-sausas-maistas","8":"product_cat-sunims","9":"product_cat-sunu-maistas","10":"product_cat-sunu-prekiu-gamintojai","11":"product_tag-brit-sunu-edalas","12":"product_tag-edalas-sunims","13":"product_tag-super-premium-maistas-sunims","14":"pa_pasaro-sudetis-uogos","15":"pa_pasaro-sudetis-vaisiai","16":"pa_pasaro-sudetis-vistiena","17":"pa_prekiu-zenklai-brit-premium","18":"pa_suns-amzius-senjorams","19":"pa_veisles-dydis-didelems-veislems","21":"first","22":"instock","23":"featured","24":"taxable","25":"shipping-taxable","26":"purchasable","27":"product-type-simple"},"acf":[],"_links":{"self":[{"href":"https:\/\/zooprekes24.lt\/et\/wp-json\/wp\/v2\/product\/21879","targetHints":{"allow":["GET"]}}],"collection":[{"href":"https:\/\/zooprekes24.lt\/et\/wp-json\/wp\/v2\/product"}],"about":[{"href":"https:\/\/zooprekes24.lt\/et\/wp-json\/wp\/v2\/types\/product"}],"replies":[{"embeddable":true,"href":"https:\/\/zooprekes24.lt\/et\/wp-json\/wp\/v2\/comments?post=21879"}],"wp:featuredmedia":[{"embeddable":true,"href":"https:\/\/zooprekes24.lt\/et\/wp-json\/wp\/v2\/media\/18241"}],"wp:attachment":[{"href":"https:\/\/zooprekes24.lt\/et\/wp-json\/wp\/v2\/media?parent=21879"}],"wp:term":[{"taxonomy":"product_brand","embeddable":true,"href":"https:\/\/zooprekes24.lt\/et\/wp-json\/wp\/v2\/product_brand?post=21879"},{"taxonomy":"product_cat","embeddable":true,"href":"https:\/\/zooprekes24.lt\/et\/wp-json\/wp\/v2\/product_cat?post=21879"},{"taxonomy":"product_tag","embeddable":true,"href":"https:\/\/zooprekes24.lt\/et\/wp-json\/wp\/v2\/product_tag?post=21879"}],"curies":[{"name":"wp","href":"https:\/\/api.w.org\/{rel}","templated":true}]}}