{"id":21878,"date":"2024-04-18T21:17:46","date_gmt":"2024-04-18T18:17:46","guid":{"rendered":"https:\/\/zooprekes24.lt\/produktas\/brit-premium-by-nature-junior-xl\/"},"modified":"2024-07-08T13:33:18","modified_gmt":"2024-07-08T10:33:18","slug":"brit-premium-by-nature-junior-xl","status":"publish","type":"product","link":"https:\/\/zooprekes24.lt\/et\/produktas\/brit-premium-by-nature-junior-xl\/","title":{"rendered":"Brit Premium by Nature Junior XL kuivtoit koertele 15kg"},"content":{"rendered":"<h3>Brit Premium by Nature Junior XL koeratoit, mis on spetsiaalselt koostatud eriti suurte t\u00f5ugude (45-90 kg) kutsikatele ja noortele koertele (2-24 kuud), omab j\u00e4rgmisi koerte tervist ja seisundit m\u00f5jutavaid omadusi:<\/h3>\n<ul>\n<li>Tasakaalustatud kasv t\u00e4nu k\u00f5rgele loomsete rasvade sisaldusele.<\/li>\n<li>Terved liigesed. Brit Premium by Nature Junior L koeratoit sisaldab gl\u00fckoosamiini ja kondroitiini tervete liigeste jaoks.<\/li>\n<li>Terve luustik. Optimaalne kaltsiumi ja fosfori suhe tagab terved luud ja terve skeleti.<\/li>\n<li>Tugev immuunsus. Prebiootikumid (mannan ja fruktooligosahhariidid) ja looduslikud antioks\u00fcdandid tugevdavad koerte immuunsust.<\/li>\n<\/ul>\n<h3>Taime- ja puuviljaekstraktid (rosmariin, kurkum, tsitrusviljad ja nelk), mis sisalduvad <a href=\"https:\/\/brit-petfood.com\/en\/products\/264893-brit-premium-by-nature-junior-xl\" target=\"_blank\" rel=\"noopener\">Brit Premium by Nature Junior XL<\/a> koeratoidus, m\u00f5ju koera tervisele ja v\u00e4limusele:<\/h3>\n<ul>\n<li>Parandab toidu maitset ja atraktiivsust.<\/li>\n<li>Suurep\u00e4rane antioks\u00fcdantide ja ens\u00fc\u00fcmide allikas, mis kaitseb rakke kahjustuste eest.<\/li>\n<li>Aitab parandada E-vitamiini imendumist ja kaitseb organismi vabade radikaalide eest.<\/li>\n<li>Aitab parandada rasvhapete imendumist toidust, nii et\u00a0<a href=\"https:\/\/zooprekes24.lt\/et\/toode\/brit-care-lassi-oli\/\" target=\"_blank\" rel=\"noopener\">parandab naha, karvkatte ja liigeste tervist<\/a>. Suurendab vananemisvastast toimet.<\/li>\n<\/ul>","protected":false},"excerpt":{"rendered":"<p>\u0160un\u0173 maistas\u00a0Brit Premium by Nature Junior XL, sukurtas specialiai ypa\u010d dideli\u0173 veisli\u0173 (45-90 kg) \u0161uniukams ir jauniems \u0161unims (2-24 m\u0117nesi\u0173),\u00a0pasi\u017eymi tokiomis savyb\u0117mis, turin\u010diomis \u012ftakos \u0161un\u0173 sveikatai ir b\u016bklei: Subalansuotas augimas\u00a0d\u0117l didelio kiekio gyv\u016blin\u0117s kilm\u0117s riebal\u0173. Sveiki s\u0105nariai. \u0160un\u0173 maisto Brit Premium by Nature Junior L sud\u0117tyje yra gliukozamino ir chondroitino sveikiems s\u0105nariams. Sveikas skeletas. Optimalus&#8230;<\/p>","protected":false},"featured_media":18240,"comment_status":"closed","ping_status":"closed","template":"","meta":{"_acf_changed":false,"slim_seo":{"title":"Brit Premium by Nature Junior XL sausas maistas \u0161unims 15kg - Zooprekes24","description":"Brit Premium by Nature Junior XL, mis on spetsiaalselt m\u00f5eldud eriti suurte t\u00f5ugude (45-90 kg) kutsikatele ja noortele koertele (2-24 kuud), omab j\u00e4rgmisi omadusi."},"iawp_total_views":35},"product_brand":[],"product_cat":[9006,9002,8999,29,31],"product_tag":[353,177,260,200],"class_list":{"0":"post-21878","1":"product","2":"type-product","3":"status-publish","4":"has-post-thumbnail","6":"product_cat-brit-premium","7":"product_cat-sausas-maistas","8":"product_cat-sunims","9":"product_cat-sunu-maistas","10":"product_cat-sunu-prekiu-gamintojai","11":"product_tag-brit-sunu-edalas","12":"product_tag-edalas-sunims","13":"product_tag-maistas-alergiskiems-sunims","14":"product_tag-super-premium-maistas-sunims","15":"pa_pasaro-sudetis-uogos","16":"pa_pasaro-sudetis-vaisiai","17":"pa_pasaro-sudetis-vistiena","18":"pa_prekiu-zenklai-brit-premium","19":"pa_suns-amzius-jauniems","20":"pa_veisles-dydis-didelems-veislems","22":"first","23":"instock","24":"featured","25":"taxable","26":"shipping-taxable","27":"purchasable","28":"product-type-simple"},"acf":[],"_links":{"self":[{"href":"https:\/\/zooprekes24.lt\/et\/wp-json\/wp\/v2\/product\/21878","targetHints":{"allow":["GET"]}}],"collection":[{"href":"https:\/\/zooprekes24.lt\/et\/wp-json\/wp\/v2\/product"}],"about":[{"href":"https:\/\/zooprekes24.lt\/et\/wp-json\/wp\/v2\/types\/product"}],"replies":[{"embeddable":true,"href":"https:\/\/zooprekes24.lt\/et\/wp-json\/wp\/v2\/comments?post=21878"}],"wp:featuredmedia":[{"embeddable":true,"href":"https:\/\/zooprekes24.lt\/et\/wp-json\/wp\/v2\/media\/18240"}],"wp:attachment":[{"href":"https:\/\/zooprekes24.lt\/et\/wp-json\/wp\/v2\/media?parent=21878"}],"wp:term":[{"taxonomy":"product_brand","embeddable":true,"href":"https:\/\/zooprekes24.lt\/et\/wp-json\/wp\/v2\/product_brand?post=21878"},{"taxonomy":"product_cat","embeddable":true,"href":"https:\/\/zooprekes24.lt\/et\/wp-json\/wp\/v2\/product_cat?post=21878"},{"taxonomy":"product_tag","embeddable":true,"href":"https:\/\/zooprekes24.lt\/et\/wp-json\/wp\/v2\/product_tag?post=21878"}],"curies":[{"name":"wp","href":"https:\/\/api.w.org\/{rel}","templated":true}]}}