{"id":21877,"date":"2024-04-18T21:17:46","date_gmt":"2024-04-18T18:17:46","guid":{"rendered":"https:\/\/zooprekes24.lt\/produktas\/royal-canin-outdoor\/"},"modified":"2026-02-27T06:55:49","modified_gmt":"2026-02-27T04:55:49","slug":"royal-canin-outdoor","status":"publish","type":"product","link":"https:\/\/zooprekes24.lt\/et\/produktas\/royal-canin-outdoor\/","title":{"rendered":"Royal Canin Outdoor kasside kuivtoit 2 kg"},"content":{"rendered":"<h3>Royal Canin Outdoor &#8211; <a href=\"https:\/\/www.royalcanin.com\/lt\/tailored-nutrition\" target=\"_blank\" rel=\"noopener\">spetsiaalselt tasakaalustatud<\/a> Kuivtoit t\u00e4iskasvanud, sageli \u00f5ues viibivatele v\u00f5i aktiivsetele kassidele vanuses 1-7 aastat. Kassid, kes viibivad sageli \u00f5ues, on v\u00e4ga aktiivsed ja vajavad k\u00f5rgema kalorsusega toitu. Seet\u00f5ttu on selles toidus k\u00f5rge energiasisaldus, et rahuldada aktiivsete kasside vajadusi.<\/h3>\n<ul>\n<li><a href=\"https:\/\/zooprekes24.lt\/et\/kategorija\/prekes-katems\/kulatoit\/sausas-kaciu-maistas\/\" target=\"_blank\" rel=\"noopener\">Royal Canin Outdoor<\/a> Spetsiaalne koostis aitab s\u00e4ilitada teie kassi naha suurep\u00e4rast tervist. Antioks\u00fcdantide kompleks aitab neutraliseerida vabu radikaale ja s\u00e4ilitada rakkude optimaalset tervist.<\/li>\n<li>Toidus sisalduvate toitainete ja rasvhapete (EPA ja DHA) kombinatsioon toetab terveid ja tugevaid liigeseid.<\/li>\n<li><a href=\"https:\/\/www.youtube.com\/watch?v=FYwO1fiYoa8\" target=\"_blank\" rel=\"noopener\">Spetsiaalne valem<\/a> m\u00f5eldud t\u00e4iskasvanud kassi uriinis\u00fcsteemi kaitsmiseks.<\/li>\n<\/ul>\n<p><img loading=\"lazy\" decoding=\"async\" class=\"alignnone wp-image-18205\" src=\"https:\/\/zooprekes24.lt\/wp-content\/uploads\/Outdoor-logo.png\" alt=\"\" width=\"350\" height=\"200\" srcset=\"https:\/\/zooprekes24.lt\/wp-content\/uploads\/Outdoor-logo.png 1064w, https:\/\/zooprekes24.lt\/wp-content\/uploads\/Outdoor-logo-300x171.png 300w, https:\/\/zooprekes24.lt\/wp-content\/uploads\/Outdoor-logo-1024x585.png 1024w, https:\/\/zooprekes24.lt\/wp-content\/uploads\/Outdoor-logo-600x343.png 600w\" sizes=\"auto, (max-width: 350px) 100vw, 350px\" \/><\/p>","protected":false},"excerpt":{"rendered":"<p>Royal Canin Outdoor &#8211; specialiai subalansuotas sausas maistas suaugusioms, da\u017enai b\u016bnan\u010dioms lauke arba aktyvioms kat\u0117ms nuo 1 iki 7 met\u0173 am\u017eiaus. Da\u017enai lauke b\u016bnan\u010dios kat\u0117s yra labai aktyvios, tod\u0117l joms reikia daugiau kalorij\u0173 turin\u010dio maisto. D\u0117l \u0161ios prie\u017easties \u0161is \u0117dalas pasi\u017eymi dideliu energijos kiekiu tam, kad patenkintu aktyvi\u0173 ka\u010di\u0173 poreikius. Royal Canin Outdoor ypatinga maisto&#8230;<\/p>","protected":false},"featured_media":18206,"comment_status":"closed","ping_status":"closed","template":"","meta":{"_acf_changed":false,"slim_seo":{"title":"Royal Canin Outdoor sausas maistas kat\u0117ms 2 kg - Zooprekes24","description":"Royal Canin Outdoor - specialiai subalansuotas sausas maistas suaugusioms, da\u017enai b\u016bnan\u010dioms lauke arba aktyvioms kat\u0117ms nuo 1 iki 7 met\u0173 am\u017eiaus. Da\u017enai lauke"},"iawp_total_views":93},"product_brand":[],"product_cat":[72,83,25,9019,9016],"product_tag":[1675,1899,1682,1696],"class_list":{"0":"post-21877","1":"product","2":"type-product","3":"status-publish","4":"has-post-thumbnail","6":"product_cat-kaciu-maistas","7":"product_cat-kaciu-prekiu-gamintojai","8":"product_cat-katems","9":"product_cat-royal-canin-kaciu-prekiu-gamintojai","10":"product_cat-sausas-maistas-kaciu-maistas","11":"product_tag-kaciu-edalas","12":"product_tag-kaciu-maistas-naminems-katems","13":"product_tag-kaciu-maistas-super-premium-klases","14":"product_tag-super-premium-maistas-katems","15":"pa_pasaro-sudetis-ryziai","16":"pa_pasaro-sudetis-vistiena","17":"pa_prekiu-zenklai-royal-canin","19":"first","20":"instock","21":"sale","22":"featured","23":"taxable","24":"shipping-taxable","25":"purchasable","26":"product-type-simple"},"acf":[],"_links":{"self":[{"href":"https:\/\/zooprekes24.lt\/et\/wp-json\/wp\/v2\/product\/21877","targetHints":{"allow":["GET"]}}],"collection":[{"href":"https:\/\/zooprekes24.lt\/et\/wp-json\/wp\/v2\/product"}],"about":[{"href":"https:\/\/zooprekes24.lt\/et\/wp-json\/wp\/v2\/types\/product"}],"replies":[{"embeddable":true,"href":"https:\/\/zooprekes24.lt\/et\/wp-json\/wp\/v2\/comments?post=21877"}],"wp:featuredmedia":[{"embeddable":true,"href":"https:\/\/zooprekes24.lt\/et\/wp-json\/wp\/v2\/media\/18206"}],"wp:attachment":[{"href":"https:\/\/zooprekes24.lt\/et\/wp-json\/wp\/v2\/media?parent=21877"}],"wp:term":[{"taxonomy":"product_brand","embeddable":true,"href":"https:\/\/zooprekes24.lt\/et\/wp-json\/wp\/v2\/product_brand?post=21877"},{"taxonomy":"product_cat","embeddable":true,"href":"https:\/\/zooprekes24.lt\/et\/wp-json\/wp\/v2\/product_cat?post=21877"},{"taxonomy":"product_tag","embeddable":true,"href":"https:\/\/zooprekes24.lt\/et\/wp-json\/wp\/v2\/product_tag?post=21877"}],"curies":[{"name":"wp","href":"https:\/\/api.w.org\/{rel}","templated":true}]}}