{"id":21876,"date":"2024-04-18T21:17:46","date_gmt":"2024-04-18T18:17:46","guid":{"rendered":"https:\/\/zooprekes24.lt\/produktas\/royal-canin-indoor-appetite-control\/"},"modified":"2025-06-30T16:39:32","modified_gmt":"2025-06-30T14:39:32","slug":"royal-canin-siseruumides-isu-kontrollimiseks","status":"publish","type":"product","link":"https:\/\/zooprekes24.lt\/et\/produktas\/royal-canin-indoor-appetite-control\/","title":{"rendered":"Royal Canin Indoor Appetite Control kasside kuivtoit 2 kg"},"content":{"rendered":"<h3>Royal Canin Indoor Appetite Control - <a href=\"https:\/\/www.royalcanin.com\/lt\/tailored-nutrition\" target=\"_blank\" rel=\"noopener\">spetsiaalselt tasakaalustatud<\/a> kuivtoit t\u00e4iskasvanud kassidele vanuses 1 kuni 7 aastat, kes elavad kodus. Kodus peetavad kassid on v\u00e4hem liikuvad ja kipuvad liigse s\u00f6\u00f6mise t\u00f5ttu kaalus juurde v\u00f5tma. Valemi tasakaalustatud koostisained tagavad, et lemmikloom on rahul ja s\u00e4ilitab ideaalse kaalu.<\/h3>\n<ul>\n<li><a href=\"https:\/\/www.youtube.com\/watch?v=NLmBtyl2bVs\" target=\"_blank\" rel=\"noopener\">Royal Canin Indoor Appetite Control<\/a> Toidus sisalduv valk tagab hea v\u00e4ljaheitekvaliteedi ja v\u00e4hendab ebameeldivaid l\u00f5hnu ning selle kergesti seeditavad omadused muudavad selle maitsvaks ja seedetraktile lihtsaks.<\/li>\n<li>Sisaldab kiudaineid ja hariliku viljapuu kestasid. <a href=\"https:\/\/zooprekes24.lt\/et\/toode\/sanal-anti-karvapall\/\" target=\"_blank\" rel=\"noopener\">karvapallid<\/a> k\u00f5rvaldatakse looduslikult v\u00e4ljaheitega.<\/li>\n<li>Tasakaalustatud toitainesisaldus tagab terve uriinis\u00fcsteemi.<\/li>\n<\/ul>\n<p><img loading=\"lazy\" decoding=\"async\" class=\"alignnone wp-image-18202\" src=\"https:\/\/zooprekes24.lt\/wp-content\/uploads\/Indoor-appetite-control-logo.png\" alt=\"rc-fhn-indoorappetitecontrol-lentele\" width=\"380\" height=\"238\" srcset=\"https:\/\/zooprekes24.lt\/wp-content\/uploads\/Indoor-appetite-control-logo.png 1028w, https:\/\/zooprekes24.lt\/wp-content\/uploads\/Indoor-appetite-control-logo-300x188.png 300w, https:\/\/zooprekes24.lt\/wp-content\/uploads\/Indoor-appetite-control-logo-1024x641.png 1024w, https:\/\/zooprekes24.lt\/wp-content\/uploads\/Indoor-appetite-control-logo-600x376.png 600w\" sizes=\"auto, (max-width: 380px) 100vw, 380px\" \/><\/p>","protected":false},"excerpt":{"rendered":"<p>Royal Canin Indoor Appetite Control &#8211; specialiai subalansuotas sausas maistas, suaugusioms namuose gyvenan\u010dioms kat\u0117ms nuo 1 iki 7 met\u0173 am\u017eiaus. Namuose laikomos kat\u0117s ma\u017eiau juda ir yra linkusios priaugti svorio, nes persivalgo. Sud\u0117tyje esan\u010dios subalansuotos med\u017eiagos u\u017etikrina augintinio sotumo jausm\u0105 palaikant ideal\u0173 svor\u012f. Royal Canin Indoor Appetite Control maisto sud\u0117tyje esantys baltymai u\u017etikrina gera i\u0161mat\u0173&#8230;<\/p>","protected":false},"featured_media":18203,"comment_status":"closed","ping_status":"closed","template":"","meta":{"_acf_changed":false,"slim_seo":{"title":"Royal Canin Indoor Appetite Control sausas maistas kat\u0117ms 2 kg - Zooprekes24","description":"Royal Canin Indoor Appetite Control - specialiai subalansuotas sausas maistas, suaugusioms namuose gyvenan\u010dioms kat\u0117ms nuo 1 iki 7 met\u0173 am\u017eiaus. Namuose laikomo"},"iawp_total_views":65},"product_brand":[],"product_cat":[72,83,25,9019,9016],"product_tag":[1909,1675,1682,1696],"class_list":{"0":"post-21876","1":"product","2":"type-product","3":"status-publish","4":"has-post-thumbnail","6":"product_cat-kaciu-maistas","7":"product_cat-kaciu-prekiu-gamintojai","8":"product_cat-katems","9":"product_cat-royal-canin-kaciu-prekiu-gamintojai","10":"product_cat-sausas-maistas-kaciu-maistas","11":"product_tag-edalas-naminems-katems","12":"product_tag-kaciu-edalas","13":"product_tag-kaciu-maistas-super-premium-klases","14":"product_tag-super-premium-maistas-katems","15":"pa_pasaro-sudetis-ryziai","16":"pa_pasaro-sudetis-vistiena","17":"pa_prekiu-zenklai-royal-canin","19":"first","20":"instock","21":"featured","22":"taxable","23":"shipping-taxable","24":"purchasable","25":"product-type-simple"},"acf":[],"_links":{"self":[{"href":"https:\/\/zooprekes24.lt\/et\/wp-json\/wp\/v2\/product\/21876","targetHints":{"allow":["GET"]}}],"collection":[{"href":"https:\/\/zooprekes24.lt\/et\/wp-json\/wp\/v2\/product"}],"about":[{"href":"https:\/\/zooprekes24.lt\/et\/wp-json\/wp\/v2\/types\/product"}],"replies":[{"embeddable":true,"href":"https:\/\/zooprekes24.lt\/et\/wp-json\/wp\/v2\/comments?post=21876"}],"wp:featuredmedia":[{"embeddable":true,"href":"https:\/\/zooprekes24.lt\/et\/wp-json\/wp\/v2\/media\/18203"}],"wp:attachment":[{"href":"https:\/\/zooprekes24.lt\/et\/wp-json\/wp\/v2\/media?parent=21876"}],"wp:term":[{"taxonomy":"product_brand","embeddable":true,"href":"https:\/\/zooprekes24.lt\/et\/wp-json\/wp\/v2\/product_brand?post=21876"},{"taxonomy":"product_cat","embeddable":true,"href":"https:\/\/zooprekes24.lt\/et\/wp-json\/wp\/v2\/product_cat?post=21876"},{"taxonomy":"product_tag","embeddable":true,"href":"https:\/\/zooprekes24.lt\/et\/wp-json\/wp\/v2\/product_tag?post=21876"}],"curies":[{"name":"wp","href":"https:\/\/api.w.org\/{rel}","templated":true}]}}