{"id":21875,"date":"2024-04-18T21:17:46","date_gmt":"2024-04-18T18:17:46","guid":{"rendered":"https:\/\/zooprekes24.lt\/produktas\/royal-canin-babydog-milk\/"},"modified":"2025-07-04T13:04:23","modified_gmt":"2025-07-04T11:04:23","slug":"royal-canin-babydog-milk","status":"publish","type":"product","link":"https:\/\/zooprekes24.lt\/et\/produktas\/royal-canin-babydog-milk\/","title":{"rendered":"Royal Canin Babydog Milk piimaasendaja kutsikatele 400 g"},"content":{"rendered":"<h3>Royal Canin Babydog Milk &#8211; <a href=\"https:\/\/www.youtube.com\/watch?v=FYwO1fiYoa8\" target=\"_blank\" rel=\"noopener\">spetsiaalselt tasakaalustatud<\/a> Kutsikapiim kutsikate stabiilseks ja harmooniliseks kasvuks. See on energia- ja valgurikas ning peaaegu eristamatu imetava emapiimast. S<span lang=\"en-us\">ristatud kutsikate poolt<\/span><span lang=\"lt-lt\">\u00a0s\u00f6\u00f6tmine s\u00fcnnist kuni v\u00f5\u00f5rutamiseni.<\/span><\/h3>\n<ul>\n<li>Kuni 4 n\u00e4dala vanustele kutsikatele.<\/li>\n<li><a href=\"https:\/\/zooprekes24.lt\/et\/?s=royal+canin&amp;post_type=product\" target=\"_blank\" rel=\"noopener\">Royal Canin<\/a> Babydog Milk sisaldab hoolikalt valitud, h\u00e4sti seeditavaid valke ja laktoosi, mis on praktiliselt eristamatu rinnapiimas leiduvast laktoosist. See piim sobib eriti h\u00e4sti teie kutsika seedetraktile, kuna see ei sisalda t\u00e4rklist (kutsikad ei erita piisavalt am\u00fclaasi t\u00e4rklise seedimiseks). Ja frukto-oligosahhariidi (FOS) lisamine aitab s\u00e4ilitada seedefloora tervislikku tasakaalu.<\/li>\n<li>Lihtne valmistada. Eksklusiivne koostis lahustab piima v\u00e4ga kiiresti ja annab t\u00e4ieliku, settevaba, homogeense piimasegu.<\/li>\n<li>Edasine areng p\u00e4rast s\u00fcndi <a href=\"https:\/\/zooprekes24.lt\/et\/?s=puppy&amp;post_type=product\" target=\"_blank\" rel=\"noopener\">kutsikad<\/a> n\u00e4rvis\u00fcsteem. Rinnapiimas sisalduv looduslik dokosaheksaeenhape aitab kaasa kognitiivsete funktsioonide arengule, mist\u00f5ttu piim on <a href=\"https:\/\/www.royalcanin.com\/lt\/about-us\/quality-and-food-safety\" target=\"_blank\" rel=\"noopener noreferrer\">rikastatud (DHA) happega.<\/a><\/li>\n<li>Pakend sisaldab piimapudelit, 3 nisa ja lusikat t\u00e4pseks doseerimiseks.<\/li>\n<\/ul>\n<p><img loading=\"lazy\" decoding=\"async\" class=\"alignnone wp-image-18078\" src=\"https:\/\/zooprekes24.lt\/wp-content\/uploads\/mini-starter.png\" alt=\"Royal Canin Mini Starter\" width=\"300\" height=\"269\" srcset=\"https:\/\/zooprekes24.lt\/wp-content\/uploads\/mini-starter.png 800w, https:\/\/zooprekes24.lt\/wp-content\/uploads\/mini-starter-300x269.png 300w, https:\/\/zooprekes24.lt\/wp-content\/uploads\/mini-starter-600x538.png 600w\" sizes=\"auto, (max-width: 300px) 100vw, 300px\" \/><\/p>","protected":false},"excerpt":{"rendered":"<p>Royal Canin Babydog Milk &#8211; specialiai subalansuotas pienas \u0161uniukams, kuris skirtas stabiliam ir harmoningam ma\u017eyli\u0173 augimui. Pieno sud\u0117tyje daug energijos ir baltym\u0173 kurie beveik nesiskiria nuo maitinan\u010dios kal\u0117s pieno. Skirta \u0161uniuk\u0173\u00a0maitinimui nuo gimimo iki nujunkymo. Skirta \u0161uniukams iki 4 savai\u010di\u0173 am\u017eiaus. Royal Canin Babydog Milk sud\u0117tyje yra kruop\u0161\u010diai atrinkti, labai gerai vir\u0161kinami baltymai ir laktoz\u0117,&#8230;<\/p>","protected":false},"featured_media":18172,"comment_status":"closed","ping_status":"closed","template":"","meta":{"_acf_changed":false,"slim_seo":{"title":"Royal Canin Babydog Milk pieno pakaitalas \u0161uniukams 400 g - Zooprekes24","description":"Royal Canin Babydog Milk - specialiai subalansuotas pienas \u0161uniukams, kuris skirtas stabiliam ir harmoningam ma\u017eyli\u0173 augimui. Pieno sud\u0117tyje daug energijos ir b"},"iawp_total_views":323},"product_brand":[],"product_cat":[9012,9004,8999,29,31],"product_tag":[],"class_list":{"0":"post-21875","1":"product","2":"type-product","3":"status-publish","4":"has-post-thumbnail","6":"product_cat-royal-canin","7":"product_cat-slapias-maistas","8":"product_cat-sunims","9":"product_cat-sunu-maistas","10":"product_cat-sunu-prekiu-gamintojai","11":"pa_prekiu-zenklai-royal-canin","12":"pa_suns-amzius-jauniems","13":"pa_veisles-dydis-didelems-veislems","14":"pa_veisles-dydis-mazoms-veislems","15":"pa_veisles-dydis-vidutinems-veislems","16":"pa_veisles-dydis-visu-dydziu-veislems","18":"first","19":"instock","20":"featured","21":"taxable","22":"shipping-taxable","23":"purchasable","24":"product-type-simple"},"acf":[],"_links":{"self":[{"href":"https:\/\/zooprekes24.lt\/et\/wp-json\/wp\/v2\/product\/21875","targetHints":{"allow":["GET"]}}],"collection":[{"href":"https:\/\/zooprekes24.lt\/et\/wp-json\/wp\/v2\/product"}],"about":[{"href":"https:\/\/zooprekes24.lt\/et\/wp-json\/wp\/v2\/types\/product"}],"replies":[{"embeddable":true,"href":"https:\/\/zooprekes24.lt\/et\/wp-json\/wp\/v2\/comments?post=21875"}],"wp:featuredmedia":[{"embeddable":true,"href":"https:\/\/zooprekes24.lt\/et\/wp-json\/wp\/v2\/media\/18172"}],"wp:attachment":[{"href":"https:\/\/zooprekes24.lt\/et\/wp-json\/wp\/v2\/media?parent=21875"}],"wp:term":[{"taxonomy":"product_brand","embeddable":true,"href":"https:\/\/zooprekes24.lt\/et\/wp-json\/wp\/v2\/product_brand?post=21875"},{"taxonomy":"product_cat","embeddable":true,"href":"https:\/\/zooprekes24.lt\/et\/wp-json\/wp\/v2\/product_cat?post=21875"},{"taxonomy":"product_tag","embeddable":true,"href":"https:\/\/zooprekes24.lt\/et\/wp-json\/wp\/v2\/product_tag?post=21875"}],"curies":[{"name":"wp","href":"https:\/\/api.w.org\/{rel}","templated":true}]}}