{"id":21873,"date":"2024-04-18T21:17:46","date_gmt":"2024-04-18T18:17:46","guid":{"rendered":"https:\/\/zooprekes24.lt\/produktas\/royal-canin-maxi-joint-care\/"},"modified":"2025-07-07T13:09:37","modified_gmt":"2025-07-07T11:09:37","slug":"royal-canin-maxi-joint-care","status":"publish","type":"product","link":"https:\/\/zooprekes24.lt\/et\/produktas\/royal-canin-maxi-joint-care\/","title":{"rendered":"Royal Canin Maxi Joint Care kuivtoit koertele 10 kg"},"content":{"rendered":"<h3>Royal Canin Maxi Joint Care &#8211; <a href=\"https:\/\/www.royalcanin.com\/lt\/tailored-nutrition\" target=\"_blank\" rel=\"noopener\">spetsiaalselt tasakaalustatud<\/a> Kuivatoit t\u00e4iskasvanud suurt\u00f5ugu koertele (26-44 kg) alates 1-aastasest vanusest. Sobib liigesetundlikele v\u00f5i liigesehaigustega koertele.<\/h3>\n<ul>\n<li>Unikaalne <a href=\"https:\/\/zooprekes24.lt\/et\/kategorija\/prekes-sunims\/koeratoodete-tootjad\/royal-canin-sunims\/\" target=\"_blank\" rel=\"noopener\">Royal Canin Maxi Joint Care<\/a> Koostis on m\u00f5eldud liikumist h\u00f5lbustavaks ning koera heaolu ja tervete liigeste s\u00e4ilitamiseks.<\/li>\n<li>Toidu EPA- ja DHA-rasvhapete kombinatsioon ja eksklusiivne toitainete segu, sealhulgas h\u00fcdrol\u00fc\u00fcsitud kollageen, aitavad tugevdada teie lemmiklooma k\u00f5hre ja s\u00e4ilitada liigeste optimaalset tervist.<\/li>\n<li><a href=\"https:\/\/www.youtube.com\/watch?v=FYwO1fiYoa8&amp;t=9s\" target=\"_blank\" rel=\"noopener\">Spetsiaalne valem<\/a> tugevdab koera kaitsva nahabarj\u00e4\u00e4ri t\u00f5husust.<\/li>\n<li>Spetsiaalsed graanulid. Patenteeritud t\u00fckeldatud toit, mis soodustab n\u00e4rimist ja imendub p\u00e4rast s\u00f6\u00f6mist kaks korda aeglasemalt. Selle tulemusena neelavad eriti suured t\u00f5ud v\u00e4hem \u00f5hku ja kannatavad v\u00e4hem seedeprobleemide all.<\/li>\n<\/ul>\n<p><img loading=\"lazy\" decoding=\"async\" class=\"alignnone wp-image-18154\" src=\"https:\/\/zooprekes24.lt\/wp-content\/uploads\/joint-care.png\" alt=\"\" width=\"300\" height=\"433\" srcset=\"https:\/\/zooprekes24.lt\/wp-content\/uploads\/joint-care.png 617w, https:\/\/zooprekes24.lt\/wp-content\/uploads\/joint-care-208x300.png 208w, https:\/\/zooprekes24.lt\/wp-content\/uploads\/joint-care-600x865.png 600w, https:\/\/zooprekes24.lt\/wp-content\/uploads\/joint-care-416x600.png 416w\" sizes=\"auto, (max-width: 300px) 100vw, 300px\" \/><\/p>","protected":false},"excerpt":{"rendered":"<p>Royal Canin Maxi Joint Care &#8211; specialiai subalansuotas suaugusi\u0173, dideli\u0173 veisli\u0173\u00a0 (nuo 26-44 kg) \u0161un\u0173 sausas maistas nuo 1 met\u0173 am\u017eiaus. Pritaikytas \u0161unims patiriantiems s\u0105nari\u0173 jautrum\u0105 arba susiduriantiems su s\u0105nari\u0173 ligomis. Unikali Royal Canin Maxi Joint Care sud\u0117tis skirta jud\u0117jimui palengvinti ir gerai \u0161uns savijautai ir sveikiems s\u0105nariams palaikyti. Maisto sud\u0117tyje esan\u010dios EPR ir DHR&#8230;<\/p>","protected":false},"featured_media":18155,"comment_status":"closed","ping_status":"closed","template":"","meta":{"_acf_changed":false,"slim_seo":{"title":"Royal Canin Maxi Joint Care sausas maistas \u0161unims 10 kg - Zooprekes24","description":"Royal Canin Maxi Joint Care - specialiai subalansuotas suaugusi\u0173, dideli\u0173 veisli\u0173\u00a0 (nuo 26-44 kg) \u0161un\u0173 sausas maistas nuo 1 met\u0173 am\u017eiaus. Pritaikytas \u0161unims pat"},"iawp_total_views":79},"product_brand":[],"product_cat":[9012,9002,8999,29,31],"product_tag":[177,200],"class_list":{"0":"post-21873","1":"product","2":"type-product","3":"status-publish","4":"has-post-thumbnail","6":"product_cat-royal-canin","7":"product_cat-sausas-maistas","8":"product_cat-sunims","9":"product_cat-sunu-maistas","10":"product_cat-sunu-prekiu-gamintojai","11":"product_tag-edalas-sunims","12":"product_tag-super-premium-maistas-sunims","13":"pa_pasaro-sudetis-ryziai","14":"pa_pasaro-sudetis-vistiena","15":"pa_prekiu-zenklai-royal-canin","16":"pa_suns-amzius-suaugusiems","17":"pa_veisles-dydis-didelems-veislems","19":"first","20":"instock","21":"taxable","22":"shipping-taxable","23":"purchasable","24":"product-type-simple"},"acf":[],"_links":{"self":[{"href":"https:\/\/zooprekes24.lt\/et\/wp-json\/wp\/v2\/product\/21873","targetHints":{"allow":["GET"]}}],"collection":[{"href":"https:\/\/zooprekes24.lt\/et\/wp-json\/wp\/v2\/product"}],"about":[{"href":"https:\/\/zooprekes24.lt\/et\/wp-json\/wp\/v2\/types\/product"}],"replies":[{"embeddable":true,"href":"https:\/\/zooprekes24.lt\/et\/wp-json\/wp\/v2\/comments?post=21873"}],"wp:featuredmedia":[{"embeddable":true,"href":"https:\/\/zooprekes24.lt\/et\/wp-json\/wp\/v2\/media\/18155"}],"wp:attachment":[{"href":"https:\/\/zooprekes24.lt\/et\/wp-json\/wp\/v2\/media?parent=21873"}],"wp:term":[{"taxonomy":"product_brand","embeddable":true,"href":"https:\/\/zooprekes24.lt\/et\/wp-json\/wp\/v2\/product_brand?post=21873"},{"taxonomy":"product_cat","embeddable":true,"href":"https:\/\/zooprekes24.lt\/et\/wp-json\/wp\/v2\/product_cat?post=21873"},{"taxonomy":"product_tag","embeddable":true,"href":"https:\/\/zooprekes24.lt\/et\/wp-json\/wp\/v2\/product_tag?post=21873"}],"curies":[{"name":"wp","href":"https:\/\/api.w.org\/{rel}","templated":true}]}}